{"id":3648,"date":"2020-05-14T07:01:22","date_gmt":"2020-05-14T07:01:22","guid":{"rendered":"https:\/\/abracadabraworld.com\/rolunk\/"},"modified":"2021-01-03T23:23:33","modified_gmt":"2021-01-03T22:23:33","slug":"uber-uns","status":"publish","type":"page","link":"https:\/\/abracadabraworld.com\/de\/uber-uns\/","title":{"rendered":"\u00dcber uns"},"content":{"rendered":"<p>[vc_row css=&#8220;.vc_custom_1591971726699{margin-bottom: 80px !important;}&#8220; el_class=&#8220;about-us&#8220;][vc_column width=&#8220;1\/3&#8243;]<div class=\"ult_row_spacer\"><div class=\"ult-sticky-anchor\"><div class=\"ult-sticky-section ult-sticky \"  data-gutter= '80' data-stick_behaviour= 'stick_with_scroll_row'  data-sticky_position= 'top' data-mobile='no' data-support='no'>[vc_single_image image=&#8220;684&#8243; img_size=&#8220;full&#8220;]<\/div><div class=\"ult-space\"><\/div><\/div><\/div>[\/vc_column][vc_column width=&#8220;1\/2&#8243; offset=&#8220;vc_col-sm-offset-1&#8243;][vc_column_text]<\/p>\n<h3>Judit<\/h3>\n<p>Ich bin haupts\u00e4chlich Mutter. Nicht hauptberuflich und dennoch in allen 24 Stunden des Tages. Ich habe eine 9 Jahre alte Tochter und versuche die perfekte Balance zwischen Kind und Karriere zu finden. Manchmal dr\u00e4ngt mich der Zeitmangel oder das schlechte Gewissen, wenn ich etwas auf den n\u00e4chsten Tag verschiebe. Trotzdem schaffe ich es einigerma\u00dfen, diese H\u00fcrde zu meistern.<\/p>\n<p><strong>Ich war schon Radiomoderatorin, TV-Redakteurin, PR Expertin, Firmenleiterin und Marketingberaterin, dennoch denke ich, dass das Muttersein der schwierigste Berufe von allen ist.<\/strong><\/p>\n<blockquote><p>Ich versuche, die beste Mutter zu sein. Das ist eine riesige Herausforderung. Du kannst es dir ja vorstellen!<\/p><\/blockquote>\n<p>Ich spiele auf einem erschwerten Level. Ich erkl\u00e4re das vielleicht sp\u00e4ter. Momentan befinden sich meine Tochter und ich auf der Grenze von \u201eIch bin noch ein kleines M\u00e4dchen, aber ich bin auch gleich ein kleiner Teenager.\u201d.<\/p>\n<p>Ich kann die Disney Prinzessinnen Lieder alle auswendig und w\u00fcrde man mich aus meinem Schlaf aufwecken, k\u00f6nnte ich die Ponys auch alle voneinander unterscheiden. Meine Tochter und ich zeichnen immer stundenlang zusammen mit der Hilfe von Videos, wir malen und auch das gemeinsame Singen steht t\u00e4glich auf dem Programm. M\u00e4rchen vorlesen und Spiele spielen sind ein freudiges Muss. Und wei\u00dft du, was das Beste ist? Mamas Aufmerksamkeit wird noch immer mehr ben\u00f6tigt, als alles andere. Jedoch dauert dieser Zustand nicht ewig. Daher sch\u00e4tze ich die Zeit, die ich mit meinem Kind verbringen kann.<\/p>\n<p><strong>Hast du auch ein Thema in deinem Leben gehabt, das dich immer wieder gefunden hat, egal was du getan hast?<\/strong><\/p>\n<p>Mir geht es mit Kindern so. Ich habe Radiosendungen f\u00fcr Kinder bearbeitet, Sommercamps geleitet, bin immer noch an der Erstellung einer musikalischen Kinderproduktion beteiligt und ich bin seit 8 Jahren Chefredakteur einer Website f\u00fcr M\u00fctter, die mir auch gro\u00dfe Freude bedeutet.<\/p>\n<p><strong>Ich liebe es, mit Kindern zu sein und sie verstehen zu k\u00f6nnen.<\/strong><\/p>\n<p><strong>In meinem Leben hat sich bisher schon so vieles ver\u00e4ndert.<\/strong><\/p>\n<p><strong>Ich war immer offen auf Neues und das hat mir sehr geholfen.<\/strong><\/p>\n<blockquote><p>Wenn es zu der Erziehung von Kindern kommt, hilft genau diese Offenheit und ich m\u00f6chte auch dich ermutigen, sie zu nutzen. Sei offen! Meine Tochter und ich haben schon unz\u00e4hlige Methoden und Spiele ausprobiert. Wir haben schon so viele eigene Erfahrungen gesammelt.<\/p><\/blockquote>\n<p><strong>Diese Erfahrungen m\u00f6chte ich gerne sammeln, und auch dir zeigen. Ich hoffe, dass du daf\u00fcr auch offen bist.<\/strong><\/p>\n<p>Zu letzter Zeit sind eins meiner pers\u00f6nlichen Erfolge die Urkunden, die zeigen, dass ich als Access Bars und Consciousness Therapeutin in der Lage bin, anderen, wie auch dir, zu helfen. Mein Plan ist es, mir in der Zukunft weitere therapeutische Mittel anzueignen und Menschen auch pers\u00f6nlich helfen zu k\u00f6nnen.<\/p>\n<p><strong>Abracadabra World ist entstanden, um dir einen Zauberstab zu geben. Nachrichten, Tipps, Tricks und Ideen, die dir helfen die nicht gerade gelassenen Momente des Elternseins zu \u00fcberleben. Du bist offen daf\u00fcr, nicht wahr?<\/strong><\/p>\n<p>Das ist kein Hokuspokus, nur ein wenig Abracadabra.[\/vc_column_text][\/vc_column][\/vc_row][vc_row full_width=&#8220;stretch_row&#8220; bg_type=&#8220;bg_color&#8220; css=&#8220;.vc_custom_1592227117875{padding-top: 50px !important;padding-bottom: 40px !important;background-color: #f5ede6 !important;}&#8220; el_class=&#8220;beige-before about-us&#8220;][vc_column width=&#8220;1\/3&#8243;]<div class=\"ult_row_spacer\"><div class=\"ult-sticky-anchor\"><div class=\"ult-sticky-section ult-sticky \"  data-gutter= '80' data-stick_behaviour= 'stick_with_scroll_row'  data-sticky_position= 'top' data-mobile='no' data-support='no'>[vc_single_image image=&#8220;685&#8243; img_size=&#8220;full&#8220;]<\/div><div class=\"ult-space\"><\/div><\/div><\/div>[\/vc_column][vc_column width=&#8220;1\/2&#8243; offset=&#8220;vc_col-sm-offset-1&#8243;][vc_column_text]<\/p>\n<h3>Orsi<\/h3>\n<p><strong>Seitdem ich Mutter geworden bin, ist eins meiner gr\u00f6\u00dften Entt\u00e4uschungen gewesen, dass im wahren Leben nicht alles so passiert, wie es in den Dutzenden B\u00fcchern \u00fcber Kinderpsychologie, die ich fr\u00fcher gelesen habe, gesagt wurde.<\/strong><\/p>\n<p>Ich \u00fcbertreibe ein bisschen. Als ich diese B\u00fccher gelesen habe, schien alles ein bisschen einfacher.<\/p>\n<blockquote><p>Fehlt dir die Berechenbarkeit und das Gef\u00fchl, produktiv zu sein aus deinem Alltag?<\/p><\/blockquote>\n<p>Mir schon. Nat\u00fcrlich haben wir auch einen Tagesablauf. Manchmal verl\u00e4uft es, wie geplant, manchmal nicht. Ich k\u00f6nnte beispielsweise mit einem Tag, wo ich vormittags geduscht, Essen f\u00fcr meinen Mann gekocht und die Klamotten nicht in der Waschmaschine vergessen habe, zufrieden sein. Es stimmt nicht, dass nicht alles so passiert, wie wir es uns vorstellen.<\/p>\n<p>Denk mal nicht \u00fcber mich, dass ich eine ungl\u00fcckliche Mutter bin, die im fleckigen T-Shirt ihrem schelmischen Kind hinterherrennt, weil es nicht auf sie h\u00f6rt.<\/p>\n<p>Aber stell dir eine berufst\u00e4tige Frau vor, die es immer noch liebt, B\u00fccher zu lesen, Yoga zu machen, die in den einfachen Dingen des Lebens und an Slowlife interessiert ist.<\/p>\n<p>Ich bin erst mit 40 Mutter geworden. Ich habe einen Abschluss in Jura und mit 24 haben wir mit, Judit, die auch meine Businesspartnerin beim Abracadabra World ist, unsere Kommunikationsagentur gegr\u00fcndet.\u00a0 Keine von uns beiden hat, als wir M\u00fctter geworden sind, aufgeh\u00f6rt zu arbeiten. Ganz in Gegenteil!<\/p>\n<p>Wir haben nach L\u00f6sungen gesucht, die uns beim Elternsein wirklich weiterhelfen k\u00f6nnen.<\/p>\n<blockquote><p>Es ist im Prinzip sch\u00f6n, ein Kind aufzuziehen und sich auf Forschungen zu beziehen. Jedoch ist es was ganz anderes, wenn man selbst Fragen bez\u00fcglich des eigenen Kindes hat. Dann bleibt keine Zeit mehr \u00fcbrig, um sich nochmal Fachb\u00fccher anzuschauen.<\/p><\/blockquote>\n<p><strong>Wei\u00dft du, was mir immer aus der Patsche geholfen hat? Eine andere Mutter.<\/strong> Eine andere Mutter, die ich vielleicht sogar gar nicht pers\u00f6nlich kannte.<\/p>\n<p>Tracy lebt in Australien und ist die Expertin f\u00fcr Natural Parenting. Ihre Ver\u00f6ffentlichungen haben mich immer beruhigt und versichert, dass mit mir alles in Ordnung ist und dass das Problem nicht an mir liegt.<\/p>\n<p>Aber auch f\u00fcr Amanda und Nicky aus Neu-Seeland werde ich f\u00fcr immer dankbar sein.<\/p>\n<p>Oder Kate, die mir mit ihren revolution\u00e4ren Ideen viel geholfen hat und ich dadurch viel Zeit und Energie sparen konnte.<\/p>\n<p><strong>Ich habe mich Muttergemeinden angeschlossen, wo ich, heute noch, immer schnelle und praktische Unterst\u00fctzung erhalte.<\/strong><\/p>\n<blockquote class=\"color-red\"><p>Abracadabra World ist von uns darum entworfen, Eltern zu helfen, die, wie wir, ebenfalls unter Zeitmangel leiden, Gewissenbissen haben und Effizienz m\u00f6gen.<\/p><\/blockquote>\n<p><strong>Wir alle sind zauberhafte Eltern! Das gilt auch f\u00fcr dich!<\/strong><\/p>\n<p>Wir ben\u00f6tigen manchmal ein paar magische Mittel, Programme, Spiele, Tipps und Tricks. Genau diese teilen wir hier mit euch und bitten euch, sie auch mit uns zu teilen!<\/p>\n<p><strong>Das ist kein Hokuspokus, nur ein bisschen Abracadabra. Das ist die Welt der zauberhaften Eltern.<\/strong>[\/vc_column_text][\/vc_column][\/vc_row]<\/p>\n","protected":false},"excerpt":{"rendered":"<p>[vc_row css=&#8220;.vc_custom_1591971726699{margin-bottom: 80px !important;}&#8220; el_class=&#8220;about-us&#8220;][vc_column width=&#8220;1\/3&#8243;][\/vc_column][vc_column width=&#8220;1\/2&#8243; offset=&#8220;vc_col-sm-offset-1&#8243;][vc_column_text] Judit Ich bin haupts\u00e4chlich Mutter. Nicht hauptberuflich und dennoch in allen 24 Stunden des Tages. Ich habe eine 9 Jahre alte Tochter und versuche die perfekte Balance zwischen Kind und Karriere zu finden. Manchmal dr\u00e4ngt mich der Zeitmangel oder das schlechte Gewissen, wenn ich etwas auf den&hellip;<\/p>\n","protected":false},"author":2,"featured_media":3650,"parent":0,"menu_order":0,"comment_status":"closed","ping_status":"closed","template":"","meta":{"footnotes":""},"class_list":["post-3648","page","type-page","status-publish","has-post-thumbnail","hentry","description-off"],"yoast_head":"<!-- This site is optimized with the Yoast SEO plugin v26.8 - https:\/\/yoast.com\/product\/yoast-seo-wordpress\/ -->\n<title>\u00dcber uns - ABRACADABRAWORLD<\/title>\n<meta name=\"robots\" content=\"index, follow, max-snippet:-1, max-image-preview:large, max-video-preview:-1\" \/>\n<link rel=\"canonical\" href=\"https:\/\/abracadabraworld.com\/de\/uber-uns\/\" \/>\n<meta property=\"og:locale\" content=\"de_DE\" \/>\n<meta property=\"og:type\" content=\"article\" \/>\n<meta property=\"og:title\" content=\"\u00dcber uns - ABRACADABRAWORLD\" \/>\n<meta property=\"og:description\" content=\"[vc_row css=&#8220;.vc_custom_1591971726699{margin-bottom: 80px !important;}&#8220; el_class=&#8220;about-us&#8220;][vc_column width=&#8220;1\/3&#8243;][\/vc_column][vc_column width=&#8220;1\/2&#8243; offset=&#8220;vc_col-sm-offset-1&#8243;][vc_column_text] Judit Ich bin haupts\u00e4chlich Mutter. Nicht hauptberuflich und dennoch in allen 24 Stunden des Tages. Ich habe eine 9 Jahre alte Tochter und versuche die perfekte Balance zwischen Kind und Karriere zu finden. Manchmal dr\u00e4ngt mich der Zeitmangel oder das schlechte Gewissen, wenn ich etwas auf den&hellip;\" \/>\n<meta property=\"og:url\" content=\"https:\/\/abracadabraworld.com\/de\/uber-uns\/\" \/>\n<meta property=\"og:site_name\" content=\"ABRACADABRAWORLD\" \/>\n<meta property=\"article:publisher\" content=\"https:\/\/www.facebook.com\/abracadabraworld\/\" \/>\n<meta property=\"article:modified_time\" content=\"2021-01-03T22:23:33+00:00\" \/>\n<meta property=\"og:image\" content=\"https:\/\/abracadabraworld.com\/wp-content\/uploads\/2020\/10\/abracadabraworld-ismerj-meg-minket.jpg\" \/>\n\t<meta property=\"og:image:width\" content=\"1200\" \/>\n\t<meta property=\"og:image:height\" content=\"630\" \/>\n\t<meta property=\"og:image:type\" content=\"image\/jpeg\" \/>\n<meta name=\"twitter:card\" content=\"summary_large_image\" \/>\n<meta name=\"twitter:label1\" content=\"Gesch\u00e4tzte Lesezeit\" \/>\n\t<meta name=\"twitter:data1\" content=\"5\u00a0Minuten\" \/>\n<script type=\"application\/ld+json\" class=\"yoast-schema-graph\">{\"@context\":\"https:\/\/schema.org\",\"@graph\":[{\"@type\":\"WebPage\",\"@id\":\"https:\/\/abracadabraworld.com\/de\/uber-uns\/\",\"url\":\"https:\/\/abracadabraworld.com\/de\/uber-uns\/\",\"name\":\"\u00dcber uns - ABRACADABRAWORLD\",\"isPartOf\":{\"@id\":\"https:\/\/abracadabraworld.com\/#website\"},\"primaryImageOfPage\":{\"@id\":\"https:\/\/abracadabraworld.com\/de\/uber-uns\/#primaryimage\"},\"image\":{\"@id\":\"https:\/\/abracadabraworld.com\/de\/uber-uns\/#primaryimage\"},\"thumbnailUrl\":\"https:\/\/abracadabraworld.com\/wp-content\/uploads\/2020\/10\/abracadabraworld-ismerj-meg-minket.jpg\",\"datePublished\":\"2020-05-14T07:01:22+00:00\",\"dateModified\":\"2021-01-03T22:23:33+00:00\",\"breadcrumb\":{\"@id\":\"https:\/\/abracadabraworld.com\/de\/uber-uns\/#breadcrumb\"},\"inLanguage\":\"de\",\"potentialAction\":[{\"@type\":\"ReadAction\",\"target\":[\"https:\/\/abracadabraworld.com\/de\/uber-uns\/\"]}]},{\"@type\":\"ImageObject\",\"inLanguage\":\"de\",\"@id\":\"https:\/\/abracadabraworld.com\/de\/uber-uns\/#primaryimage\",\"url\":\"https:\/\/abracadabraworld.com\/wp-content\/uploads\/2020\/10\/abracadabraworld-ismerj-meg-minket.jpg\",\"contentUrl\":\"https:\/\/abracadabraworld.com\/wp-content\/uploads\/2020\/10\/abracadabraworld-ismerj-meg-minket.jpg\",\"width\":1200,\"height\":630},{\"@type\":\"BreadcrumbList\",\"@id\":\"https:\/\/abracadabraworld.com\/de\/uber-uns\/#breadcrumb\",\"itemListElement\":[{\"@type\":\"ListItem\",\"position\":1,\"name\":\"Home\",\"item\":\"https:\/\/abracadabraworld.com\/de\/\"},{\"@type\":\"ListItem\",\"position\":2,\"name\":\"\u00dcber uns\"}]},{\"@type\":\"WebSite\",\"@id\":\"https:\/\/abracadabraworld.com\/#website\",\"url\":\"https:\/\/abracadabraworld.com\/\",\"name\":\"ABRACADABRAWORLD\",\"description\":\"Wir bieten schnelle und instante L\u00f6sungen f\u00fcr Mutter, die unter Zeitmangel leiden. Online programme, herunterladende Digitalmaterialien, M\u00e4rchen und Spiele, unter dem Motto von Mindfulness.\",\"potentialAction\":[{\"@type\":\"SearchAction\",\"target\":{\"@type\":\"EntryPoint\",\"urlTemplate\":\"https:\/\/abracadabraworld.com\/?s={search_term_string}\"},\"query-input\":{\"@type\":\"PropertyValueSpecification\",\"valueRequired\":true,\"valueName\":\"search_term_string\"}}],\"inLanguage\":\"de\"}]}<\/script>\n<!-- \/ Yoast SEO plugin. -->","yoast_head_json":{"title":"\u00dcber uns - ABRACADABRAWORLD","robots":{"index":"index","follow":"follow","max-snippet":"max-snippet:-1","max-image-preview":"max-image-preview:large","max-video-preview":"max-video-preview:-1"},"canonical":"https:\/\/abracadabraworld.com\/de\/uber-uns\/","og_locale":"de_DE","og_type":"article","og_title":"\u00dcber uns - ABRACADABRAWORLD","og_description":"[vc_row css=&#8220;.vc_custom_1591971726699{margin-bottom: 80px !important;}&#8220; el_class=&#8220;about-us&#8220;][vc_column width=&#8220;1\/3&#8243;][\/vc_column][vc_column width=&#8220;1\/2&#8243; offset=&#8220;vc_col-sm-offset-1&#8243;][vc_column_text] Judit Ich bin haupts\u00e4chlich Mutter. Nicht hauptberuflich und dennoch in allen 24 Stunden des Tages. Ich habe eine 9 Jahre alte Tochter und versuche die perfekte Balance zwischen Kind und Karriere zu finden. Manchmal dr\u00e4ngt mich der Zeitmangel oder das schlechte Gewissen, wenn ich etwas auf den&hellip;","og_url":"https:\/\/abracadabraworld.com\/de\/uber-uns\/","og_site_name":"ABRACADABRAWORLD","article_publisher":"https:\/\/www.facebook.com\/abracadabraworld\/","article_modified_time":"2021-01-03T22:23:33+00:00","og_image":[{"width":1200,"height":630,"url":"https:\/\/abracadabraworld.com\/wp-content\/uploads\/2020\/10\/abracadabraworld-ismerj-meg-minket.jpg","type":"image\/jpeg"}],"twitter_card":"summary_large_image","twitter_misc":{"Gesch\u00e4tzte Lesezeit":"5\u00a0Minuten"},"schema":{"@context":"https:\/\/schema.org","@graph":[{"@type":"WebPage","@id":"https:\/\/abracadabraworld.com\/de\/uber-uns\/","url":"https:\/\/abracadabraworld.com\/de\/uber-uns\/","name":"\u00dcber uns - ABRACADABRAWORLD","isPartOf":{"@id":"https:\/\/abracadabraworld.com\/#website"},"primaryImageOfPage":{"@id":"https:\/\/abracadabraworld.com\/de\/uber-uns\/#primaryimage"},"image":{"@id":"https:\/\/abracadabraworld.com\/de\/uber-uns\/#primaryimage"},"thumbnailUrl":"https:\/\/abracadabraworld.com\/wp-content\/uploads\/2020\/10\/abracadabraworld-ismerj-meg-minket.jpg","datePublished":"2020-05-14T07:01:22+00:00","dateModified":"2021-01-03T22:23:33+00:00","breadcrumb":{"@id":"https:\/\/abracadabraworld.com\/de\/uber-uns\/#breadcrumb"},"inLanguage":"de","potentialAction":[{"@type":"ReadAction","target":["https:\/\/abracadabraworld.com\/de\/uber-uns\/"]}]},{"@type":"ImageObject","inLanguage":"de","@id":"https:\/\/abracadabraworld.com\/de\/uber-uns\/#primaryimage","url":"https:\/\/abracadabraworld.com\/wp-content\/uploads\/2020\/10\/abracadabraworld-ismerj-meg-minket.jpg","contentUrl":"https:\/\/abracadabraworld.com\/wp-content\/uploads\/2020\/10\/abracadabraworld-ismerj-meg-minket.jpg","width":1200,"height":630},{"@type":"BreadcrumbList","@id":"https:\/\/abracadabraworld.com\/de\/uber-uns\/#breadcrumb","itemListElement":[{"@type":"ListItem","position":1,"name":"Home","item":"https:\/\/abracadabraworld.com\/de\/"},{"@type":"ListItem","position":2,"name":"\u00dcber uns"}]},{"@type":"WebSite","@id":"https:\/\/abracadabraworld.com\/#website","url":"https:\/\/abracadabraworld.com\/","name":"ABRACADABRAWORLD","description":"Wir bieten schnelle und instante L\u00f6sungen f\u00fcr Mutter, die unter Zeitmangel leiden. Online programme, herunterladende Digitalmaterialien, M\u00e4rchen und Spiele, unter dem Motto von Mindfulness.","potentialAction":[{"@type":"SearchAction","target":{"@type":"EntryPoint","urlTemplate":"https:\/\/abracadabraworld.com\/?s={search_term_string}"},"query-input":{"@type":"PropertyValueSpecification","valueRequired":true,"valueName":"search_term_string"}}],"inLanguage":"de"}]}},"_links":{"self":[{"href":"https:\/\/abracadabraworld.com\/de\/wp-json\/wp\/v2\/pages\/3648","targetHints":{"allow":["GET"]}}],"collection":[{"href":"https:\/\/abracadabraworld.com\/de\/wp-json\/wp\/v2\/pages"}],"about":[{"href":"https:\/\/abracadabraworld.com\/de\/wp-json\/wp\/v2\/types\/page"}],"author":[{"embeddable":true,"href":"https:\/\/abracadabraworld.com\/de\/wp-json\/wp\/v2\/users\/2"}],"replies":[{"embeddable":true,"href":"https:\/\/abracadabraworld.com\/de\/wp-json\/wp\/v2\/comments?post=3648"}],"version-history":[{"count":0,"href":"https:\/\/abracadabraworld.com\/de\/wp-json\/wp\/v2\/pages\/3648\/revisions"}],"wp:featuredmedia":[{"embeddable":true,"href":"https:\/\/abracadabraworld.com\/de\/wp-json\/wp\/v2\/media\/3650"}],"wp:attachment":[{"href":"https:\/\/abracadabraworld.com\/de\/wp-json\/wp\/v2\/media?parent=3648"}],"curies":[{"name":"wp","href":"https:\/\/api.w.org\/{rel}","templated":true}]}}