{"id":3767,"date":"2020-09-21T13:13:52","date_gmt":"2020-09-21T11:13:52","guid":{"rendered":"https:\/\/abracadabraworld.com\/uber-uns\/programjaink\/"},"modified":"2021-04-23T21:31:17","modified_gmt":"2021-04-23T19:31:17","slug":"unsere-programme","status":"publish","type":"page","link":"https:\/\/abracadabraworld.com\/de\/uber-uns\/unsere-programme\/","title":{"rendered":"Unsere Programme"},"content":{"rendered":"<p>[vc_row css=&#8220;.vc_custom_1600689350413{margin-top: 30px !important;}&#8220;][vc_column][vc_row_inner css=&#8220;.vc_custom_1600689296592{margin-bottom: 30px !important;}&#8220;][vc_column_inner width=&#8220;1\/3&#8243; css=&#8220;.vc_custom_1600688931187{margin-bottom: 50px !important;}&#8220;]<style type=\"text\/css\" data-type=\"the7_shortcodes-inline-css\">.shortcode-single-image-wrap.shortcode-single-image-a45958885340caf89832824450e78bc4.enable-bg-rollover .rollover i,\n.shortcode-single-image-wrap.shortcode-single-image-a45958885340caf89832824450e78bc4.enable-bg-rollover .rollover-video i {\n  background: -webkit-linear-gradient();\n  background: linear-gradient();\n}\n.shortcode-single-image-wrap.shortcode-single-image-a45958885340caf89832824450e78bc4 .rollover-icon {\n  font-size: 32px;\n  color: #ffffff;\n  min-width: 44px;\n  min-height: 44px;\n  line-height: 44px;\n  border-radius: 100px;\n  border-style: solid;\n  border-width: 0px;\n}\n.dt-icon-bg-on.shortcode-single-image-wrap.shortcode-single-image-a45958885340caf89832824450e78bc4 .rollover-icon {\n  background: rgba(255,255,255,0.3);\n  box-shadow: none;\n}\n<\/style><div class=\"shortcode-single-image-wrap shortcode-single-image-a45958885340caf89832824450e78bc4 alignnone  disable-bg-rollover dt-icon-bg-off\" style=\"margin-top:0px; margin-bottom:0px; margin-left:0px; margin-right:0px;\"><div class=\"shortcode-single-image\"><div class=\"fancy-media-wrap\" style=\"\"><a href=\"https:\/\/abracadabraworld.com\/shop\/szorongasbol-mosolygas\/\" class=\" layzr-bg rollover\" style=\"\" aria-label=\"Image\"><img fetchpriority=\"high\" decoding=\"async\" class=\"preload-me lazy-load aspect\" src=\"data:image\/svg+xml,%3Csvg%20xmlns%3D&#39;http%3A%2F%2Fwww.w3.org%2F2000%2Fsvg&#39;%20viewBox%3D&#39;0%200%202560%201707&#39;%2F%3E\" data-src=\"https:\/\/abracadabraworld.com\/wp-content\/uploads\/2020\/11\/pexels-josh-willink-701014-scaled.jpg\" data-srcset=\"https:\/\/abracadabraworld.com\/wp-content\/uploads\/2020\/11\/pexels-josh-willink-701014-scaled.jpg 2560w\" loading=\"eager\" style=\"--ratio: 2560 \/ 1707\" sizes=\"(max-width: 2560px) 100vw, 2560px\" width=\"2560\" height=\"1707\"  data-dt-location=\"https:\/\/abracadabraworld.com\/de\/rolunk\/programjaink\/pexels-josh-willink-701014\/\" alt=\"\" \/><\/a><\/div><\/div><\/div>[\/vc_column_inner][vc_column_inner width=&#8220;2\/3&#8243; css=&#8220;.vc_custom_1600688805983{margin-bottom: 50px !important;}&#8220;][vc_column_text]<\/p>\n<h3><a href=\"https:\/\/abracadabraworld.com\/de\/shop\/trauer-bei-kindern\/\">Trauer bei Kindern<\/a><\/h3>\n<h3><\/h3>\n<p><strong>Hast dein Kind einen Verlust erlitten? Wie k\u00f6nntest du ihm helfen?\u00a0 Spannungsabbauende \u00dcbungen, erhebende Reime, seelenheilende Geschichten und Rezepte, eine EQ-entwickelnde Emotionskarte mit Hasenfiguren. Es hilft sich ein bisschen befreien, schwere Zeiten loszulassen, wenn es keine W\u00f6rter mehr helfen.<\/strong>[\/vc_column_text]<style type=\"text\/css\" data-type=\"the7_shortcodes-inline-css\">#default-btn-8b486d83f923fb2cc46fdcc67b787edc.ico-right-side > i {\n  margin-right: 0px;\n  margin-left: 8px;\n}\n#default-btn-8b486d83f923fb2cc46fdcc67b787edc > i {\n  margin-right: 8px;\n}\n<\/style><a href=\"https:\/\/abracadabraworld.com\/de\/shop\/trauer-bei-kindern\/\" class=\"default-btn-shortcode dt-btn dt-btn-m link-hover-off btn-inline-left \" id=\"default-btn-8b486d83f923fb2cc46fdcc67b787edc\" title=\"Szorong\u00e1sb\u00f3l mosolyg\u00e1s\"><span>Interessiert mich<\/span><\/a>[\/vc_column_inner][\/vc_row_inner][vc_row_inner css=&#8220;.vc_custom_1600689318447{margin-bottom: 30px !important;}&#8220;][vc_column_inner width=&#8220;1\/3&#8243; css=&#8220;.vc_custom_1600688794599{margin-bottom: 50px !important;}&#8220;]<style type=\"text\/css\" data-type=\"the7_shortcodes-inline-css\">.shortcode-single-image-wrap.shortcode-single-image-5f8aab0a708b56157ab9ab8faaa17d1a.enable-bg-rollover .rollover i,\n.shortcode-single-image-wrap.shortcode-single-image-5f8aab0a708b56157ab9ab8faaa17d1a.enable-bg-rollover .rollover-video i {\n  background: -webkit-linear-gradient();\n  background: linear-gradient();\n}\n.shortcode-single-image-wrap.shortcode-single-image-5f8aab0a708b56157ab9ab8faaa17d1a .rollover-icon {\n  font-size: 32px;\n  color: #ffffff;\n  min-width: 44px;\n  min-height: 44px;\n  line-height: 44px;\n  border-radius: 100px;\n  border-style: solid;\n  border-width: 0px;\n}\n.dt-icon-bg-on.shortcode-single-image-wrap.shortcode-single-image-5f8aab0a708b56157ab9ab8faaa17d1a .rollover-icon {\n  background: rgba(255,255,255,0.3);\n  box-shadow: none;\n}\n<\/style><div class=\"shortcode-single-image-wrap shortcode-single-image-5f8aab0a708b56157ab9ab8faaa17d1a alignnone  disable-bg-rollover dt-icon-bg-off\" style=\"margin-top:0px; margin-bottom:0px; margin-left:0px; margin-right:0px;\"><div class=\"shortcode-single-image\"><div class=\"fancy-media-wrap\" style=\"\"><a href=\"https:\/\/abracadabraworld.com\/shop\/ovd-a-foldanyat\/\" class=\" layzr-bg rollover\" style=\"\" aria-label=\"Image\"><img decoding=\"async\" class=\"preload-me lazy-load aspect\" src=\"data:image\/svg+xml,%3Csvg%20xmlns%3D&#39;http%3A%2F%2Fwww.w3.org%2F2000%2Fsvg&#39;%20viewBox%3D&#39;0%200%202560%201709&#39;%2F%3E\" data-src=\"https:\/\/abracadabraworld.com\/wp-content\/uploads\/2020\/05\/7010796_xl-scaled.jpg\" data-srcset=\"https:\/\/abracadabraworld.com\/wp-content\/uploads\/2020\/05\/7010796_xl-scaled.jpg 2560w\" loading=\"eager\" style=\"--ratio: 2560 \/ 1709\" sizes=\"(max-width: 2560px) 100vw, 2560px\" width=\"2560\" height=\"1709\"  data-dt-location=\"https:\/\/abracadabraworld.com\/de\/a-legjobbat-akarod-a-gyerekednek-hagyd-egyedul\/7010796_xl\/\" alt=\"\" \/><\/a><\/div><\/div><\/div>[\/vc_column_inner][vc_column_inner width=&#8220;2\/3&#8243; css=&#8220;.vc_custom_1600688805983{margin-bottom: 50px !important;}&#8220;][vc_column_text]<\/p>\n<h3><a href=\"https:\/\/abracadabraworld.com\/de\/shop\/beschutze-mutter-erde\/\/\">Besch\u00fctze Mutter Erde!<\/a><\/h3>\n<p><strong>Ein 4-Wochenplan f\u00fcr die ganze Familie, f\u00fcr alle Monate im Jahr. Wie k\u00f6nnen wir bewusst auf die Erde und die Umwelt aufpassen? <\/strong>[\/vc_column_text]<style type=\"text\/css\" data-type=\"the7_shortcodes-inline-css\">#default-btn-b2659247fcf074d9af4d39fa593dcb2e.ico-right-side > i {\n  margin-right: 0px;\n  margin-left: 8px;\n}\n#default-btn-b2659247fcf074d9af4d39fa593dcb2e > i {\n  margin-right: 8px;\n}\n<\/style><a href=\"https:\/\/abracadabraworld.com\/de\/shop\/beschutze-mutter-erde\/\" class=\"default-btn-shortcode dt-btn dt-btn-m link-hover-off btn-inline-left \" id=\"default-btn-b2659247fcf074d9af4d39fa593dcb2e\" title=\"\u00d3vd a F\u00f6ldany\u00e1t!\"><span>Interessiert mich<\/span><\/a>[\/vc_column_inner][\/vc_row_inner][vc_row_inner css=&#8220;.vc_custom_1600689296592{margin-bottom: 30px !important;}&#8220;][vc_column_inner width=&#8220;1\/3&#8243; css=&#8220;.vc_custom_1600688931187{margin-bottom: 50px !important;}&#8220;]<style type=\"text\/css\" data-type=\"the7_shortcodes-inline-css\">.shortcode-single-image-wrap.shortcode-single-image-7c2cdf16bf4d2bda36e889cb8e639c5e.enable-bg-rollover .rollover i,\n.shortcode-single-image-wrap.shortcode-single-image-7c2cdf16bf4d2bda36e889cb8e639c5e.enable-bg-rollover .rollover-video i {\n  background: -webkit-linear-gradient();\n  background: linear-gradient();\n}\n.shortcode-single-image-wrap.shortcode-single-image-7c2cdf16bf4d2bda36e889cb8e639c5e .rollover-icon {\n  font-size: 32px;\n  color: #ffffff;\n  min-width: 44px;\n  min-height: 44px;\n  line-height: 44px;\n  border-radius: 100px;\n  border-style: solid;\n  border-width: 0px;\n}\n.dt-icon-bg-on.shortcode-single-image-wrap.shortcode-single-image-7c2cdf16bf4d2bda36e889cb8e639c5e .rollover-icon {\n  background: rgba(255,255,255,0.3);\n  box-shadow: none;\n}\n<\/style><div class=\"shortcode-single-image-wrap shortcode-single-image-7c2cdf16bf4d2bda36e889cb8e639c5e alignnone  disable-bg-rollover dt-icon-bg-off\" style=\"margin-top:0px; margin-bottom:0px; margin-left:0px; margin-right:0px;\"><div class=\"shortcode-single-image\"><div class=\"fancy-media-wrap\" style=\"\"><a href=\"https:\/\/abracadabraworld.com\/shop\/szorongasbol-mosolygas\/\" class=\" layzr-bg rollover\" style=\"\" aria-label=\"Image\"><img decoding=\"async\" class=\"preload-me lazy-load aspect\" src=\"data:image\/svg+xml,%3Csvg%20xmlns%3D&#39;http%3A%2F%2Fwww.w3.org%2F2000%2Fsvg&#39;%20viewBox%3D&#39;0%200%20800%20523&#39;%2F%3E\" data-src=\"https:\/\/abracadabraworld.com\/wp-content\/uploads\/2020\/05\/varazslatos-szulok-1.jpg\" data-srcset=\"https:\/\/abracadabraworld.com\/wp-content\/uploads\/2020\/05\/varazslatos-szulok-1.jpg 800w\" loading=\"eager\" style=\"--ratio: 800 \/ 523\" sizes=\"(max-width: 800px) 100vw, 800px\" width=\"800\" height=\"523\"  data-dt-location=\"https:\/\/abracadabraworld.com\/de\/a-varazslatos-szuloseg-csodalatos-vilaga\/varazslatos-szulok-2\/\" alt=\"\" \/><\/a><\/div><\/div><\/div>[\/vc_column_inner][vc_column_inner width=&#8220;2\/3&#8243; css=&#8220;.vc_custom_1600688805983{margin-bottom: 50px !important;}&#8220;][vc_column_text]<\/p>\n<h3><a href=\"https:\/\/abracadabraworld.com\/de\/shop\/von-angst-bis-laecheln\/\">Von Angst zu L\u00e4cheln<\/a><\/h3>\n<p><strong>Wie kannst du die seelische Gesundheit deines Kindes sch\u00fctzen, wenn es doch so viel Unsicherheit in dieser Welt gibt? Spiele gegen Beklommenheit, Meditationen, die die Sorgen vertreiben, ermunternde Geschichten, Turbo-K\u00fcche und Dutzend andere Tipps und Tricks alle an einer Stelle.<\/strong>[\/vc_column_text]<style type=\"text\/css\" data-type=\"the7_shortcodes-inline-css\">#default-btn-206de415aacbc751ad2810e4d5fa60cc.ico-right-side > i {\n  margin-right: 0px;\n  margin-left: 8px;\n}\n#default-btn-206de415aacbc751ad2810e4d5fa60cc > i {\n  margin-right: 8px;\n}\n<\/style><a href=\"https:\/\/abracadabraworld.com\/de\/shop\/von-angst-zum-laecheln\/\" class=\"default-btn-shortcode dt-btn dt-btn-m link-hover-off btn-inline-left \" id=\"default-btn-206de415aacbc751ad2810e4d5fa60cc\" title=\"Szorong\u00e1sb\u00f3l mosolyg\u00e1s\"><span>Interessiert mich<\/span><\/a>[\/vc_column_inner][\/vc_row_inner][\/vc_column][\/vc_row]<\/p>\n","protected":false},"excerpt":{"rendered":"<p>[vc_row css=&#8220;.vc_custom_1600689350413{margin-top: 30px !important;}&#8220;][vc_column][vc_row_inner css=&#8220;.vc_custom_1600689296592{margin-bottom: 30px !important;}&#8220;][vc_column_inner width=&#8220;1\/3&#8243; css=&#8220;.vc_custom_1600688931187{margin-bottom: 50px !important;}&#8220;][\/vc_column_inner][vc_column_inner width=&#8220;2\/3&#8243; css=&#8220;.vc_custom_1600688805983{margin-bottom: 50px !important;}&#8220;][vc_column_text] Trauer bei Kindern Hast dein Kind einen Verlust erlitten? Wie k\u00f6nntest du ihm helfen?\u00a0 Spannungsabbauende \u00dcbungen, erhebende Reime, seelenheilende Geschichten und Rezepte, eine EQ-entwickelnde Emotionskarte mit Hasenfiguren. Es hilft sich ein bisschen befreien, schwere Zeiten loszulassen, wenn es keine W\u00f6rter&hellip;<\/p>\n","protected":false},"author":2,"featured_media":0,"parent":3648,"menu_order":0,"comment_status":"closed","ping_status":"closed","template":"","meta":{"footnotes":""},"class_list":["post-3767","page","type-page","status-publish","hentry","description-off"],"yoast_head":"<!-- This site is optimized with the Yoast SEO plugin v26.8 - https:\/\/yoast.com\/product\/yoast-seo-wordpress\/ -->\n<title>Unsere Programme - ABRACADABRAWORLD<\/title>\n<meta name=\"robots\" content=\"index, follow, max-snippet:-1, max-image-preview:large, max-video-preview:-1\" \/>\n<link rel=\"canonical\" href=\"https:\/\/abracadabraworld.com\/de\/uber-uns\/unsere-programme\/\" \/>\n<meta property=\"og:locale\" content=\"de_DE\" \/>\n<meta property=\"og:type\" content=\"article\" \/>\n<meta property=\"og:title\" content=\"Unsere Programme - ABRACADABRAWORLD\" \/>\n<meta property=\"og:description\" content=\"[vc_row css=&#8220;.vc_custom_1600689350413{margin-top: 30px !important;}&#8220;][vc_column][vc_row_inner css=&#8220;.vc_custom_1600689296592{margin-bottom: 30px !important;}&#8220;][vc_column_inner width=&#8220;1\/3&#8243; css=&#8220;.vc_custom_1600688931187{margin-bottom: 50px !important;}&#8220;][\/vc_column_inner][vc_column_inner width=&#8220;2\/3&#8243; css=&#8220;.vc_custom_1600688805983{margin-bottom: 50px !important;}&#8220;][vc_column_text] Trauer bei Kindern Hast dein Kind einen Verlust erlitten? Wie k\u00f6nntest du ihm helfen?\u00a0 Spannungsabbauende \u00dcbungen, erhebende Reime, seelenheilende Geschichten und Rezepte, eine EQ-entwickelnde Emotionskarte mit Hasenfiguren. Es hilft sich ein bisschen befreien, schwere Zeiten loszulassen, wenn es keine W\u00f6rter&hellip;\" \/>\n<meta property=\"og:url\" content=\"https:\/\/abracadabraworld.com\/de\/uber-uns\/unsere-programme\/\" \/>\n<meta property=\"og:site_name\" content=\"ABRACADABRAWORLD\" \/>\n<meta property=\"article:publisher\" content=\"https:\/\/www.facebook.com\/abracadabraworld\/\" \/>\n<meta property=\"article:modified_time\" content=\"2021-04-23T19:31:17+00:00\" \/>\n<meta name=\"twitter:card\" content=\"summary_large_image\" \/>\n<meta name=\"twitter:label1\" content=\"Gesch\u00e4tzte Lesezeit\" \/>\n\t<meta name=\"twitter:data1\" content=\"1\u00a0Minute\" \/>\n<script type=\"application\/ld+json\" class=\"yoast-schema-graph\">{\"@context\":\"https:\/\/schema.org\",\"@graph\":[{\"@type\":\"WebPage\",\"@id\":\"https:\/\/abracadabraworld.com\/de\/uber-uns\/unsere-programme\/\",\"url\":\"https:\/\/abracadabraworld.com\/de\/uber-uns\/unsere-programme\/\",\"name\":\"Unsere Programme - ABRACADABRAWORLD\",\"isPartOf\":{\"@id\":\"https:\/\/abracadabraworld.com\/#website\"},\"datePublished\":\"2020-09-21T11:13:52+00:00\",\"dateModified\":\"2021-04-23T19:31:17+00:00\",\"breadcrumb\":{\"@id\":\"https:\/\/abracadabraworld.com\/de\/uber-uns\/unsere-programme\/#breadcrumb\"},\"inLanguage\":\"de\",\"potentialAction\":[{\"@type\":\"ReadAction\",\"target\":[\"https:\/\/abracadabraworld.com\/de\/uber-uns\/unsere-programme\/\"]}]},{\"@type\":\"BreadcrumbList\",\"@id\":\"https:\/\/abracadabraworld.com\/de\/uber-uns\/unsere-programme\/#breadcrumb\",\"itemListElement\":[{\"@type\":\"ListItem\",\"position\":1,\"name\":\"Home\",\"item\":\"https:\/\/abracadabraworld.com\/de\/\"},{\"@type\":\"ListItem\",\"position\":2,\"name\":\"\u00dcber uns\",\"item\":\"https:\/\/abracadabraworld.com\/de\/uber-uns\/\"},{\"@type\":\"ListItem\",\"position\":3,\"name\":\"Unsere Programme\"}]},{\"@type\":\"WebSite\",\"@id\":\"https:\/\/abracadabraworld.com\/#website\",\"url\":\"https:\/\/abracadabraworld.com\/\",\"name\":\"ABRACADABRAWORLD\",\"description\":\"Wir bieten schnelle und instante L\u00f6sungen f\u00fcr Mutter, die unter Zeitmangel leiden. Online programme, herunterladende Digitalmaterialien, M\u00e4rchen und Spiele, unter dem Motto von Mindfulness.\",\"potentialAction\":[{\"@type\":\"SearchAction\",\"target\":{\"@type\":\"EntryPoint\",\"urlTemplate\":\"https:\/\/abracadabraworld.com\/?s={search_term_string}\"},\"query-input\":{\"@type\":\"PropertyValueSpecification\",\"valueRequired\":true,\"valueName\":\"search_term_string\"}}],\"inLanguage\":\"de\"}]}<\/script>\n<!-- \/ Yoast SEO plugin. -->","yoast_head_json":{"title":"Unsere Programme - ABRACADABRAWORLD","robots":{"index":"index","follow":"follow","max-snippet":"max-snippet:-1","max-image-preview":"max-image-preview:large","max-video-preview":"max-video-preview:-1"},"canonical":"https:\/\/abracadabraworld.com\/de\/uber-uns\/unsere-programme\/","og_locale":"de_DE","og_type":"article","og_title":"Unsere Programme - ABRACADABRAWORLD","og_description":"[vc_row css=&#8220;.vc_custom_1600689350413{margin-top: 30px !important;}&#8220;][vc_column][vc_row_inner css=&#8220;.vc_custom_1600689296592{margin-bottom: 30px !important;}&#8220;][vc_column_inner width=&#8220;1\/3&#8243; css=&#8220;.vc_custom_1600688931187{margin-bottom: 50px !important;}&#8220;][\/vc_column_inner][vc_column_inner width=&#8220;2\/3&#8243; css=&#8220;.vc_custom_1600688805983{margin-bottom: 50px !important;}&#8220;][vc_column_text] Trauer bei Kindern Hast dein Kind einen Verlust erlitten? Wie k\u00f6nntest du ihm helfen?\u00a0 Spannungsabbauende \u00dcbungen, erhebende Reime, seelenheilende Geschichten und Rezepte, eine EQ-entwickelnde Emotionskarte mit Hasenfiguren. Es hilft sich ein bisschen befreien, schwere Zeiten loszulassen, wenn es keine W\u00f6rter&hellip;","og_url":"https:\/\/abracadabraworld.com\/de\/uber-uns\/unsere-programme\/","og_site_name":"ABRACADABRAWORLD","article_publisher":"https:\/\/www.facebook.com\/abracadabraworld\/","article_modified_time":"2021-04-23T19:31:17+00:00","twitter_card":"summary_large_image","twitter_misc":{"Gesch\u00e4tzte Lesezeit":"1\u00a0Minute"},"schema":{"@context":"https:\/\/schema.org","@graph":[{"@type":"WebPage","@id":"https:\/\/abracadabraworld.com\/de\/uber-uns\/unsere-programme\/","url":"https:\/\/abracadabraworld.com\/de\/uber-uns\/unsere-programme\/","name":"Unsere Programme - ABRACADABRAWORLD","isPartOf":{"@id":"https:\/\/abracadabraworld.com\/#website"},"datePublished":"2020-09-21T11:13:52+00:00","dateModified":"2021-04-23T19:31:17+00:00","breadcrumb":{"@id":"https:\/\/abracadabraworld.com\/de\/uber-uns\/unsere-programme\/#breadcrumb"},"inLanguage":"de","potentialAction":[{"@type":"ReadAction","target":["https:\/\/abracadabraworld.com\/de\/uber-uns\/unsere-programme\/"]}]},{"@type":"BreadcrumbList","@id":"https:\/\/abracadabraworld.com\/de\/uber-uns\/unsere-programme\/#breadcrumb","itemListElement":[{"@type":"ListItem","position":1,"name":"Home","item":"https:\/\/abracadabraworld.com\/de\/"},{"@type":"ListItem","position":2,"name":"\u00dcber uns","item":"https:\/\/abracadabraworld.com\/de\/uber-uns\/"},{"@type":"ListItem","position":3,"name":"Unsere Programme"}]},{"@type":"WebSite","@id":"https:\/\/abracadabraworld.com\/#website","url":"https:\/\/abracadabraworld.com\/","name":"ABRACADABRAWORLD","description":"Wir bieten schnelle und instante L\u00f6sungen f\u00fcr Mutter, die unter Zeitmangel leiden. Online programme, herunterladende Digitalmaterialien, M\u00e4rchen und Spiele, unter dem Motto von Mindfulness.","potentialAction":[{"@type":"SearchAction","target":{"@type":"EntryPoint","urlTemplate":"https:\/\/abracadabraworld.com\/?s={search_term_string}"},"query-input":{"@type":"PropertyValueSpecification","valueRequired":true,"valueName":"search_term_string"}}],"inLanguage":"de"}]}},"_links":{"self":[{"href":"https:\/\/abracadabraworld.com\/de\/wp-json\/wp\/v2\/pages\/3767","targetHints":{"allow":["GET"]}}],"collection":[{"href":"https:\/\/abracadabraworld.com\/de\/wp-json\/wp\/v2\/pages"}],"about":[{"href":"https:\/\/abracadabraworld.com\/de\/wp-json\/wp\/v2\/types\/page"}],"author":[{"embeddable":true,"href":"https:\/\/abracadabraworld.com\/de\/wp-json\/wp\/v2\/users\/2"}],"replies":[{"embeddable":true,"href":"https:\/\/abracadabraworld.com\/de\/wp-json\/wp\/v2\/comments?post=3767"}],"version-history":[{"count":0,"href":"https:\/\/abracadabraworld.com\/de\/wp-json\/wp\/v2\/pages\/3767\/revisions"}],"up":[{"embeddable":true,"href":"https:\/\/abracadabraworld.com\/de\/wp-json\/wp\/v2\/pages\/3648"}],"wp:attachment":[{"href":"https:\/\/abracadabraworld.com\/de\/wp-json\/wp\/v2\/media?parent=3767"}],"curies":[{"name":"wp","href":"https:\/\/api.w.org\/{rel}","templated":true}]}}