{"id":3850,"date":"2020-08-25T12:47:46","date_gmt":"2020-08-25T10:47:46","guid":{"rendered":"https:\/\/abracadabraworld.com\/geben-tut-gut\/pillango-fejlesztesek\/"},"modified":"2021-01-06T23:38:26","modified_gmt":"2021-01-06T22:38:26","slug":"schmetterling-entwicklungen","status":"publish","type":"page","link":"https:\/\/abracadabraworld.com\/de\/geben-tut-gut\/schmetterling-entwicklungen\/","title":{"rendered":"Schmetterling-Entwicklungen"},"content":{"rendered":"<p>[vc_row css=&#8220;.vc_custom_1598355621825{margin-top: 80px !important;}&#8220;][vc_column width=&#8220;1\/3&#8243;]<style type=\"text\/css\" data-type=\"the7_shortcodes-inline-css\">.shortcode-single-image-wrap.shortcode-single-image-3a02b9469d9941121c5c192c2d99167e.enable-bg-rollover .rollover i,\n.shortcode-single-image-wrap.shortcode-single-image-3a02b9469d9941121c5c192c2d99167e.enable-bg-rollover .rollover-video i {\n  background: -webkit-linear-gradient();\n  background: linear-gradient();\n}\n.shortcode-single-image-wrap.shortcode-single-image-3a02b9469d9941121c5c192c2d99167e .rollover-icon {\n  font-size: 32px;\n  color: #ffffff;\n  min-width: 44px;\n  min-height: 44px;\n  line-height: 44px;\n  border-radius: 100px;\n  border-style: solid;\n  border-width: 0px;\n}\n.dt-icon-bg-on.shortcode-single-image-wrap.shortcode-single-image-3a02b9469d9941121c5c192c2d99167e .rollover-icon {\n  background: rgba(255,255,255,0.3);\n  box-shadow: none;\n}\n<\/style><div class=\"shortcode-single-image-wrap shortcode-single-image-3a02b9469d9941121c5c192c2d99167e alignnone  enable-bg-rollover dt-icon-bg-off\" style=\"margin-top:0px; margin-bottom:0px; margin-left:0px; margin-right:0px; width:467px;\"><div class=\"shortcode-single-image\"><div class=\"fancy-media-wrap  layzr-bg\" style=\"\"><img fetchpriority=\"high\" decoding=\"async\" class=\"preload-me lazy-load aspect\" src=\"data:image\/svg+xml,%3Csvg%20xmlns%3D&#39;http%3A%2F%2Fwww.w3.org%2F2000%2Fsvg&#39;%20viewBox%3D&#39;0%200%20467%20435&#39;%2F%3E\" data-src=\"https:\/\/abracadabraworld.com\/wp-content\/uploads\/2020\/08\/pillango-kert.png\" data-srcset=\"https:\/\/abracadabraworld.com\/wp-content\/uploads\/2020\/08\/pillango-kert.png 467w\" loading=\"eager\" sizes=\"(max-width: 467px) 100vw, 467px\" width=\"467\" height=\"435\"  data-dt-location=\"https:\/\/abracadabraworld.com\/de\/shop\/pillango-kert\/\" style=\"--ratio: 467 \/ 435;\" alt=\"\" \/><\/div><\/div><\/div><div class=\"ult-spacer spacer-69ed19057b956\" data-id=\"69ed19057b956\" data-height=\"0\" data-height-mobile=\"50\" data-height-tab=\"50\" data-height-tab-portrait=\"50\" data-height-mobile-landscape=\"50\" style=\"clear:both;display:block;\"><\/div>[\/vc_column][vc_column width=&#8220;7\/12&#8243; offset=&#8220;vc_col-sm-offset-1&#8243;]<div class=\"standard-arrow bullet-top\"><h3 style=\"color: #0fb4bd;\">Warum die Schmetterling G\u00e4rten?<\/h3>\n<ul>\n<li>Denn sonst w\u00e4re kein frisches Gem\u00fcse auf diesen Tischen<\/li>\n<li>Weil wir glauben, dass wir einige Schicksale ver\u00e4ndern k\u00f6nnen<\/li>\n<li>Weil dieses so ein Programm ist, wo sich Umweltschutz, gesundes Lebensstil und Schaffung der Arbeit vereinigt<\/li>\n<\/ul>\n<\/div>[vc_column_text css=&#8220;.vc_custom_1609955681993{margin-top: 30px !important;}&#8220;]<\/p>\n<h3 style=\"color: #5ea8d1;\">Was sind die Schmetterling G\u00e4rten?<\/h3>\n<p>Die Schmetterling G\u00e4rten sind dankbar der T\u00e4tigkeit des Verbandes &#8222;Schmetterling-Entwicklungen&#8220; entstanden und aktivisiert. Dieses \u00f6kologische, kommunale Landwirtschaftsmodell wurde speziell f\u00fcr benachteiliigte kleine Siedlungen entwickelt. Das Programm hat im Jahre 2010 den ungarischen Preis des Social Business Idea Competition gewonnen, der von dem mit dem Nobelpreis ausgezeichneten Wirtschaftsprofessor Mohammed Yunus gegr\u00fcndet wurde, dessen Name mit der Entwicklung des Social Business verbunden ist.<\/p>\n<p>Die Schmetterling G\u00e4rten arbeiten schon in verschiedenen Siedlungen: in Nagydobos, Szalaszend, \u00c1rokt\u0151, Edel\u00e9ny, Hej\u0151kereszt\u00far und Saj\u00f3kereszt\u00far wird auch zur Zeit viel frisches Gem\u00fcse angebaut. Fr\u00fchere Erfahrungen sind schon von dem Gartenbau in den Siedlungen Hej\u0151szalonta, Hej\u0151kereszt\u00far, B\u00fckkaranyos, \u00c1rokt\u0151, Edel\u00e9ny, P\u00e1nd, Szirmabeseny\u0151, Saj\u00f3v\u00e1mos, Saj\u00f3senye, Saj\u00f3ecseg, Saj\u00f3b\u00e1bony und Szalaszend gesammelt worden.[\/vc_column_text]<div class=\"ult-spacer spacer-69ed19057bac0\" data-id=\"69ed19057bac0\" data-height=\"150\" data-height-mobile=\"80\" data-height-tab=\"80\" data-height-tab-portrait=\"80\" data-height-mobile-landscape=\"80\" style=\"clear:both;display:block;\"><\/div>[\/vc_column][\/vc_row][vc_row full_width=&#8220;stretch_row&#8220; bg_type=&#8220;bg_color&#8220; el_class=&#8220;beige-before beige-after&#8220; css=&#8220;.vc_custom_1598356874937{padding-top: 100px !important;background-color: #f6ede6 !important;}&#8220;][vc_column width=&#8220;1\/3&#8243;][vc_column_text]<\/p>\n<h4 style=\"color: #ad362b; text-align: center;\">Was passiert in einem kommunalen Garten ohne Chemikalien?<\/h4>\n<p style=\"text-align: center;\">Der Verband &#8222;Schmetterling-Entwicklungen&#8220; forscht und eduziert mehrere Gebiete der nachhaltigen Lebensf\u00fchrung. In den letzten Jahren haben sie die gr\u00f6sste Aufmerksamkeit dem chemiefreien Gartenanbau gewidmet. In ihren kommunalen G\u00e4rten haben sie f\u00fcr Grundanlagen vom Gartenanbau den, in tiefer Armut lebenden Menschen beigebracht. Sie haben es gezeigt, wie man s\u00e4t, verpflanzt und Fruchtwechsel plant. Die Teilnehmer wurden in den Prozess von Mulchen und in die chemiefreie Sch\u00e4dlingsbek\u00e4mpfung eingef\u00fchrt. Sie haben zusammen einen Komposter aufgebaut und brachten ihnen dazwischen dann bei, was man einsetzen darf und wie man den Kompost verwenden sollte. Am Ende jeder Saison konnten die neue G\u00e4rtner auch selbst schon gewisse Gem\u00fcsearten anbauen.<\/p>\n<p>[\/vc_column_text][\/vc_column][vc_column width=&#8220;1\/3&#8243;][vc_column_text]<\/p>\n<h4 style=\"color: #0fb4bd; text-align: center;\">Wie wird die K\u00fcche gr\u00fcner?<\/h4>\n<p style=\"text-align: center;\">Die Nachhaltigkeit ist eine Lebensform: diejenige, die das w\u00e4hlen, denken auf jedem Gebiet ihres Lebens auf ihre eigene Gesundheit, und achten auf die Zukunft unserer Erde. Der Gartenanbau bringt also automatisch die besten Methoden des Verbrauches der Gem\u00fcse. Aus den ges\u00fcnden, schmackhaften, und nicht zuletzt auch chemiefreien Produkten kann man die feinste Gerichte zubereiten. In den Schmetterling G\u00e4rten wird auch dieses Wissen f\u00fcr die G\u00e4rtner und f\u00fcr alle Interessierten \u00fcbergegeben, deshalb wird der Gartenanbau mit Kochen, Essenzubereitung, und mit Kennenlernen von Konservierungstechnik verbunden. Gemeinsame Kochen haben auch dabei geholfen, die Programmtelinehmer zu einer echten Gemeinschaft zu formen.<\/p>\n<p>[\/vc_column_text][\/vc_column][vc_column width=&#8220;1\/3&#8243;][vc_column_text]<\/p>\n<h4 style=\"color: #81c49d; text-align: center;\">Wie wird das ganze Haus gr\u00fcner?<\/h4>\n<p style=\"text-align: center;\">Wenn es um Kochen und K\u00fcche geht, oder um die Konservierung der produzuierten Gem\u00fcse, dann ist das Thema von sparsamen und nachhaltigen Haushalt nicht zu vermeiden. Die Teilnehmer des Gartenprogramms k\u00f6nnen sich mit der Kompostierung, mit dem Recycling, oder sogar mit Techniken von der Schneiderei bekannt machen. Auf ihren Bildungen geht es auch darum, welche nat\u00fcrliche Reinigungsmittel und Werkzeuge wir in unserem Haushalt verwenden k\u00f6nnen.<\/p>\n<p>[\/vc_column_text][\/vc_column][\/vc_row][vc_row css=&#8220;.vc_custom_1598361427579{margin-top: 80px !important;margin-bottom: 50px !important;}&#8220;][vc_column width=&#8220;5\/12&#8243; offset=&#8220;vc_col-sm-offset-1&#8243;]<div class=\"ult-spacer spacer-69ed19057bb0d\" data-id=\"69ed19057bb0d\" data-height=\"130\" data-height-mobile=\"80\" data-height-tab=\"80\" data-height-tab-portrait=\"80\" data-height-mobile-landscape=\"80\" style=\"clear:both;display:block;\"><\/div>[vc_column_text]<\/p>\n<h6><span style=\"color: #989696; text-transform: uppercase;\"><strong>Interessieren dich auch die weiteren schmetterling-entwicklungen?<\/strong><\/span><\/h6>\n<h4 style=\"color: #ee6049;\">Erfahre mehr \u00fcber sie!<\/h4>\n<p>Der Gartenanbau wird in kommunalen G\u00e4rten \u00fcber je eine landwirtschaftliche Saison unterrichtet, aber manchmal werden auch k\u00fcrzere Bildungen angehalten. Essenszubereitung und Haushaltsplanung wird an verschiedenen Kursen beigebracht. Der Verband Schmetterling-Entwicklung hat sogar Ver\u00f6ffentlichungen aus dem im Laufe der Jahren gesammelte Wissen hergestellt. Diese sind auch auf Ihrer <a href=\"https:\/\/www.bffd.hu\/\" target=\"_blank\" rel=\"noopener noreferrer\">Website<\/a>, mit vielen n\u00fctzlichen Informationen zusammen (z.B. Rezepte, Wissenswertes) zu finden. Auf Ihrer <a href=\"https:\/\/www.facebook.com\/ButterflyFreeFlow\/\" target=\"_blank\" rel=\"noopener noreferrer\">Facebook-Seite<\/a>publizieren sie auch regelm\u00e4ssig Rezepte und Gartenanbautips.<\/p>\n<p>[\/vc_column_text]<style type=\"text\/css\" data-type=\"the7_shortcodes-inline-css\">#default-btn-a0cb9b37120c2f3e1b06bc6216a3ffc1.ico-right-side > i {\n  margin-right: 0px;\n  margin-left: 8px;\n}\n#default-btn-a0cb9b37120c2f3e1b06bc6216a3ffc1 > i {\n  margin-right: 8px;\n}\n<\/style><a href=\"https:\/\/www.bffd.hu\/\" class=\"default-btn-shortcode dt-btn dt-btn-m link-hover-off btn-inline-left  vc_custom_1609958850426\" target=\"_blank\" id=\"default-btn-a0cb9b37120c2f3e1b06bc6216a3ffc1\" rel=\"noopener\"><span>Website<\/span><\/a><style type=\"text\/css\" data-type=\"the7_shortcodes-inline-css\">#default-btn-927f03e95b6522ebac801481e2e0d8b2.ico-right-side > i {\n  margin-right: 0px;\n  margin-left: 8px;\n}\n#default-btn-927f03e95b6522ebac801481e2e0d8b2 > i {\n  margin-right: 8px;\n}\n<\/style><a href=\"https:\/\/www.facebook.com\/ButterflyFreeFlow\/\" class=\"default-btn-shortcode dt-btn dt-btn-m link-hover-off btn-inline-left  vc_custom_1609958862843\" target=\"_blank\" id=\"default-btn-927f03e95b6522ebac801481e2e0d8b2\" rel=\"noopener\"><span>Facebook<\/span><\/a>[\/vc_column][vc_column width=&#8220;1\/2&#8243;]<div class=\"ult-spacer spacer-69ed19057bdb1\" data-id=\"69ed19057bdb1\" data-height=\"0\" data-height-mobile=\"25\" data-height-tab=\"50\" data-height-tab-portrait=\"50\" data-height-mobile-landscape=\"25\" style=\"clear:both;display:block;\"><\/div><style type=\"text\/css\" data-type=\"the7_shortcodes-inline-css\">.shortcode-single-image-wrap.shortcode-single-image-225488ecb1e3d5409bd3193e79a0cb85.enable-bg-rollover .rollover i,\n.shortcode-single-image-wrap.shortcode-single-image-225488ecb1e3d5409bd3193e79a0cb85.enable-bg-rollover .rollover-video i {\n  background: -webkit-linear-gradient();\n  background: linear-gradient();\n}\n.shortcode-single-image-wrap.shortcode-single-image-225488ecb1e3d5409bd3193e79a0cb85 .rollover-icon {\n  font-size: 32px;\n  color: #ffffff;\n  min-width: 44px;\n  min-height: 44px;\n  line-height: 44px;\n  border-radius: 100px;\n  border-style: solid;\n  border-width: 0px;\n}\n.dt-icon-bg-on.shortcode-single-image-wrap.shortcode-single-image-225488ecb1e3d5409bd3193e79a0cb85 .rollover-icon {\n  background: rgba(255,255,255,0.3);\n  box-shadow: none;\n}\n<\/style><div class=\"shortcode-single-image-wrap shortcode-single-image-225488ecb1e3d5409bd3193e79a0cb85 alignnone  enable-bg-rollover dt-icon-bg-off\" style=\"margin-top:0px; margin-bottom:0px; margin-left:0px; margin-right:0px; width:693px;\"><div class=\"shortcode-single-image\"><div class=\"fancy-media-wrap  layzr-bg\" style=\"\"><img decoding=\"async\" class=\"preload-me lazy-load aspect\" src=\"data:image\/svg+xml,%3Csvg%20xmlns%3D&#39;http%3A%2F%2Fwww.w3.org%2F2000%2Fsvg&#39;%20viewBox%3D&#39;0%200%20693%20713&#39;%2F%3E\" data-src=\"https:\/\/abracadabraworld.com\/wp-content\/uploads\/2020\/08\/pilango-fejlesztesek-tobb-mint-zoldseg.png\" data-srcset=\"https:\/\/abracadabraworld.com\/wp-content\/uploads\/2020\/08\/pilango-fejlesztesek-tobb-mint-zoldseg.png 693w\" loading=\"eager\" sizes=\"(max-width: 693px) 100vw, 693px\" width=\"693\" height=\"713\"  data-dt-location=\"https:\/\/abracadabraworld.com\/de\/?attachment_id=1761\" style=\"--ratio: 693 \/ 713;\" alt=\"\" \/><\/div><\/div><\/div>[\/vc_column][\/vc_row]<\/p>\n","protected":false},"excerpt":{"rendered":"<p>[vc_row css=&#8220;.vc_custom_1598355621825{margin-top: 80px !important;}&#8220;][vc_column width=&#8220;1\/3&#8243;][\/vc_column][vc_column width=&#8220;7\/12&#8243; offset=&#8220;vc_col-sm-offset-1&#8243;][vc_column_text css=&#8220;.vc_custom_1609955681993{margin-top: 30px !important;}&#8220;] Was sind die Schmetterling G\u00e4rten? Die Schmetterling G\u00e4rten sind dankbar der T\u00e4tigkeit des Verbandes &#8222;Schmetterling-Entwicklungen&#8220; entstanden und aktivisiert. Dieses \u00f6kologische, kommunale Landwirtschaftsmodell wurde speziell f\u00fcr benachteiliigte kleine Siedlungen entwickelt. Das Programm hat im Jahre 2010 den ungarischen Preis des Social Business Idea Competition gewonnen, der&hellip;<\/p>\n","protected":false},"author":2,"featured_media":3852,"parent":3846,"menu_order":0,"comment_status":"closed","ping_status":"closed","template":"","meta":{"footnotes":""},"class_list":["post-3850","page","type-page","status-publish","has-post-thumbnail","hentry","description-off"],"yoast_head":"<!-- This site is optimized with the Yoast SEO plugin v26.8 - https:\/\/yoast.com\/product\/yoast-seo-wordpress\/ -->\n<title>Schmetterling-Entwicklungen - ABRACADABRAWORLD<\/title>\n<meta name=\"robots\" content=\"index, follow, max-snippet:-1, max-image-preview:large, max-video-preview:-1\" \/>\n<link rel=\"canonical\" href=\"https:\/\/abracadabraworld.com\/de\/geben-tut-gut\/schmetterling-entwicklungen\/\" \/>\n<meta property=\"og:locale\" content=\"de_DE\" \/>\n<meta property=\"og:type\" content=\"article\" \/>\n<meta property=\"og:title\" content=\"Schmetterling-Entwicklungen - ABRACADABRAWORLD\" \/>\n<meta property=\"og:description\" content=\"[vc_row css=&#8220;.vc_custom_1598355621825{margin-top: 80px !important;}&#8220;][vc_column width=&#8220;1\/3&#8243;][\/vc_column][vc_column width=&#8220;7\/12&#8243; offset=&#8220;vc_col-sm-offset-1&#8243;][vc_column_text css=&#8220;.vc_custom_1609955681993{margin-top: 30px !important;}&#8220;] Was sind die Schmetterling G\u00e4rten? Die Schmetterling G\u00e4rten sind dankbar der T\u00e4tigkeit des Verbandes &#8222;Schmetterling-Entwicklungen&#8220; entstanden und aktivisiert. Dieses \u00f6kologische, kommunale Landwirtschaftsmodell wurde speziell f\u00fcr benachteiliigte kleine Siedlungen entwickelt. Das Programm hat im Jahre 2010 den ungarischen Preis des Social Business Idea Competition gewonnen, der&hellip;\" \/>\n<meta property=\"og:url\" content=\"https:\/\/abracadabraworld.com\/de\/geben-tut-gut\/schmetterling-entwicklungen\/\" \/>\n<meta property=\"og:site_name\" content=\"ABRACADABRAWORLD\" \/>\n<meta property=\"article:publisher\" content=\"https:\/\/www.facebook.com\/abracadabraworld\/\" \/>\n<meta property=\"article:modified_time\" content=\"2021-01-06T22:38:26+00:00\" \/>\n<meta property=\"og:image\" content=\"https:\/\/abracadabraworld.com\/wp-content\/uploads\/2020\/05\/7010796_xl-scaled.jpg\" \/>\n\t<meta property=\"og:image:width\" content=\"2560\" \/>\n\t<meta property=\"og:image:height\" content=\"1709\" \/>\n\t<meta property=\"og:image:type\" content=\"image\/jpeg\" \/>\n<meta name=\"twitter:card\" content=\"summary_large_image\" \/>\n<meta name=\"twitter:label1\" content=\"Gesch\u00e4tzte Lesezeit\" \/>\n\t<meta name=\"twitter:data1\" content=\"4\u00a0Minuten\" \/>\n<script type=\"application\/ld+json\" class=\"yoast-schema-graph\">{\"@context\":\"https:\/\/schema.org\",\"@graph\":[{\"@type\":\"WebPage\",\"@id\":\"https:\/\/abracadabraworld.com\/de\/geben-tut-gut\/schmetterling-entwicklungen\/\",\"url\":\"https:\/\/abracadabraworld.com\/de\/geben-tut-gut\/schmetterling-entwicklungen\/\",\"name\":\"Schmetterling-Entwicklungen - ABRACADABRAWORLD\",\"isPartOf\":{\"@id\":\"https:\/\/abracadabraworld.com\/#website\"},\"primaryImageOfPage\":{\"@id\":\"https:\/\/abracadabraworld.com\/de\/geben-tut-gut\/schmetterling-entwicklungen\/#primaryimage\"},\"image\":{\"@id\":\"https:\/\/abracadabraworld.com\/de\/geben-tut-gut\/schmetterling-entwicklungen\/#primaryimage\"},\"thumbnailUrl\":\"https:\/\/abracadabraworld.com\/wp-content\/uploads\/2020\/05\/7010796_xl-scaled.jpg\",\"datePublished\":\"2020-08-25T10:47:46+00:00\",\"dateModified\":\"2021-01-06T22:38:26+00:00\",\"breadcrumb\":{\"@id\":\"https:\/\/abracadabraworld.com\/de\/geben-tut-gut\/schmetterling-entwicklungen\/#breadcrumb\"},\"inLanguage\":\"de\",\"potentialAction\":[{\"@type\":\"ReadAction\",\"target\":[\"https:\/\/abracadabraworld.com\/de\/geben-tut-gut\/schmetterling-entwicklungen\/\"]}]},{\"@type\":\"ImageObject\",\"inLanguage\":\"de\",\"@id\":\"https:\/\/abracadabraworld.com\/de\/geben-tut-gut\/schmetterling-entwicklungen\/#primaryimage\",\"url\":\"https:\/\/abracadabraworld.com\/wp-content\/uploads\/2020\/05\/7010796_xl-scaled.jpg\",\"contentUrl\":\"https:\/\/abracadabraworld.com\/wp-content\/uploads\/2020\/05\/7010796_xl-scaled.jpg\",\"width\":2560,\"height\":1709},{\"@type\":\"BreadcrumbList\",\"@id\":\"https:\/\/abracadabraworld.com\/de\/geben-tut-gut\/schmetterling-entwicklungen\/#breadcrumb\",\"itemListElement\":[{\"@type\":\"ListItem\",\"position\":1,\"name\":\"Home\",\"item\":\"https:\/\/abracadabraworld.com\/de\/\"},{\"@type\":\"ListItem\",\"position\":2,\"name\":\"Geben tut gut\",\"item\":\"https:\/\/abracadabraworld.com\/de\/geben-tut-gut\/\"},{\"@type\":\"ListItem\",\"position\":3,\"name\":\"Schmetterling-Entwicklungen\"}]},{\"@type\":\"WebSite\",\"@id\":\"https:\/\/abracadabraworld.com\/#website\",\"url\":\"https:\/\/abracadabraworld.com\/\",\"name\":\"ABRACADABRAWORLD\",\"description\":\"Wir bieten schnelle und instante L\u00f6sungen f\u00fcr Mutter, die unter Zeitmangel leiden. Online programme, herunterladende Digitalmaterialien, M\u00e4rchen und Spiele, unter dem Motto von Mindfulness.\",\"potentialAction\":[{\"@type\":\"SearchAction\",\"target\":{\"@type\":\"EntryPoint\",\"urlTemplate\":\"https:\/\/abracadabraworld.com\/?s={search_term_string}\"},\"query-input\":{\"@type\":\"PropertyValueSpecification\",\"valueRequired\":true,\"valueName\":\"search_term_string\"}}],\"inLanguage\":\"de\"}]}<\/script>\n<!-- \/ Yoast SEO plugin. -->","yoast_head_json":{"title":"Schmetterling-Entwicklungen - ABRACADABRAWORLD","robots":{"index":"index","follow":"follow","max-snippet":"max-snippet:-1","max-image-preview":"max-image-preview:large","max-video-preview":"max-video-preview:-1"},"canonical":"https:\/\/abracadabraworld.com\/de\/geben-tut-gut\/schmetterling-entwicklungen\/","og_locale":"de_DE","og_type":"article","og_title":"Schmetterling-Entwicklungen - ABRACADABRAWORLD","og_description":"[vc_row css=&#8220;.vc_custom_1598355621825{margin-top: 80px !important;}&#8220;][vc_column width=&#8220;1\/3&#8243;][\/vc_column][vc_column width=&#8220;7\/12&#8243; offset=&#8220;vc_col-sm-offset-1&#8243;][vc_column_text css=&#8220;.vc_custom_1609955681993{margin-top: 30px !important;}&#8220;] Was sind die Schmetterling G\u00e4rten? Die Schmetterling G\u00e4rten sind dankbar der T\u00e4tigkeit des Verbandes &#8222;Schmetterling-Entwicklungen&#8220; entstanden und aktivisiert. Dieses \u00f6kologische, kommunale Landwirtschaftsmodell wurde speziell f\u00fcr benachteiliigte kleine Siedlungen entwickelt. Das Programm hat im Jahre 2010 den ungarischen Preis des Social Business Idea Competition gewonnen, der&hellip;","og_url":"https:\/\/abracadabraworld.com\/de\/geben-tut-gut\/schmetterling-entwicklungen\/","og_site_name":"ABRACADABRAWORLD","article_publisher":"https:\/\/www.facebook.com\/abracadabraworld\/","article_modified_time":"2021-01-06T22:38:26+00:00","og_image":[{"width":2560,"height":1709,"url":"https:\/\/abracadabraworld.com\/wp-content\/uploads\/2020\/05\/7010796_xl-scaled.jpg","type":"image\/jpeg"}],"twitter_card":"summary_large_image","twitter_misc":{"Gesch\u00e4tzte Lesezeit":"4\u00a0Minuten"},"schema":{"@context":"https:\/\/schema.org","@graph":[{"@type":"WebPage","@id":"https:\/\/abracadabraworld.com\/de\/geben-tut-gut\/schmetterling-entwicklungen\/","url":"https:\/\/abracadabraworld.com\/de\/geben-tut-gut\/schmetterling-entwicklungen\/","name":"Schmetterling-Entwicklungen - ABRACADABRAWORLD","isPartOf":{"@id":"https:\/\/abracadabraworld.com\/#website"},"primaryImageOfPage":{"@id":"https:\/\/abracadabraworld.com\/de\/geben-tut-gut\/schmetterling-entwicklungen\/#primaryimage"},"image":{"@id":"https:\/\/abracadabraworld.com\/de\/geben-tut-gut\/schmetterling-entwicklungen\/#primaryimage"},"thumbnailUrl":"https:\/\/abracadabraworld.com\/wp-content\/uploads\/2020\/05\/7010796_xl-scaled.jpg","datePublished":"2020-08-25T10:47:46+00:00","dateModified":"2021-01-06T22:38:26+00:00","breadcrumb":{"@id":"https:\/\/abracadabraworld.com\/de\/geben-tut-gut\/schmetterling-entwicklungen\/#breadcrumb"},"inLanguage":"de","potentialAction":[{"@type":"ReadAction","target":["https:\/\/abracadabraworld.com\/de\/geben-tut-gut\/schmetterling-entwicklungen\/"]}]},{"@type":"ImageObject","inLanguage":"de","@id":"https:\/\/abracadabraworld.com\/de\/geben-tut-gut\/schmetterling-entwicklungen\/#primaryimage","url":"https:\/\/abracadabraworld.com\/wp-content\/uploads\/2020\/05\/7010796_xl-scaled.jpg","contentUrl":"https:\/\/abracadabraworld.com\/wp-content\/uploads\/2020\/05\/7010796_xl-scaled.jpg","width":2560,"height":1709},{"@type":"BreadcrumbList","@id":"https:\/\/abracadabraworld.com\/de\/geben-tut-gut\/schmetterling-entwicklungen\/#breadcrumb","itemListElement":[{"@type":"ListItem","position":1,"name":"Home","item":"https:\/\/abracadabraworld.com\/de\/"},{"@type":"ListItem","position":2,"name":"Geben tut gut","item":"https:\/\/abracadabraworld.com\/de\/geben-tut-gut\/"},{"@type":"ListItem","position":3,"name":"Schmetterling-Entwicklungen"}]},{"@type":"WebSite","@id":"https:\/\/abracadabraworld.com\/#website","url":"https:\/\/abracadabraworld.com\/","name":"ABRACADABRAWORLD","description":"Wir bieten schnelle und instante L\u00f6sungen f\u00fcr Mutter, die unter Zeitmangel leiden. Online programme, herunterladende Digitalmaterialien, M\u00e4rchen und Spiele, unter dem Motto von Mindfulness.","potentialAction":[{"@type":"SearchAction","target":{"@type":"EntryPoint","urlTemplate":"https:\/\/abracadabraworld.com\/?s={search_term_string}"},"query-input":{"@type":"PropertyValueSpecification","valueRequired":true,"valueName":"search_term_string"}}],"inLanguage":"de"}]}},"_links":{"self":[{"href":"https:\/\/abracadabraworld.com\/de\/wp-json\/wp\/v2\/pages\/3850","targetHints":{"allow":["GET"]}}],"collection":[{"href":"https:\/\/abracadabraworld.com\/de\/wp-json\/wp\/v2\/pages"}],"about":[{"href":"https:\/\/abracadabraworld.com\/de\/wp-json\/wp\/v2\/types\/page"}],"author":[{"embeddable":true,"href":"https:\/\/abracadabraworld.com\/de\/wp-json\/wp\/v2\/users\/2"}],"replies":[{"embeddable":true,"href":"https:\/\/abracadabraworld.com\/de\/wp-json\/wp\/v2\/comments?post=3850"}],"version-history":[{"count":0,"href":"https:\/\/abracadabraworld.com\/de\/wp-json\/wp\/v2\/pages\/3850\/revisions"}],"up":[{"embeddable":true,"href":"https:\/\/abracadabraworld.com\/de\/wp-json\/wp\/v2\/pages\/3846"}],"wp:featuredmedia":[{"embeddable":true,"href":"https:\/\/abracadabraworld.com\/de\/wp-json\/wp\/v2\/media\/3852"}],"wp:attachment":[{"href":"https:\/\/abracadabraworld.com\/de\/wp-json\/wp\/v2\/media?parent=3850"}],"curies":[{"name":"wp","href":"https:\/\/api.w.org\/{rel}","templated":true}]}}