{"id":3856,"date":"2020-11-05T09:35:09","date_gmt":"2020-11-05T08:35:09","guid":{"rendered":"https:\/\/abracadabraworld.com\/geben-tut-gut\/remenyvirag-program\/"},"modified":"2021-01-06T23:37:29","modified_gmt":"2021-01-06T22:37:29","slug":"programm-blume-der-hoffnung","status":"publish","type":"page","link":"https:\/\/abracadabraworld.com\/de\/geben-tut-gut\/programm-blume-der-hoffnung\/","title":{"rendered":"Programm &#8222;Blume der Hoffnung&#8220;"},"content":{"rendered":"<p>[vc_row css=&#8220;.vc_custom_1598355621825{margin-top: 80px !important;}&#8220;][vc_column width=&#8220;1\/3&#8243;]<style type=\"text\/css\" data-type=\"the7_shortcodes-inline-css\">.shortcode-single-image-wrap.shortcode-single-image-97e8deda048d1ab5fde9d6bd9c2211e6.enable-bg-rollover .rollover i,\n.shortcode-single-image-wrap.shortcode-single-image-97e8deda048d1ab5fde9d6bd9c2211e6.enable-bg-rollover .rollover-video i {\n  background: -webkit-linear-gradient();\n  background: linear-gradient();\n}\n.shortcode-single-image-wrap.shortcode-single-image-97e8deda048d1ab5fde9d6bd9c2211e6 .rollover-icon {\n  font-size: 32px;\n  color: #ffffff;\n  min-width: 44px;\n  min-height: 44px;\n  line-height: 44px;\n  border-radius: 100px;\n  border-style: solid;\n  border-width: 0px;\n}\n.dt-icon-bg-on.shortcode-single-image-wrap.shortcode-single-image-97e8deda048d1ab5fde9d6bd9c2211e6 .rollover-icon {\n  background: rgba(255,255,255,0.3);\n  box-shadow: none;\n}\n<\/style><div class=\"shortcode-single-image-wrap shortcode-single-image-97e8deda048d1ab5fde9d6bd9c2211e6 alignnone  enable-bg-rollover dt-icon-bg-off\" style=\"margin-top:0px; margin-bottom:0px; margin-left:0px; margin-right:0px; width:467px;\"><div class=\"shortcode-single-image\"><div class=\"fancy-media-wrap  layzr-bg\" style=\"\"><img fetchpriority=\"high\" decoding=\"async\" class=\"preload-me lazy-load aspect\" src=\"data:image\/svg+xml,%3Csvg%20xmlns%3D&#39;http%3A%2F%2Fwww.w3.org%2F2000%2Fsvg&#39;%20viewBox%3D&#39;0%200%20467%20583&#39;%2F%3E\" data-src=\"https:\/\/abracadabraworld.com\/wp-content\/uploads\/2020\/11\/remenyvirag-program-467x583.png\" data-srcset=\"https:\/\/abracadabraworld.com\/wp-content\/uploads\/2020\/11\/remenyvirag-program-467x583.png 467w, https:\/\/abracadabraworld.com\/wp-content\/uploads\/2020\/11\/remenyvirag-program-880x1098.png 880w\" loading=\"eager\" sizes=\"(max-width: 467px) 100vw, 467px\" width=\"467\" height=\"583\"  data-dt-location=\"https:\/\/abracadabraworld.com\/de\/?attachment_id=2571\" style=\"--ratio: 467 \/ 583;\" alt=\"\" \/><\/div><\/div><\/div><div class=\"ult-spacer spacer-69e8b392985c9\" data-id=\"69e8b392985c9\" data-height=\"0\" data-height-mobile=\"50\" data-height-tab=\"50\" data-height-tab-portrait=\"50\" data-height-mobile-landscape=\"50\" style=\"clear:both;display:block;\"><\/div>[\/vc_column][vc_column width=&#8220;7\/12&#8243; offset=&#8220;vc_col-sm-offset-1&#8243;]<div class=\"standard-arrow bullet-top\"><h3 style=\"color: #a05992;\">Warum das Programm &#8222;Blume der Hoffnung&#8220;?<\/h3>\n<ul>\n<li>Weil auch die Kinder bei Verarbeiteung ihrer Verluste fachkundige Hilfe ben\u00f6tigen<\/li>\n<li>Weil es zu dieser Arbeit entsprechende Orte, Spiele und kreative Mittel notwendig sind<\/li>\n<li>Weil man sogar im Kreise der Fachleute, die mit Kindern umgehen,die wichtigsten Kenntnisse weitergeben muss<\/li>\n<\/ul>\n<\/div>[vc_column_text css=&#8220;.vc_custom_1609967224515{margin-top: 30px !important;}&#8220;]<\/p>\n<h3 style=\"color: #3d5686;\">Was ist das Programm &#8222;Blume der Hoffnung&#8220;?<\/h3>\n<p>Dieses Projekt, was im Rahmen von dem Verband &#8222;Napfogyatkoz\u00e1s&#8220; verwirklicht wird, bietet in einem von dem schwierigsten und pers\u00f6nlichsten Thema Hilfe: bei Trauer von Kindern, die enge Familienmitglieder verloren haben. Aufgrund einer finnischen Methode wird in Gruppen f\u00fcr die ber\u00fchrten Kinder Hilfe geleistet, mit thematischen \u00dcbungen, mit viel Kreativit\u00e4t, und mit vielen Spielen. Neben den Kindern werden sogar die Eltern dabei unterst\u00fctzt, sowie auch f\u00fcr die Fachleute, die sich mit den Familien besch\u00e4ftigen, zum Beispiel in der Unterricht, in der Sozialsphere und in dem Gesundheitswesen. F\u00fcr sie werden auch Sensibilisierungstraininge angehalten. Es ist sehr wichtig, dass sowohl die Familien, als auch die sie begleitende Fachleute diese Hilfe kostenlos in Anspruch nehmen k\u00f6nnen.<\/p>\n<p>In vielen L\u00e4ndern, so in auch in der ungarischen Gesellschaft wird das Thema des Todes sogar unter den Erwachsenen als Tabu behandelt. Die Kinder bleiben mit ihrer Trauer oft ganz alleine, da man in den Institutionen die Besonderheiten der Kindertrauer in den verschiedenen Lebensalter kaum kennt. Meistens wissen weder die Eltern, noch die verschiedene Fachleute nicht genau, wie sie die Kinder bei Verarbeitung ihrer Verluste helfen k\u00f6nnen.<\/p>\n<p>[\/vc_column_text]<div class=\"ult-spacer spacer-69e8b39298720\" data-id=\"69e8b39298720\" data-height=\"150\" data-height-mobile=\"80\" data-height-tab=\"80\" data-height-tab-portrait=\"80\" data-height-mobile-landscape=\"80\" style=\"clear:both;display:block;\"><\/div>[\/vc_column][\/vc_row][vc_row full_width=&#8220;stretch_row&#8220; bg_type=&#8220;bg_color&#8220; el_class=&#8220;beige-before beige-after&#8220; css=&#8220;.vc_custom_1598356874937{padding-top: 100px !important;background-color: #f6ede6 !important;}&#8220;][vc_column width=&#8220;1\/3&#8243;][vc_column_text]<\/p>\n<h4 style=\"color: #dd618e;\">Was passiert in einer Kindertrauergruppe?<\/h4>\n<p>Das Wesen der finnischen Methode ist, dass das trauernde Kind in diesen Gruppen unter gleichaltrigen Kindern mit \u00e4hnlichem Schicksal Hilfe bekommen kann, ihre Verluste verarbeiten zu k\u00f6nnen. Diese thematische Gruppensitzungen wiederholen sich w\u00f6chentlich, 8 mal, in geschlossenen Kreisen.<\/p>\n<p><strong>In der Gruppe das Kind:<\/strong><\/p>\n<ul>\n<li>betrifft sich mit anderen Kindern, die \u00e4hnlichen Verlust erlebt haben<\/li>\n<li>kann ihre Erfahrungen mit anderen betroffenen Kindern teilen<\/li>\n<li>erwirbt Kenntnisse \u00fcber Tod und Trauer<\/li>\n<li>bekommt viel Aufmerksamkeit in der Gruppe, wird &#8222;sichtbar&#8220;<\/li>\n<li>kann teilen mit anderen seine Einsamkeit und Zugekn\u00f6pftheit, die von der Trauer stammen<\/li>\n<li>findet die entsprechende W\u00f6rter, um seine Gef\u00fchle auszudr\u00fccken und diese handeln zu k\u00f6nnen<\/li>\n<li>spielt und benutzt seine Phantasie, Kreativit\u00e4t<\/li>\n<li>wird ermutigt, um eine neue Beziehungsweise zu seinem verlorenen Familienmiglied bekommen zu k\u00f6nnen<\/li>\n<li>wird geholfen dabei, um seine versteckte Energie finden zu k\u00f6nnen, und die positive Seite des Lebens zu merken, wodurch seine Selbstachtung und seine Selbstverwertung wieder stark und sicher wird<\/li>\n<\/ul>\n<p>[\/vc_column_text][\/vc_column][vc_column width=&#8220;1\/3&#8243;][vc_column_text]<\/p>\n<h4 style=\"color: #a05992;\">Warum die Elterngruppe wichtig ist?<\/h4>\n<p>Die Eltern, die ihre Kinder zu ein solcher Trauergruppe verbringen, trauern sie sich selbst, und daneben, dass sie ihre eigene Schmerzen auch \u00fcberwinden m\u00f6chten, m\u00f6chten ihren Kindern gut helfen. Ein verwitweter Elternteil betrifft sich auch viele Schwierigkeiten, und so kann eine gute Gemeinschaft auch f\u00fcr sie sehr anhaltend und wichtig sein. Hier helfen sich die Eltern gegenseitig, indem sie ihre Erfahrungen teilen, mit grosser Liebe akzeptieren und anh\u00f6ren einander, Wichtiges Ziel ist auch mit der Organisierung dieser Gruppen, solche Bekanntschaften, Freundschaften zu f\u00f6rdern, welche nach dem Schluss auch in Kontakt bleiben, und einander unterst\u00fctzen k\u00f6nnen.[\/vc_column_text][\/vc_column][vc_column width=&#8220;1\/3&#8243;][vc_column_text]<\/p>\n<h4 style=\"color: #eb7f2c;\">Wie wird es den Fachleuten geholfen?<\/h4>\n<p>Im Rahmen der f\u00fcr sie organisierte Werktage bekommen die Teilnehmer \u00fcber die Besonderheiten und Bedeutung der Unterst\u00fctzung von trauernden Kindern ein umfassendes Wissen, welches auch in den Alltagen gut anzuwenden wird.<\/p>\n<p><strong>Das Programm dieses Tages:<\/strong><\/p>\n<ul>\n<li>Eigenschaften und Altersmerkmale der Trauer- und Verlustverarbeitung der Kindes<\/li>\n<li>Anzeichen und Folgen von unverarbeiteten Verlusten, Substanzgebrauchsrisiken<\/li>\n<li>Unterst\u00fctzende Kommunikation mit dem betroffenen Kind und seiner Umgebung<\/li>\n<li>Die Rolle der Community bei der Verlustbearbeitung, Verhinderung von Ausgrenzung<\/li>\n<li>Mangel und M\u00f6glichkeiten von Riten<\/li>\n<\/ul>\n<p>Dieser Berufstag wird f\u00fcr alle, sich mit Kindern und mit Familien, auf dem Gebiet von Unterricht, Sozialgebiet und Gesundheitswesen besch\u00e4ftigende Fachleute empfohlen, die ihre Kliente, ihre Sch\u00fcler bei ihren Verlusten (Todesfall, Scheidung, Krankheit) wirksam unterst\u00fctzen m\u00f6chten.[\/vc_column_text][\/vc_column][\/vc_row][vc_row css=&#8220;.vc_custom_1598361427579{margin-top: 80px !important;margin-bottom: 50px !important;}&#8220;][vc_column width=&#8220;5\/12&#8243; offset=&#8220;vc_col-sm-offset-1&#8243;]<div class=\"ult-spacer spacer-69e8b392987a9\" data-id=\"69e8b392987a9\" data-height=\"130\" data-height-mobile=\"80\" data-height-tab=\"80\" data-height-tab-portrait=\"80\" data-height-mobile-landscape=\"80\" style=\"clear:both;display:block;\"><\/div>[vc_column_text]<\/p>\n<h6><span style=\"color: #a05992; text-transform: uppercase;\"><strong>Interessiert dich das programm &#8222;Blume der hoffnung&#8220; weiter?<\/strong><\/span><\/h6>\n<h4 style=\"color: #dd618e;\">Erfahre mehr \u00fcber sie!<\/h4>\n<p>Das Program &#8222;Blume der Hoffnung&#8220; ist von Budapest gestartet, wo &#8211; dankbar Ausschreibungen und Spendenaktionen &#8211; schon seit 5 Jahren mehrere Gruppen angehalten wurden, wobei schon mehr als 70 Familien teilgenommen konnte. Es wird regelm\u00e4ssig den Familien, die schon in Gruppen gearbeitet haben, auch Folgetreffen organisiert, um die Kontakte zwischen ihnen verst\u00e4rken zu k\u00f6nnen. Seit drei Jahren wurde ausgearbeitet und schon mehrmals abgehalten eine Bildung f\u00fcr Gruppenf\u00fchrer, die schon von fast 30 Fachleuten aus den verschiedenen Siedlungen des Landes absolviert wurde. Also das weitere Ziel, dass es im ganzen Lande immer mehr M\u00f6glichkeit f\u00fcr Kindertrauergruppen bestehen wird, ist ganz sch\u00f6n im Laufe. Im Rahmen der Berufstage m\u00f6chte das Programm auch im Weiteren f\u00fcr diejenige Fachleute, Gemeinschaften helfen, in dem die Gr\u00fcnder das n\u00f6tige Grundwissen f\u00fcr alle gerne \u00fcbergeben.[\/vc_column_text]<style type=\"text\/css\" data-type=\"the7_shortcodes-inline-css\">#default-btn-7941250d86970340e16a3a365ab5df6e.ico-right-side > i {\n  margin-right: 0px;\n  margin-left: 8px;\n}\n#default-btn-7941250d86970340e16a3a365ab5df6e > i {\n  margin-right: 8px;\n}\n<\/style><a href=\"https:\/\/gyaszportal.hu\/programjaink-3\/remenyvirag\/\" class=\"default-btn-shortcode dt-btn dt-btn-m link-hover-off btn-inline-left  vc_custom_1609970266551\" target=\"_blank\" id=\"default-btn-7941250d86970340e16a3a365ab5df6e\" rel=\"noopener\"><span>Website<\/span><\/a><style type=\"text\/css\" data-type=\"the7_shortcodes-inline-css\">#default-btn-46029cfe3165c188587f55a653e97a24.ico-right-side > i {\n  margin-right: 0px;\n  margin-left: 8px;\n}\n#default-btn-46029cfe3165c188587f55a653e97a24 > i {\n  margin-right: 8px;\n}\n<\/style><a href=\"https:\/\/www.facebook.com\/gyermekgyasz1\/\" class=\"default-btn-shortcode dt-btn dt-btn-m link-hover-off btn-inline-left  vc_custom_1604320538815\" target=\"_blank\" id=\"default-btn-46029cfe3165c188587f55a653e97a24\" rel=\"noopener\"><span>Facebook<\/span><\/a>[\/vc_column][vc_column width=&#8220;1\/2&#8243;]<div class=\"ult-spacer spacer-69e8b39298bf1\" data-id=\"69e8b39298bf1\" data-height=\"0\" data-height-mobile=\"25\" data-height-tab=\"50\" data-height-tab-portrait=\"50\" data-height-mobile-landscape=\"25\" style=\"clear:both;display:block;\"><\/div><style type=\"text\/css\" data-type=\"the7_shortcodes-inline-css\">.shortcode-single-image-wrap.shortcode-single-image-796c44eca479895c27e60598af204b94.enable-bg-rollover .rollover i,\n.shortcode-single-image-wrap.shortcode-single-image-796c44eca479895c27e60598af204b94.enable-bg-rollover .rollover-video i {\n  background: -webkit-linear-gradient();\n  background: linear-gradient();\n}\n.shortcode-single-image-wrap.shortcode-single-image-796c44eca479895c27e60598af204b94 .rollover-icon {\n  font-size: 32px;\n  color: #ffffff;\n  min-width: 44px;\n  min-height: 44px;\n  line-height: 44px;\n  border-radius: 100px;\n  border-style: solid;\n  border-width: 0px;\n}\n.dt-icon-bg-on.shortcode-single-image-wrap.shortcode-single-image-796c44eca479895c27e60598af204b94 .rollover-icon {\n  background: rgba(255,255,255,0.3);\n  box-shadow: none;\n}\n<\/style><div class=\"shortcode-single-image-wrap shortcode-single-image-796c44eca479895c27e60598af204b94 alignnone  enable-bg-rollover dt-icon-bg-off\" style=\"margin-top:0px; margin-bottom:0px; margin-left:0px; margin-right:0px; width:693px;\"><div class=\"shortcode-single-image\"><div class=\"fancy-media-wrap  layzr-bg\" style=\"\"><img decoding=\"async\" class=\"preload-me lazy-load aspect\" src=\"data:image\/svg+xml,%3Csvg%20xmlns%3D&#39;http%3A%2F%2Fwww.w3.org%2F2000%2Fsvg&#39;%20viewBox%3D&#39;0%200%20693%20726&#39;%2F%3E\" data-src=\"https:\/\/abracadabraworld.com\/wp-content\/uploads\/2020\/11\/remenyvirag-program-02-693x726.png\" data-srcset=\"https:\/\/abracadabraworld.com\/wp-content\/uploads\/2020\/11\/remenyvirag-program-02-693x726.png 693w, https:\/\/abracadabraworld.com\/wp-content\/uploads\/2020\/11\/remenyvirag-program-02.png 959w\" loading=\"eager\" sizes=\"(max-width: 693px) 100vw, 693px\" width=\"693\" height=\"726\"  data-dt-location=\"https:\/\/abracadabraworld.com\/de\/?attachment_id=2574\" style=\"--ratio: 693 \/ 726;\" alt=\"\" \/><\/div><\/div><\/div>[\/vc_column][\/vc_row]<\/p>\n","protected":false},"excerpt":{"rendered":"<p>[vc_row css=&#8220;.vc_custom_1598355621825{margin-top: 80px !important;}&#8220;][vc_column width=&#8220;1\/3&#8243;][\/vc_column][vc_column width=&#8220;7\/12&#8243; offset=&#8220;vc_col-sm-offset-1&#8243;][vc_column_text css=&#8220;.vc_custom_1609967224515{margin-top: 30px !important;}&#8220;] Was ist das Programm &#8222;Blume der Hoffnung&#8220;? Dieses Projekt, was im Rahmen von dem Verband &#8222;Napfogyatkoz\u00e1s&#8220; verwirklicht wird, bietet in einem von dem schwierigsten und pers\u00f6nlichsten Thema Hilfe: bei Trauer von Kindern, die enge Familienmitglieder verloren haben. Aufgrund einer finnischen Methode wird in Gruppen f\u00fcr&hellip;<\/p>\n","protected":false},"author":3,"featured_media":3775,"parent":3846,"menu_order":3,"comment_status":"closed","ping_status":"closed","template":"","meta":{"footnotes":""},"class_list":["post-3856","page","type-page","status-publish","has-post-thumbnail","hentry","description-off"],"yoast_head":"<!-- This site is optimized with the Yoast SEO plugin v26.8 - https:\/\/yoast.com\/product\/yoast-seo-wordpress\/ -->\n<title>Programm &quot;Blume der Hoffnung&quot; - ABRACADABRAWORLD<\/title>\n<meta name=\"robots\" content=\"index, follow, max-snippet:-1, max-image-preview:large, max-video-preview:-1\" \/>\n<link rel=\"canonical\" href=\"https:\/\/abracadabraworld.com\/de\/geben-tut-gut\/programm-blume-der-hoffnung\/\" \/>\n<meta property=\"og:locale\" content=\"de_DE\" \/>\n<meta property=\"og:type\" content=\"article\" \/>\n<meta property=\"og:title\" content=\"Programm &quot;Blume der Hoffnung&quot; - ABRACADABRAWORLD\" \/>\n<meta property=\"og:description\" content=\"[vc_row css=&#8220;.vc_custom_1598355621825{margin-top: 80px !important;}&#8220;][vc_column width=&#8220;1\/3&#8243;][\/vc_column][vc_column width=&#8220;7\/12&#8243; offset=&#8220;vc_col-sm-offset-1&#8243;][vc_column_text css=&#8220;.vc_custom_1609967224515{margin-top: 30px !important;}&#8220;] Was ist das Programm &#8222;Blume der Hoffnung&#8220;? Dieses Projekt, was im Rahmen von dem Verband &#8222;Napfogyatkoz\u00e1s&#8220; verwirklicht wird, bietet in einem von dem schwierigsten und pers\u00f6nlichsten Thema Hilfe: bei Trauer von Kindern, die enge Familienmitglieder verloren haben. Aufgrund einer finnischen Methode wird in Gruppen f\u00fcr&hellip;\" \/>\n<meta property=\"og:url\" content=\"https:\/\/abracadabraworld.com\/de\/geben-tut-gut\/programm-blume-der-hoffnung\/\" \/>\n<meta property=\"og:site_name\" content=\"ABRACADABRAWORLD\" \/>\n<meta property=\"article:publisher\" content=\"https:\/\/www.facebook.com\/abracadabraworld\/\" \/>\n<meta property=\"article:modified_time\" content=\"2021-01-06T22:37:29+00:00\" \/>\n<meta property=\"og:image\" content=\"https:\/\/abracadabraworld.com\/wp-content\/uploads\/2020\/11\/pexels-josh-willink-701014-scaled.jpg\" \/>\n\t<meta property=\"og:image:width\" content=\"2560\" \/>\n\t<meta property=\"og:image:height\" content=\"1707\" \/>\n\t<meta property=\"og:image:type\" content=\"image\/jpeg\" \/>\n<meta name=\"twitter:card\" content=\"summary_large_image\" \/>\n<meta name=\"twitter:label1\" content=\"Gesch\u00e4tzte Lesezeit\" \/>\n\t<meta name=\"twitter:data1\" content=\"5\u00a0Minuten\" \/>\n<script type=\"application\/ld+json\" class=\"yoast-schema-graph\">{\"@context\":\"https:\/\/schema.org\",\"@graph\":[{\"@type\":\"WebPage\",\"@id\":\"https:\/\/abracadabraworld.com\/de\/geben-tut-gut\/programm-blume-der-hoffnung\/\",\"url\":\"https:\/\/abracadabraworld.com\/de\/geben-tut-gut\/programm-blume-der-hoffnung\/\",\"name\":\"Programm \\\"Blume der Hoffnung\\\" - ABRACADABRAWORLD\",\"isPartOf\":{\"@id\":\"https:\/\/abracadabraworld.com\/#website\"},\"primaryImageOfPage\":{\"@id\":\"https:\/\/abracadabraworld.com\/de\/geben-tut-gut\/programm-blume-der-hoffnung\/#primaryimage\"},\"image\":{\"@id\":\"https:\/\/abracadabraworld.com\/de\/geben-tut-gut\/programm-blume-der-hoffnung\/#primaryimage\"},\"thumbnailUrl\":\"https:\/\/abracadabraworld.com\/wp-content\/uploads\/2020\/11\/pexels-josh-willink-701014-scaled.jpg\",\"datePublished\":\"2020-11-05T08:35:09+00:00\",\"dateModified\":\"2021-01-06T22:37:29+00:00\",\"breadcrumb\":{\"@id\":\"https:\/\/abracadabraworld.com\/de\/geben-tut-gut\/programm-blume-der-hoffnung\/#breadcrumb\"},\"inLanguage\":\"de\",\"potentialAction\":[{\"@type\":\"ReadAction\",\"target\":[\"https:\/\/abracadabraworld.com\/de\/geben-tut-gut\/programm-blume-der-hoffnung\/\"]}]},{\"@type\":\"ImageObject\",\"inLanguage\":\"de\",\"@id\":\"https:\/\/abracadabraworld.com\/de\/geben-tut-gut\/programm-blume-der-hoffnung\/#primaryimage\",\"url\":\"https:\/\/abracadabraworld.com\/wp-content\/uploads\/2020\/11\/pexels-josh-willink-701014-scaled.jpg\",\"contentUrl\":\"https:\/\/abracadabraworld.com\/wp-content\/uploads\/2020\/11\/pexels-josh-willink-701014-scaled.jpg\",\"width\":2560,\"height\":1707},{\"@type\":\"BreadcrumbList\",\"@id\":\"https:\/\/abracadabraworld.com\/de\/geben-tut-gut\/programm-blume-der-hoffnung\/#breadcrumb\",\"itemListElement\":[{\"@type\":\"ListItem\",\"position\":1,\"name\":\"Home\",\"item\":\"https:\/\/abracadabraworld.com\/de\/\"},{\"@type\":\"ListItem\",\"position\":2,\"name\":\"Geben tut gut\",\"item\":\"https:\/\/abracadabraworld.com\/de\/geben-tut-gut\/\"},{\"@type\":\"ListItem\",\"position\":3,\"name\":\"Programm &#8222;Blume der Hoffnung&#8220;\"}]},{\"@type\":\"WebSite\",\"@id\":\"https:\/\/abracadabraworld.com\/#website\",\"url\":\"https:\/\/abracadabraworld.com\/\",\"name\":\"ABRACADABRAWORLD\",\"description\":\"Wir bieten schnelle und instante L\u00f6sungen f\u00fcr Mutter, die unter Zeitmangel leiden. Online programme, herunterladende Digitalmaterialien, M\u00e4rchen und Spiele, unter dem Motto von Mindfulness.\",\"potentialAction\":[{\"@type\":\"SearchAction\",\"target\":{\"@type\":\"EntryPoint\",\"urlTemplate\":\"https:\/\/abracadabraworld.com\/?s={search_term_string}\"},\"query-input\":{\"@type\":\"PropertyValueSpecification\",\"valueRequired\":true,\"valueName\":\"search_term_string\"}}],\"inLanguage\":\"de\"}]}<\/script>\n<!-- \/ Yoast SEO plugin. -->","yoast_head_json":{"title":"Programm \"Blume der Hoffnung\" - ABRACADABRAWORLD","robots":{"index":"index","follow":"follow","max-snippet":"max-snippet:-1","max-image-preview":"max-image-preview:large","max-video-preview":"max-video-preview:-1"},"canonical":"https:\/\/abracadabraworld.com\/de\/geben-tut-gut\/programm-blume-der-hoffnung\/","og_locale":"de_DE","og_type":"article","og_title":"Programm \"Blume der Hoffnung\" - ABRACADABRAWORLD","og_description":"[vc_row css=&#8220;.vc_custom_1598355621825{margin-top: 80px !important;}&#8220;][vc_column width=&#8220;1\/3&#8243;][\/vc_column][vc_column width=&#8220;7\/12&#8243; offset=&#8220;vc_col-sm-offset-1&#8243;][vc_column_text css=&#8220;.vc_custom_1609967224515{margin-top: 30px !important;}&#8220;] Was ist das Programm &#8222;Blume der Hoffnung&#8220;? Dieses Projekt, was im Rahmen von dem Verband &#8222;Napfogyatkoz\u00e1s&#8220; verwirklicht wird, bietet in einem von dem schwierigsten und pers\u00f6nlichsten Thema Hilfe: bei Trauer von Kindern, die enge Familienmitglieder verloren haben. Aufgrund einer finnischen Methode wird in Gruppen f\u00fcr&hellip;","og_url":"https:\/\/abracadabraworld.com\/de\/geben-tut-gut\/programm-blume-der-hoffnung\/","og_site_name":"ABRACADABRAWORLD","article_publisher":"https:\/\/www.facebook.com\/abracadabraworld\/","article_modified_time":"2021-01-06T22:37:29+00:00","og_image":[{"width":2560,"height":1707,"url":"https:\/\/abracadabraworld.com\/wp-content\/uploads\/2020\/11\/pexels-josh-willink-701014-scaled.jpg","type":"image\/jpeg"}],"twitter_card":"summary_large_image","twitter_misc":{"Gesch\u00e4tzte Lesezeit":"5\u00a0Minuten"},"schema":{"@context":"https:\/\/schema.org","@graph":[{"@type":"WebPage","@id":"https:\/\/abracadabraworld.com\/de\/geben-tut-gut\/programm-blume-der-hoffnung\/","url":"https:\/\/abracadabraworld.com\/de\/geben-tut-gut\/programm-blume-der-hoffnung\/","name":"Programm \"Blume der Hoffnung\" - ABRACADABRAWORLD","isPartOf":{"@id":"https:\/\/abracadabraworld.com\/#website"},"primaryImageOfPage":{"@id":"https:\/\/abracadabraworld.com\/de\/geben-tut-gut\/programm-blume-der-hoffnung\/#primaryimage"},"image":{"@id":"https:\/\/abracadabraworld.com\/de\/geben-tut-gut\/programm-blume-der-hoffnung\/#primaryimage"},"thumbnailUrl":"https:\/\/abracadabraworld.com\/wp-content\/uploads\/2020\/11\/pexels-josh-willink-701014-scaled.jpg","datePublished":"2020-11-05T08:35:09+00:00","dateModified":"2021-01-06T22:37:29+00:00","breadcrumb":{"@id":"https:\/\/abracadabraworld.com\/de\/geben-tut-gut\/programm-blume-der-hoffnung\/#breadcrumb"},"inLanguage":"de","potentialAction":[{"@type":"ReadAction","target":["https:\/\/abracadabraworld.com\/de\/geben-tut-gut\/programm-blume-der-hoffnung\/"]}]},{"@type":"ImageObject","inLanguage":"de","@id":"https:\/\/abracadabraworld.com\/de\/geben-tut-gut\/programm-blume-der-hoffnung\/#primaryimage","url":"https:\/\/abracadabraworld.com\/wp-content\/uploads\/2020\/11\/pexels-josh-willink-701014-scaled.jpg","contentUrl":"https:\/\/abracadabraworld.com\/wp-content\/uploads\/2020\/11\/pexels-josh-willink-701014-scaled.jpg","width":2560,"height":1707},{"@type":"BreadcrumbList","@id":"https:\/\/abracadabraworld.com\/de\/geben-tut-gut\/programm-blume-der-hoffnung\/#breadcrumb","itemListElement":[{"@type":"ListItem","position":1,"name":"Home","item":"https:\/\/abracadabraworld.com\/de\/"},{"@type":"ListItem","position":2,"name":"Geben tut gut","item":"https:\/\/abracadabraworld.com\/de\/geben-tut-gut\/"},{"@type":"ListItem","position":3,"name":"Programm &#8222;Blume der Hoffnung&#8220;"}]},{"@type":"WebSite","@id":"https:\/\/abracadabraworld.com\/#website","url":"https:\/\/abracadabraworld.com\/","name":"ABRACADABRAWORLD","description":"Wir bieten schnelle und instante L\u00f6sungen f\u00fcr Mutter, die unter Zeitmangel leiden. Online programme, herunterladende Digitalmaterialien, M\u00e4rchen und Spiele, unter dem Motto von Mindfulness.","potentialAction":[{"@type":"SearchAction","target":{"@type":"EntryPoint","urlTemplate":"https:\/\/abracadabraworld.com\/?s={search_term_string}"},"query-input":{"@type":"PropertyValueSpecification","valueRequired":true,"valueName":"search_term_string"}}],"inLanguage":"de"}]}},"_links":{"self":[{"href":"https:\/\/abracadabraworld.com\/de\/wp-json\/wp\/v2\/pages\/3856","targetHints":{"allow":["GET"]}}],"collection":[{"href":"https:\/\/abracadabraworld.com\/de\/wp-json\/wp\/v2\/pages"}],"about":[{"href":"https:\/\/abracadabraworld.com\/de\/wp-json\/wp\/v2\/types\/page"}],"author":[{"embeddable":true,"href":"https:\/\/abracadabraworld.com\/de\/wp-json\/wp\/v2\/users\/3"}],"replies":[{"embeddable":true,"href":"https:\/\/abracadabraworld.com\/de\/wp-json\/wp\/v2\/comments?post=3856"}],"version-history":[{"count":0,"href":"https:\/\/abracadabraworld.com\/de\/wp-json\/wp\/v2\/pages\/3856\/revisions"}],"up":[{"embeddable":true,"href":"https:\/\/abracadabraworld.com\/de\/wp-json\/wp\/v2\/pages\/3846"}],"wp:featuredmedia":[{"embeddable":true,"href":"https:\/\/abracadabraworld.com\/de\/wp-json\/wp\/v2\/media\/3775"}],"wp:attachment":[{"href":"https:\/\/abracadabraworld.com\/de\/wp-json\/wp\/v2\/media?parent=3856"}],"curies":[{"name":"wp","href":"https:\/\/api.w.org\/{rel}","templated":true}]}}