{"id":3863,"date":"2020-05-13T13:19:05","date_gmt":"2020-05-13T13:19:05","guid":{"rendered":"https:\/\/abracadabraworld.com\/adatvedelmi-tajekoztato\/"},"modified":"2021-01-06T18:30:28","modified_gmt":"2021-01-06T17:30:28","slug":"datenschutz","status":"publish","type":"page","link":"https:\/\/abracadabraworld.com\/de\/datenschutz\/","title":{"rendered":"Datenschutz"},"content":{"rendered":"<p><strong>Datenschutzerkl\u00e4rung f\u00fcr Artereg\u00f3 Kft.<\/strong><\/p>\n<p>Unter https:\/\/abracadabraworld.com\/, zug\u00e4nglich unter https:\/\/abracadabraworld.com\/de, ist eine unserer Hauptpriorit\u00e4ten die Privatsph\u00e4re unserer Besucher. Dieses Datenschutzdokument enth\u00e4lt Arten von Informationen, die von https:\/\/abracadabraworld.com\/ gesammelt und aufgezeichnet werden, und wie wir sie verwenden.<\/p>\n<p>Wenn Sie weitere Fragen haben oder weitere Informationen zu unserer Datenschutzrichtlinie ben\u00f6tigen, z\u00f6gern Sie nicht, uns zu kontaktieren.<\/p>\n<p>Diese Datenschutzrichtlinie gilt nur f\u00fcr unsere Online-Aktivit\u00e4ten und gilt f\u00fcr Besucher unserer Website in Bezug auf die Informationen, die sie unter https:\/\/abracadabraworld.com\/ geteilt und \/ oder gesammelt haben. Diese Richtlinie gilt nicht f\u00fcr Informationen, die offline oder \u00fcber andere Kan\u00e4le als diese Website gesammelt werden.<\/p>\n<p><strong>Zustimmung<\/strong><\/p>\n<p>Durch die Nutzung unserer Website stimmen Sie hiermit unserer Datenschutzrichtlinie zu und stimmen deren Bedingungen zu.<\/p>\n<p><strong>Informationen, die wir sammeln<\/strong><\/p>\n<p>Die von Ihnen angeforderten pers\u00f6nlichen Daten und die Gr\u00fcnde, warum Sie zur Angabe aufgefordert werden, werden Ihnen an dem Punkt klargestellt, an dem wir Sie auffordern, Ihre pers\u00f6nlichen Daten anzugeben.<\/p>\n<p>Wenn Sie uns direkt kontaktieren, erhalten wir m\u00f6glicherweise zus\u00e4tzliche Informationen \u00fcber Sie, wie z. B. Ihren Namen, Ihre E-Mail-Adresse, Ihre Telefonnummer, den Inhalt der Nachricht und \/ oder Anh\u00e4nge, die Sie uns senden, sowie weitere Informationen, die Sie m\u00f6glicherweise angeben.<\/p>\n<p>Wenn Sie sich f\u00fcr ein Konto registrieren, werden Sie m\u00f6glicherweise nach Ihren Kontaktinformationen gefragt, einschlie\u00dflich Namen, Firmenname, Adresse, E-Mail-Adresse und Telefonnummer.<\/p>\n<p><strong>Wie wir Ihre Daten verwenden<\/strong><\/p>\n<p>Wir verwenden die von uns gesammelten Informationen auf verschiedene Weise, unter anderem um:<\/p>\n<ul>\n<li>Bereitstellung, Betrieb und Wartung unserer Website<\/li>\n<li>Verbessern, personalisieren und erweitern Sie unsere Website<\/li>\n<li>Verstehen und analysieren Sie, wie Sie unsere Website nutzen<\/li>\n<li>Entwickeln Sie neue Produkte, Dienstleistungen, Features und Funktionen<\/li>\n<li>Kommunizieren Sie direkt oder \u00fcber einen unserer Partner mit Ihnen, auch f\u00fcr den Kundenservice, um Sie mit Updates und anderen Informationen in<\/li>\n<li>Bezug auf die Website sowie f\u00fcr Marketing- und Werbezwecke zu versorgen<\/li>\n<li>Senden Sie Ihnen E-Mails<\/li>\n<li>Betrug finden und verhindern<\/li>\n<li>Protokolldateien<\/li>\n<\/ul>\n<p>https:\/\/abracadabraworld.com\/ folgt einem Standardverfahren zur Verwendung von Protokolldateien. Diese Dateien protokollieren Besucher, wenn sie Websites besuchen. Alle Hosting-Unternehmen tun dies und sind Teil der Analyse der Hosting-Services. Zu den von Protokolldateien gesammelten Informationen geh\u00f6ren IP-Adressen (Internet Protocol), Browsertyp, Internet Service Provider (ISP), Datums- und Zeitstempel, Verweis- \/ Beendigungsseiten und m\u00f6glicherweise die Anzahl der Klicks. Diese sind nicht mit Informationen verkn\u00fcpft, die pers\u00f6nlich identifizierbar sind. Der Zweck der Informationen besteht darin, Trends zu analysieren, die Website zu verwalten, die Bewegung der Benutzer auf der Website zu verfolgen und demografische Informationen zu sammeln. Unsere Datenschutzrichtlinie wurde mit Hilfe des Generators f\u00fcr Datenschutzrichtlinien und des Generators f\u00fcr Online-Datenschutzrichtlinien erstellt.<\/p>\n<p><strong>Cookies und Web Beacons<\/strong><\/p>\n<p>Wie jede andere Website verwendet auch https:\/\/abracadabraworld.com\/ &#8222;Cookies&#8220;. Diese Cookies werden verwendet, um Informationen zu speichern, einschlie\u00dflich der Pr\u00e4ferenzen der Besucher und der Seiten auf der Website, auf die der Besucher zugegriffen oder die er besucht hat. Die Informationen werden verwendet, um die Benutzererfahrung zu optimieren, indem der Inhalt unserer Webseite basierend auf dem Browsertyp der Besucher und \/ oder anderen Informationen angepasst wird.<\/p>\n<p>Weitere allgemeine Informationen zu Cookies finden Sie unter &#8222;Was sind Cookies?&#8220;.<\/p>\n<p><strong>Datenschutzrichtlinien f\u00fcr Werbepartner<\/strong><\/p>\n<p>In dieser Liste finden Sie die Datenschutzbestimmungen f\u00fcr jeden Werbepartner von https:\/\/abracadabraworld.com\/.<\/p>\n<p>Ad-Server oder Ad-Netzwerke von Drittanbietern verwenden Technologien wie Cookies, JavaScript oder Web Beacons, die in ihren jeweiligen Anzeigen verwendet werden, und Links, die auf https:\/\/abracadabraworld.com\/ erscheinen und direkt an den Browser der Benutzer gesendet werden. In diesem Fall erhalten sie automatisch Ihre IP-Adresse. Diese Technologien werden verwendet, um die Effektivit\u00e4t ihrer Werbekampagnen zu messen und \/ oder um den Werbeinhalt zu personalisieren, den Sie auf den von Ihnen besuchten Websites sehen.<\/p>\n<p>Beachten Sie, dass https:\/\/abracadabraworld.com\/ keinen Zugriff auf oder keine Kontrolle \u00fcber diese Cookies hat, die von Werbekunden Dritter verwendet werden.<\/p>\n<p><strong>Datenschutzrichtlinien von Drittanbietern<\/strong><\/p>\n<p>Die Datenschutzbestimmungen von https:\/\/abracadabraworld.com\/ gelten nicht f\u00fcr andere Werbetreibende oder Websites. Wir empfehlen Ihnen daher, die jeweiligen Datenschutzrichtlinien dieser Ad-Server von Drittanbietern zu konsultieren, um detailliertere Informationen zu erhalten. Es kann ihre Praktiken und Anweisungen zum Deaktivieren bestimmter Optionen enthalten.<\/p>\n<p>Sie k\u00f6nnen Cookies \u00fcber Ihre individuellen Browseroptionen deaktivieren. Weitere Informationen zur Cookie-Verwaltung mit bestimmten Webbrowsern finden Sie auf den jeweiligen Websites der Browser.<\/p>\n<p>Fordern Sie ein Unternehmen auf, die personenbezogenen Daten eines Verbrauchers erfasst, die Kategorien und spezifischen personenbezogenen Daten offenzulegen, die ein Unternehmen \u00fcber Verbraucher erfasst hat.<\/p>\n<p>Fordern Sie ein Unternehmen auf, alle pers\u00f6nlichen Daten \u00fcber den Verbraucher zu l\u00f6schen, die ein Unternehmen gesammelt hat.<\/p>\n","protected":false},"excerpt":{"rendered":"<p>Datenschutzerkl\u00e4rung f\u00fcr Artereg\u00f3 Kft. Unter https:\/\/abracadabraworld.com\/, zug\u00e4nglich unter https:\/\/abracadabraworld.com\/de, ist eine unserer Hauptpriorit\u00e4ten die Privatsph\u00e4re unserer Besucher. Dieses Datenschutzdokument enth\u00e4lt Arten von Informationen, die von https:\/\/abracadabraworld.com\/ gesammelt und aufgezeichnet werden, und wie wir sie verwenden. Wenn Sie weitere Fragen haben oder weitere Informationen zu unserer Datenschutzrichtlinie ben\u00f6tigen, z\u00f6gern Sie nicht, uns zu kontaktieren. Diese Datenschutzrichtlinie&hellip;<\/p>\n","protected":false},"author":2,"featured_media":0,"parent":0,"menu_order":0,"comment_status":"closed","ping_status":"closed","template":"","meta":{"footnotes":""},"class_list":["post-3863","page","type-page","status-publish","hentry","description-off"],"yoast_head":"<!-- This site is optimized with the Yoast SEO plugin v26.8 - https:\/\/yoast.com\/product\/yoast-seo-wordpress\/ -->\n<title>Datenschutz - ABRACADABRAWORLD<\/title>\n<meta name=\"robots\" content=\"index, follow, max-snippet:-1, max-image-preview:large, max-video-preview:-1\" \/>\n<link rel=\"canonical\" href=\"https:\/\/abracadabraworld.com\/de\/datenschutz\/\" \/>\n<meta property=\"og:locale\" content=\"de_DE\" \/>\n<meta property=\"og:type\" content=\"article\" \/>\n<meta property=\"og:title\" content=\"Datenschutz - ABRACADABRAWORLD\" \/>\n<meta property=\"og:description\" content=\"Datenschutzerkl\u00e4rung f\u00fcr Artereg\u00f3 Kft. Unter https:\/\/abracadabraworld.com\/, zug\u00e4nglich unter https:\/\/abracadabraworld.com\/de, ist eine unserer Hauptpriorit\u00e4ten die Privatsph\u00e4re unserer Besucher. Dieses Datenschutzdokument enth\u00e4lt Arten von Informationen, die von https:\/\/abracadabraworld.com\/ gesammelt und aufgezeichnet werden, und wie wir sie verwenden. Wenn Sie weitere Fragen haben oder weitere Informationen zu unserer Datenschutzrichtlinie ben\u00f6tigen, z\u00f6gern Sie nicht, uns zu kontaktieren. Diese Datenschutzrichtlinie&hellip;\" \/>\n<meta property=\"og:url\" content=\"https:\/\/abracadabraworld.com\/de\/datenschutz\/\" \/>\n<meta property=\"og:site_name\" content=\"ABRACADABRAWORLD\" \/>\n<meta property=\"article:publisher\" content=\"https:\/\/www.facebook.com\/abracadabraworld\/\" \/>\n<meta property=\"article:modified_time\" content=\"2021-01-06T17:30:28+00:00\" \/>\n<meta name=\"twitter:card\" content=\"summary_large_image\" \/>\n<meta name=\"twitter:label1\" content=\"Gesch\u00e4tzte Lesezeit\" \/>\n\t<meta name=\"twitter:data1\" content=\"4\u00a0Minuten\" \/>\n<script type=\"application\/ld+json\" class=\"yoast-schema-graph\">{\"@context\":\"https:\/\/schema.org\",\"@graph\":[{\"@type\":\"WebPage\",\"@id\":\"https:\/\/abracadabraworld.com\/de\/datenschutz\/\",\"url\":\"https:\/\/abracadabraworld.com\/de\/datenschutz\/\",\"name\":\"Datenschutz - ABRACADABRAWORLD\",\"isPartOf\":{\"@id\":\"https:\/\/abracadabraworld.com\/#website\"},\"datePublished\":\"2020-05-13T13:19:05+00:00\",\"dateModified\":\"2021-01-06T17:30:28+00:00\",\"breadcrumb\":{\"@id\":\"https:\/\/abracadabraworld.com\/de\/datenschutz\/#breadcrumb\"},\"inLanguage\":\"de\",\"potentialAction\":[{\"@type\":\"ReadAction\",\"target\":[\"https:\/\/abracadabraworld.com\/de\/datenschutz\/\"]}]},{\"@type\":\"BreadcrumbList\",\"@id\":\"https:\/\/abracadabraworld.com\/de\/datenschutz\/#breadcrumb\",\"itemListElement\":[{\"@type\":\"ListItem\",\"position\":1,\"name\":\"Home\",\"item\":\"https:\/\/abracadabraworld.com\/de\/\"},{\"@type\":\"ListItem\",\"position\":2,\"name\":\"Datenschutz\"}]},{\"@type\":\"WebSite\",\"@id\":\"https:\/\/abracadabraworld.com\/#website\",\"url\":\"https:\/\/abracadabraworld.com\/\",\"name\":\"ABRACADABRAWORLD\",\"description\":\"Wir bieten schnelle und instante L\u00f6sungen f\u00fcr Mutter, die unter Zeitmangel leiden. Online programme, herunterladende Digitalmaterialien, M\u00e4rchen und Spiele, unter dem Motto von Mindfulness.\",\"potentialAction\":[{\"@type\":\"SearchAction\",\"target\":{\"@type\":\"EntryPoint\",\"urlTemplate\":\"https:\/\/abracadabraworld.com\/?s={search_term_string}\"},\"query-input\":{\"@type\":\"PropertyValueSpecification\",\"valueRequired\":true,\"valueName\":\"search_term_string\"}}],\"inLanguage\":\"de\"}]}<\/script>\n<!-- \/ Yoast SEO plugin. -->","yoast_head_json":{"title":"Datenschutz - ABRACADABRAWORLD","robots":{"index":"index","follow":"follow","max-snippet":"max-snippet:-1","max-image-preview":"max-image-preview:large","max-video-preview":"max-video-preview:-1"},"canonical":"https:\/\/abracadabraworld.com\/de\/datenschutz\/","og_locale":"de_DE","og_type":"article","og_title":"Datenschutz - ABRACADABRAWORLD","og_description":"Datenschutzerkl\u00e4rung f\u00fcr Artereg\u00f3 Kft. Unter https:\/\/abracadabraworld.com\/, zug\u00e4nglich unter https:\/\/abracadabraworld.com\/de, ist eine unserer Hauptpriorit\u00e4ten die Privatsph\u00e4re unserer Besucher. Dieses Datenschutzdokument enth\u00e4lt Arten von Informationen, die von https:\/\/abracadabraworld.com\/ gesammelt und aufgezeichnet werden, und wie wir sie verwenden. Wenn Sie weitere Fragen haben oder weitere Informationen zu unserer Datenschutzrichtlinie ben\u00f6tigen, z\u00f6gern Sie nicht, uns zu kontaktieren. Diese Datenschutzrichtlinie&hellip;","og_url":"https:\/\/abracadabraworld.com\/de\/datenschutz\/","og_site_name":"ABRACADABRAWORLD","article_publisher":"https:\/\/www.facebook.com\/abracadabraworld\/","article_modified_time":"2021-01-06T17:30:28+00:00","twitter_card":"summary_large_image","twitter_misc":{"Gesch\u00e4tzte Lesezeit":"4\u00a0Minuten"},"schema":{"@context":"https:\/\/schema.org","@graph":[{"@type":"WebPage","@id":"https:\/\/abracadabraworld.com\/de\/datenschutz\/","url":"https:\/\/abracadabraworld.com\/de\/datenschutz\/","name":"Datenschutz - ABRACADABRAWORLD","isPartOf":{"@id":"https:\/\/abracadabraworld.com\/#website"},"datePublished":"2020-05-13T13:19:05+00:00","dateModified":"2021-01-06T17:30:28+00:00","breadcrumb":{"@id":"https:\/\/abracadabraworld.com\/de\/datenschutz\/#breadcrumb"},"inLanguage":"de","potentialAction":[{"@type":"ReadAction","target":["https:\/\/abracadabraworld.com\/de\/datenschutz\/"]}]},{"@type":"BreadcrumbList","@id":"https:\/\/abracadabraworld.com\/de\/datenschutz\/#breadcrumb","itemListElement":[{"@type":"ListItem","position":1,"name":"Home","item":"https:\/\/abracadabraworld.com\/de\/"},{"@type":"ListItem","position":2,"name":"Datenschutz"}]},{"@type":"WebSite","@id":"https:\/\/abracadabraworld.com\/#website","url":"https:\/\/abracadabraworld.com\/","name":"ABRACADABRAWORLD","description":"Wir bieten schnelle und instante L\u00f6sungen f\u00fcr Mutter, die unter Zeitmangel leiden. Online programme, herunterladende Digitalmaterialien, M\u00e4rchen und Spiele, unter dem Motto von Mindfulness.","potentialAction":[{"@type":"SearchAction","target":{"@type":"EntryPoint","urlTemplate":"https:\/\/abracadabraworld.com\/?s={search_term_string}"},"query-input":{"@type":"PropertyValueSpecification","valueRequired":true,"valueName":"search_term_string"}}],"inLanguage":"de"}]}},"_links":{"self":[{"href":"https:\/\/abracadabraworld.com\/de\/wp-json\/wp\/v2\/pages\/3863","targetHints":{"allow":["GET"]}}],"collection":[{"href":"https:\/\/abracadabraworld.com\/de\/wp-json\/wp\/v2\/pages"}],"about":[{"href":"https:\/\/abracadabraworld.com\/de\/wp-json\/wp\/v2\/types\/page"}],"author":[{"embeddable":true,"href":"https:\/\/abracadabraworld.com\/de\/wp-json\/wp\/v2\/users\/2"}],"replies":[{"embeddable":true,"href":"https:\/\/abracadabraworld.com\/de\/wp-json\/wp\/v2\/comments?post=3863"}],"version-history":[{"count":0,"href":"https:\/\/abracadabraworld.com\/de\/wp-json\/wp\/v2\/pages\/3863\/revisions"}],"wp:attachment":[{"href":"https:\/\/abracadabraworld.com\/de\/wp-json\/wp\/v2\/media?parent=3863"}],"curies":[{"name":"wp","href":"https:\/\/api.w.org\/{rel}","templated":true}]}}