{"id":3865,"date":"2020-05-14T07:06:29","date_gmt":"2020-05-14T07:06:29","guid":{"rendered":"https:\/\/abracadabraworld.com\/aszf\/"},"modified":"2021-01-12T15:25:07","modified_gmt":"2021-01-12T14:25:07","slug":"agb","status":"publish","type":"page","link":"https:\/\/abracadabraworld.com\/de\/agb\/","title":{"rendered":"AGB"},"content":{"rendered":"<h2><strong>Allgemeine Gesch\u00e4ftsbedingungen<\/strong><\/h2>\n<p>Willkommen bei https:\/\/abracadabraworld.com\/!<\/p>\n<p>Diese Allgemeinen Gesch\u00e4ftsbedingungen enthalten die Regeln und Vorschriften f\u00fcr die Nutzung der Website von Artereg\u00f3 Kft. Unter https:\/\/abracadabraworld.com\/de.<\/p>\n<p>Durch den Zugriff auf diese Website gehen wir davon aus, dass Sie diese Allgemeinen Gesch\u00e4ftsbedingungen akzeptieren. Verwenden Sie https:\/\/abracadabraworld.com\/ nicht weiter, wenn Sie nicht einverstanden sind, alle auf dieser Seite aufgef\u00fchrten Bedingungen zu akzeptieren. Unsere Allgemeinen Gesch\u00e4ftsbedingungen wurden mit Hilfe des Generators f\u00fcr allgemeine Gesch\u00e4ftsbedingungen und des Generators f\u00fcr kostenlose allgemeine Gesch\u00e4ftsbedingungen erstellt.<\/p>\n<p>Die folgende Terminologie gilt f\u00fcr diese Allgemeinen Gesch\u00e4ftsbedingungen, die Datenschutzerkl\u00e4rung und den Haftungsausschluss sowie alle Vereinbarungen: &#8222;Kunde&#8220;, &#8222;Sie&#8220; und &#8222;Ihr&#8220; bezieht sich auf Sie, die Person, die sich auf dieser Website anmeldet und den Gesch\u00e4ftsbedingungen des Unternehmens entspricht. &#8222;Das Unternehmen&#8220;, &#8222;Wir selbst&#8220;, &#8222;Wir&#8220;, &#8222;Unser&#8220; und &#8222;Wir&#8220; beziehen sich auf unser Unternehmen. &#8222;Partei&#8220;, &#8222;Parteien&#8220; oder &#8222;uns&#8220; bezieht sich sowohl auf den Kunden als auch auf uns. Alle Bedingungen beziehen sich auf das Angebot, die Annahme und die Gegenleistung f\u00fcr die Zahlung, die erforderlich sind, um den Prozess unserer Unterst\u00fctzung f\u00fcr den Kunden in der am besten geeigneten Weise durchzuf\u00fchren, um ausdr\u00fccklich die Bed\u00fcrfnisse des Kunden in Bezug auf die Erbringung der angegebenen Dienstleistungen des Unternehmens gem\u00e4\u00df zu erf\u00fcllen und vorbehaltlich des geltenden niederl\u00e4ndischen Rechts. Jede Verwendung der obigen Terminologie oder anderer W\u00f6rter im Singular, Plural, Gro\u00df- und Kleinschreibung und \/ oder er \/ sie oder sie wird als austauschbar angesehen und bezieht sich daher auf diese.<\/p>\n<h3><strong>Cookies<\/strong><\/h3>\n<p>Wir verwenden Cookies. Durch den Zugriff auf https:\/\/abracadabraworld.com\/ haben Sie zugestimmt, Cookies in \u00dcbereinstimmung mit den Datenschutzbestimmungen der Artereg\u00f3 Kft. Zu verwenden.<\/p>\n<p>Die meisten interaktiven Websites verwenden Cookies, damit wir die Benutzerdaten f\u00fcr jeden Besuch abrufen k\u00f6nnen. Cookies werden von unserer Website verwendet, um die Funktionalit\u00e4t bestimmter Bereiche zu aktivieren und den Besuchern unserer Website den Besuch zu erleichtern. Einige unserer Partner \/ Werbepartner verwenden m\u00f6glicherweise auch Cookies.<\/p>\n<h3>Lizenz<\/h3>\n<p>Sofern nicht anders angegeben, ist Artereg\u00f3 Kft. und \/ oder seine Lizenzgeber besitzen die Rechte an geistigem Eigentum f\u00fcr alle Materialien auf https:\/\/abracadabraworld.com\/. Alle Rechte an geistigem Eigentum sind vorbehalten. Sie k\u00f6nnen von https:\/\/abracadabraworld.com\/ aus f\u00fcr Ihren pers\u00f6nlichen Gebrauch darauf zugreifen, sofern in diesen Nutzungsbedingungen Einschr\u00e4nkungen festgelegt sind.<\/p>\n<p>Du darfst nicht:<\/p>\n<p>Ver\u00f6ffentlichen Sie Material von https:\/\/abracadabraworld.com\/<br \/>\nVerkaufen, vermieten oder unterlizenzieren Sie Material unter https:\/\/abracadabraworld.com\/<br \/>\nReproduzieren, duplizieren oder kopieren Sie Material von https:\/\/abracadabraworld.com\/<br \/>\nVerteilen Sie Inhalte von https:\/\/abracadabraworld.com\/<\/p>\n<p>Diese Vereinbarung beginnt mit dem Datum dieser Vereinbarung.<\/p>\n<p>Teile dieser Website bieten Benutzern die M\u00f6glichkeit, Meinungen und Informationen in bestimmten Bereichen der Website zu ver\u00f6ffentlichen und auszutauschen. Artereg\u00f3 Kft. filtert, bearbeitet, ver\u00f6ffentlicht oder \u00fcberpr\u00fcft Kommentare nicht vor ihrer Anwesenheit auf der Website. Kommentare spiegeln nicht die Ansichten und Meinungen von Artereg\u00f3 Kft., Seinen Vertretern und \/ oder verbundenen Unternehmen wider. Kommentare spiegeln die Ansichten und Meinungen der Person wider, die ihre Ansichten und Meinungen ver\u00f6ffentlicht. Soweit gesetzlich zul\u00e4ssig, hat Artereg\u00f3 Kft. haftet nicht f\u00fcr die Kommentare oder f\u00fcr Haftung, Sch\u00e4den oder Kosten, die durch die Verwendung und \/ oder Ver\u00f6ffentlichung und \/ oder das Erscheinen der Kommentare auf dieser Website verursacht und \/ oder verursacht werden.<\/p>\n<p>Artereg\u00f3 Kft. beh\u00e4lt sich das Recht vor, alle Kommentare zu \u00fcberwachen und Kommentare zu entfernen, die als unangemessen, anst\u00f6\u00dfig oder als Versto\u00df gegen diese Allgemeinen Gesch\u00e4ftsbedingungen angesehen werden k\u00f6nnen.<\/p>\n<p>Sie garantieren und vertreten Folgendes:<\/p>\n<p>Sie sind berechtigt, die Kommentare auf unserer Website zu ver\u00f6ffentlichen und verf\u00fcgen \u00fcber alle erforderlichen Lizenzen und Einwilligungen.<br \/>\nDie Kommentare verletzen kein Recht an geistigem Eigentum, einschlie\u00dflich, jedoch nicht beschr\u00e4nkt auf Urheberrechte, Patente oder Marken Dritter.<br \/>\nDie Kommentare enthalten kein diffamierendes, verleumderisches, beleidigendes, unanst\u00e4ndiges oder anderweitig rechtswidriges Material, das eine Verletzung der Privatsph\u00e4re darstellt<br \/>\nDie Kommentare werden nicht verwendet, um gesch\u00e4ftliche oder benutzerdefinierte Aktivit\u00e4ten zu werben oder zu f\u00f6rdern oder um kommerzielle Aktivit\u00e4ten oder rechtswidrige Aktivit\u00e4ten zu pr\u00e4sentieren.<\/p>\n<p>Sie gew\u00e4hren hiermit Artereg\u00f3 Kft. Eine nicht exklusive Lizenz zur Nutzung, Reproduktion, Bearbeitung und Autorisierung anderer zur Nutzung, Reproduktion und Bearbeitung Ihrer Kommentare in allen Formen, Formaten oder Medien.<\/p>\n<h3>Hyperlink zu unseren Inhalten<\/h3>\n<p>Die folgenden Organisationen k\u00f6nnen ohne vorherige schriftliche Genehmigung auf unsere Website verlinken:<\/p>\n<p>Regierungsbeh\u00f6rden;<br \/>\nSuchmaschinen;<br \/>\nNachrichtenorganisationen;<br \/>\nOnline-Verzeichnisverteiler k\u00f6nnen auf dieselbe Weise auf unsere Website verlinken wie auf Websites anderer b\u00f6rsennotierter Unternehmen. und<br \/>\nSystemweit akkreditierte Unternehmen, mit Ausnahme der Anwerbung von gemeinn\u00fctzigen Organisationen, Einkaufszentren f\u00fcr Wohlt\u00e4tigkeitszwecke und Spendengruppen f\u00fcr Wohlt\u00e4tigkeitszwecke, die m\u00f6glicherweise keinen Hyperlink zu unserer Website enthalten.<\/p>\n<p>Diese Organisationen k\u00f6nnen auf unsere Homepage, auf Ver\u00f6ffentlichungen oder auf andere Website-Informationen verlinken, solange der Link: (a) in keiner Weise t\u00e4uscht; (b) bedeutet nicht f\u00e4lschlicherweise Sponsoring, Billigung oder Genehmigung der Verbindungspartei und ihrer Produkte und \/ oder Dienstleistungen; und (c) in den Kontext der Website der Linkpartei passt.<\/p>\n<p>Wir k\u00f6nnen andere Linkanfragen von folgenden Arten von Organisationen pr\u00fcfen und genehmigen:<\/p>\n<p>allgemein bekannte Verbraucher- und \/ oder Gesch\u00e4ftsinformationsquellen;<br \/>\ndot.com Community-Websites;<br \/>\nVereinigungen oder andere Gruppen, die Wohlt\u00e4tigkeitsorganisationen vertreten;<br \/>\nOnline-Verzeichnisverteiler;<br \/>\nInternetportale;<br \/>\nWirtschaftspr\u00fcfungs-, Rechts- und Beratungsunternehmen; und<br \/>\nBildungseinrichtungen und Fachverb\u00e4nde.<\/p>\n<p>Wir werden Linkanfragen von diesen Organisationen genehmigen, wenn wir entscheiden, dass: (a) der Link uns nicht f\u00fcr uns selbst oder unsere akkreditierten Unternehmen ung\u00fcnstig erscheinen l\u00e4sst; (b) die Organisation hat keine negativen Aufzeichnungen bei uns; (c) der Nutzen der Sichtbarkeit des Hyperlinks f\u00fcr uns kompensiert das Fehlen von Artereg\u00f3 Kft.; und (d) die Verkn\u00fcpfung steht im Kontext allgemeiner Ressourceninformationen.<\/p>\n<p>Diese Organisationen d\u00fcrfen auf unsere Homepage verlinken, solange der Link: (a) in keiner Weise t\u00e4uscht; (b) bedeutet nicht f\u00e4lschlicherweise Sponsoring, Billigung oder Genehmigung der Verbindungspartei und ihrer Produkte oder Dienstleistungen; und (c) in den Kontext der Website der Linkpartei passt.<\/p>\n<p>Wenn Sie eine der in Absatz 2 aufgef\u00fchrten Organisationen sind und auf unsere Website verlinken m\u00f6chten, m\u00fcssen Sie uns dies per E-Mail an Artereg\u00f3 Kft mitteilen. Bitte geben Sie Ihren Namen, den Namen Ihrer Organisation, die Kontaktinformationen sowie an die URL Ihrer Website, eine Liste aller URLs, von denen Sie auf unsere Website verlinken m\u00f6chten, und eine Liste der URLs auf unserer Website, auf die Sie verlinken m\u00f6chten. Warten Sie 2-3 Wochen auf eine Antwort.<\/p>\n<p>Zugelassene Organisationen k\u00f6nnen wie folgt auf unsere Website verlinken:<\/p>\n<p>Unter Verwendung unseres Firmennamens; oder<br \/>\nDurch Verwendung des einheitlichen Ressourcen-Locators, mit dem verkn\u00fcpft wird; oder<br \/>\nDie Verwendung einer anderen Beschreibung unserer Website, auf die verlinkt wird, ist im Kontext und Format des Inhalts auf der Website der verkn\u00fcpften Partei sinnvoll.<\/p>\n<p>Die Verwendung des Logos oder anderer Grafiken von Artereg\u00f3 Kft. Zum Verkn\u00fcpfen ist ohne eine Markenlizenzvereinbarung nicht gestattet.<\/p>\n<h3>iFrames<\/h3>\n<p>Ohne vorherige Genehmigung und schriftliche Genehmigung d\u00fcrfen Sie keine Frames um unsere Webseiten erstellen, die die visuelle Darstellung oder das Erscheinungsbild unserer Website in irgendeiner Weise ver\u00e4ndern.<\/p>\n<h3>Inhaltshaftung<\/h3>\n<p>Wir sind nicht verantwortlich f\u00fcr Inhalte, die auf Ihrer Website erscheinen. Sie erkl\u00e4ren sich damit einverstanden, uns vor allen Anspr\u00fcchen auf Ihrer Website zu sch\u00fctzen und zu verteidigen. Auf keiner Website d\u00fcrfen Links erscheinen, die als verleumderisch, obsz\u00f6n oder kriminell interpretiert werden k\u00f6nnen oder die die Verletzung oder sonstige Verletzung von Rechten Dritter verletzen, anderweitig verletzen oder bef\u00fcrworten.<\/p>\n<h3>Ihre Privatsph\u00e4re<\/h3>\n<p>Bitte lesen Sie die Datenschutzbestimmungen<\/p>\n<h3>Vorbehalt von Rechten<\/h3>\n<p>Wir behalten uns das Recht vor, Sie aufzufordern, alle Links oder bestimmte Links zu unserer Website zu entfernen. Sie stimmen zu, alle Links zu unserer Website auf Anfrage sofort zu entfernen. Wir behalten uns au\u00dferdem das Recht vor, diese Allgemeinen Gesch\u00e4ftsbedingungen und deren Verkn\u00fcpfungsrichtlinien jederzeit zu \u00e4ndern. Durch die kontinuierliche Verkn\u00fcpfung mit unserer Website erkl\u00e4ren Sie sich damit einverstanden, an diese Verkn\u00fcpfungsbedingungen gebunden zu sein und diese zu befolgen.<\/p>\n<h3>Entfernung von Links von unserer Website<\/h3>\n<p>Wenn Sie auf unserer Website einen Link finden, der aus irgendeinem Grund anst\u00f6\u00dfig ist, k\u00f6nnen Sie uns jederzeit kontaktieren und informieren. Wir werden Anfragen zur Entfernung von Links pr\u00fcfen, sind jedoch nicht verpflichtet, Ihnen direkt zu antworten.<\/p>\n<p>Wir stellen nicht sicher, dass die Informationen auf dieser Website korrekt sind. Wir \u00fcbernehmen keine Gew\u00e4hr f\u00fcr deren Vollst\u00e4ndigkeit oder Richtigkeit. Wir versprechen auch nicht, sicherzustellen, dass die Website verf\u00fcgbar bleibt oder dass das Material auf der Website auf dem neuesten Stand gehalten wird.<\/p>\n<h3>Haftungsausschluss<\/h3>\n<p>Soweit gesetzlich zul\u00e4ssig, schlie\u00dfen wir alle Zusicherungen, Gew\u00e4hrleistungen und Bedingungen in Bezug auf unsere Website und die Nutzung dieser Website aus. Nichts in diesem Haftungsausschluss wird:<\/p>\n<p>unsere oder Ihre Haftung f\u00fcr Tod oder K\u00f6rperverletzung einschr\u00e4nken oder ausschlie\u00dfen;<br \/>\nunsere oder Ihre Haftung f\u00fcr Betrug oder betr\u00fcgerische Falschdarstellung einschr\u00e4nken oder ausschlie\u00dfen;<br \/>\nBeschr\u00e4nken Sie unsere oder Ihre Verbindlichkeiten auf eine Weise, die nach geltendem Recht nicht zul\u00e4ssig ist. oder<br \/>\nSchlie\u00dfen Sie eine unserer oder Ihrer Verbindlichkeiten aus, die nach geltendem Recht m\u00f6glicherweise nicht ausgeschlossen sind.<\/p>\n<p>Die in diesem Abschnitt und an anderer Stelle in diesem Haftungsausschluss festgelegten Haftungsbeschr\u00e4nkungen und -verbote: (a) unterliegen dem vorhergehenden Absatz; und (b) alle Verbindlichkeiten regeln, die sich aus dem Haftungsausschluss ergeben, einschlie\u00dflich Verbindlichkeiten aus dem Vertrag, aus unerlaubter Handlung und wegen Verletzung gesetzlicher Pflichten.<\/p>\n<p>Solange die Website sowie die Informationen und Dienstleistungen auf der Website kostenlos zur Verf\u00fcgung gestellt werden, haften wir nicht f\u00fcr Verluste oder Sch\u00e4den jeglicher Art.<\/p>\n","protected":false},"excerpt":{"rendered":"<p>Allgemeine Gesch\u00e4ftsbedingungen Willkommen bei https:\/\/abracadabraworld.com\/! Diese Allgemeinen Gesch\u00e4ftsbedingungen enthalten die Regeln und Vorschriften f\u00fcr die Nutzung der Website von Artereg\u00f3 Kft. Unter https:\/\/abracadabraworld.com\/de. Durch den Zugriff auf diese Website gehen wir davon aus, dass Sie diese Allgemeinen Gesch\u00e4ftsbedingungen akzeptieren. Verwenden Sie https:\/\/abracadabraworld.com\/ nicht weiter, wenn Sie nicht einverstanden sind, alle auf dieser Seite aufgef\u00fchrten Bedingungen&hellip;<\/p>\n","protected":false},"author":2,"featured_media":0,"parent":0,"menu_order":0,"comment_status":"closed","ping_status":"closed","template":"","meta":{"footnotes":""},"class_list":["post-3865","page","type-page","status-publish","hentry","description-off"],"yoast_head":"<!-- This site is optimized with the Yoast SEO plugin v26.8 - https:\/\/yoast.com\/product\/yoast-seo-wordpress\/ -->\n<title>AGB - ABRACADABRAWORLD<\/title>\n<meta name=\"robots\" content=\"index, follow, max-snippet:-1, max-image-preview:large, max-video-preview:-1\" \/>\n<link rel=\"canonical\" href=\"https:\/\/abracadabraworld.com\/de\/agb\/\" \/>\n<meta property=\"og:locale\" content=\"de_DE\" \/>\n<meta property=\"og:type\" content=\"article\" \/>\n<meta property=\"og:title\" content=\"AGB - ABRACADABRAWORLD\" \/>\n<meta property=\"og:description\" content=\"Allgemeine Gesch\u00e4ftsbedingungen Willkommen bei https:\/\/abracadabraworld.com\/! Diese Allgemeinen Gesch\u00e4ftsbedingungen enthalten die Regeln und Vorschriften f\u00fcr die Nutzung der Website von Artereg\u00f3 Kft. Unter https:\/\/abracadabraworld.com\/de. Durch den Zugriff auf diese Website gehen wir davon aus, dass Sie diese Allgemeinen Gesch\u00e4ftsbedingungen akzeptieren. Verwenden Sie https:\/\/abracadabraworld.com\/ nicht weiter, wenn Sie nicht einverstanden sind, alle auf dieser Seite aufgef\u00fchrten Bedingungen&hellip;\" \/>\n<meta property=\"og:url\" content=\"https:\/\/abracadabraworld.com\/de\/agb\/\" \/>\n<meta property=\"og:site_name\" content=\"ABRACADABRAWORLD\" \/>\n<meta property=\"article:publisher\" content=\"https:\/\/www.facebook.com\/abracadabraworld\/\" \/>\n<meta property=\"article:modified_time\" content=\"2021-01-12T14:25:07+00:00\" \/>\n<meta name=\"twitter:card\" content=\"summary_large_image\" \/>\n<meta name=\"twitter:label1\" content=\"Gesch\u00e4tzte Lesezeit\" \/>\n\t<meta name=\"twitter:data1\" content=\"8\u00a0Minuten\" \/>\n<script type=\"application\/ld+json\" class=\"yoast-schema-graph\">{\"@context\":\"https:\/\/schema.org\",\"@graph\":[{\"@type\":\"WebPage\",\"@id\":\"https:\/\/abracadabraworld.com\/de\/agb\/\",\"url\":\"https:\/\/abracadabraworld.com\/de\/agb\/\",\"name\":\"AGB - ABRACADABRAWORLD\",\"isPartOf\":{\"@id\":\"https:\/\/abracadabraworld.com\/#website\"},\"datePublished\":\"2020-05-14T07:06:29+00:00\",\"dateModified\":\"2021-01-12T14:25:07+00:00\",\"breadcrumb\":{\"@id\":\"https:\/\/abracadabraworld.com\/de\/agb\/#breadcrumb\"},\"inLanguage\":\"de\",\"potentialAction\":[{\"@type\":\"ReadAction\",\"target\":[\"https:\/\/abracadabraworld.com\/de\/agb\/\"]}]},{\"@type\":\"BreadcrumbList\",\"@id\":\"https:\/\/abracadabraworld.com\/de\/agb\/#breadcrumb\",\"itemListElement\":[{\"@type\":\"ListItem\",\"position\":1,\"name\":\"Home\",\"item\":\"https:\/\/abracadabraworld.com\/de\/\"},{\"@type\":\"ListItem\",\"position\":2,\"name\":\"AGB\"}]},{\"@type\":\"WebSite\",\"@id\":\"https:\/\/abracadabraworld.com\/#website\",\"url\":\"https:\/\/abracadabraworld.com\/\",\"name\":\"ABRACADABRAWORLD\",\"description\":\"Wir bieten schnelle und instante L\u00f6sungen f\u00fcr Mutter, die unter Zeitmangel leiden. Online programme, herunterladende Digitalmaterialien, M\u00e4rchen und Spiele, unter dem Motto von Mindfulness.\",\"potentialAction\":[{\"@type\":\"SearchAction\",\"target\":{\"@type\":\"EntryPoint\",\"urlTemplate\":\"https:\/\/abracadabraworld.com\/?s={search_term_string}\"},\"query-input\":{\"@type\":\"PropertyValueSpecification\",\"valueRequired\":true,\"valueName\":\"search_term_string\"}}],\"inLanguage\":\"de\"}]}<\/script>\n<!-- \/ Yoast SEO plugin. -->","yoast_head_json":{"title":"AGB - ABRACADABRAWORLD","robots":{"index":"index","follow":"follow","max-snippet":"max-snippet:-1","max-image-preview":"max-image-preview:large","max-video-preview":"max-video-preview:-1"},"canonical":"https:\/\/abracadabraworld.com\/de\/agb\/","og_locale":"de_DE","og_type":"article","og_title":"AGB - ABRACADABRAWORLD","og_description":"Allgemeine Gesch\u00e4ftsbedingungen Willkommen bei https:\/\/abracadabraworld.com\/! Diese Allgemeinen Gesch\u00e4ftsbedingungen enthalten die Regeln und Vorschriften f\u00fcr die Nutzung der Website von Artereg\u00f3 Kft. Unter https:\/\/abracadabraworld.com\/de. Durch den Zugriff auf diese Website gehen wir davon aus, dass Sie diese Allgemeinen Gesch\u00e4ftsbedingungen akzeptieren. Verwenden Sie https:\/\/abracadabraworld.com\/ nicht weiter, wenn Sie nicht einverstanden sind, alle auf dieser Seite aufgef\u00fchrten Bedingungen&hellip;","og_url":"https:\/\/abracadabraworld.com\/de\/agb\/","og_site_name":"ABRACADABRAWORLD","article_publisher":"https:\/\/www.facebook.com\/abracadabraworld\/","article_modified_time":"2021-01-12T14:25:07+00:00","twitter_card":"summary_large_image","twitter_misc":{"Gesch\u00e4tzte Lesezeit":"8\u00a0Minuten"},"schema":{"@context":"https:\/\/schema.org","@graph":[{"@type":"WebPage","@id":"https:\/\/abracadabraworld.com\/de\/agb\/","url":"https:\/\/abracadabraworld.com\/de\/agb\/","name":"AGB - ABRACADABRAWORLD","isPartOf":{"@id":"https:\/\/abracadabraworld.com\/#website"},"datePublished":"2020-05-14T07:06:29+00:00","dateModified":"2021-01-12T14:25:07+00:00","breadcrumb":{"@id":"https:\/\/abracadabraworld.com\/de\/agb\/#breadcrumb"},"inLanguage":"de","potentialAction":[{"@type":"ReadAction","target":["https:\/\/abracadabraworld.com\/de\/agb\/"]}]},{"@type":"BreadcrumbList","@id":"https:\/\/abracadabraworld.com\/de\/agb\/#breadcrumb","itemListElement":[{"@type":"ListItem","position":1,"name":"Home","item":"https:\/\/abracadabraworld.com\/de\/"},{"@type":"ListItem","position":2,"name":"AGB"}]},{"@type":"WebSite","@id":"https:\/\/abracadabraworld.com\/#website","url":"https:\/\/abracadabraworld.com\/","name":"ABRACADABRAWORLD","description":"Wir bieten schnelle und instante L\u00f6sungen f\u00fcr Mutter, die unter Zeitmangel leiden. Online programme, herunterladende Digitalmaterialien, M\u00e4rchen und Spiele, unter dem Motto von Mindfulness.","potentialAction":[{"@type":"SearchAction","target":{"@type":"EntryPoint","urlTemplate":"https:\/\/abracadabraworld.com\/?s={search_term_string}"},"query-input":{"@type":"PropertyValueSpecification","valueRequired":true,"valueName":"search_term_string"}}],"inLanguage":"de"}]}},"_links":{"self":[{"href":"https:\/\/abracadabraworld.com\/de\/wp-json\/wp\/v2\/pages\/3865","targetHints":{"allow":["GET"]}}],"collection":[{"href":"https:\/\/abracadabraworld.com\/de\/wp-json\/wp\/v2\/pages"}],"about":[{"href":"https:\/\/abracadabraworld.com\/de\/wp-json\/wp\/v2\/types\/page"}],"author":[{"embeddable":true,"href":"https:\/\/abracadabraworld.com\/de\/wp-json\/wp\/v2\/users\/2"}],"replies":[{"embeddable":true,"href":"https:\/\/abracadabraworld.com\/de\/wp-json\/wp\/v2\/comments?post=3865"}],"version-history":[{"count":0,"href":"https:\/\/abracadabraworld.com\/de\/wp-json\/wp\/v2\/pages\/3865\/revisions"}],"wp:attachment":[{"href":"https:\/\/abracadabraworld.com\/de\/wp-json\/wp\/v2\/media?parent=3865"}],"curies":[{"name":"wp","href":"https:\/\/api.w.org\/{rel}","templated":true}]}}