{"id":3867,"date":"2020-05-15T19:38:30","date_gmt":"2020-05-15T17:38:30","guid":{"rendered":"https:\/\/abracadabraworld.com\/gy-i-k\/"},"modified":"2020-12-30T18:25:56","modified_gmt":"2020-12-30T17:25:56","slug":"faq","status":"publish","type":"page","link":"https:\/\/abracadabraworld.com\/de\/faq\/","title":{"rendered":"H\u00e4ufige Fragen (FAQ)"},"content":{"rendered":"<p>[vc_row][vc_column][vc_toggle title=&#8220;Wie kann ich das Produkt haben, was ich kaufen m\u00f6chte?&#8220;]Es ist ganz einfach: du kannst kaufen, als jedes andere Produkt in jedem anderen Webshop. Aber danach kommt kein Kurier an, sondern wir senden dir per E-Mail ein Passwort zu, mit dessen Hilfe kannst du dein eigenes Konto betreten, und dort findest du, was du gekauft hast. Also alle digitale Materialien, die du geschaffen hast, weil du lesen, anschauen, ausprobieren m\u00f6chtest. Du kannst alles herunterladen, und danach gleich geniessen.<\/p>\n<p>[\/vc_toggle][vc_toggle title=&#8220;Mein Buch gef\u00e4llt mir sehr gut! Kann ich es meinen Freunden auch weitergeben?&#8220;]Es freut uns wahnsinnig sehr, als das gekaufte Buch dir so gef\u00e4llt! Wir danken auch f\u00fcr jede Empfehlung! Wir w\u00e4ren echt froh, als du auch anderen dar\u00fcber erz\u00e4hlst, vielleicht deine Freunde sind auch f\u00fcr etwas Abracadabra interessiert.<\/p>\n<p>ABER!<\/p>\n<p>Wir haben ziemlich viel an diesem Projekt gearbeitet, und wir m\u00f6chten f\u00fcr euch auch weitere Inhalte herstellen. Dazu brauchen wir aber, dass alle, dir f\u00fcr unsere Materialien interessiert sind, auch selbst diese kaufen, damit wir weitere Produktsentwicklungen auch finanzieren k\u00f6nnen. Also wir bitten dich freundlich, dein per E-Mail bekommenes Passwort NICHT f\u00fcr Andere weiterzugeben. Bitte, geniesse damit alleine DU dein gekauftes E-Book.[\/vc_toggle][vc_toggle title=&#8220;Ich freue mich schon im voraus auf die folgende Ver\u00f6ffentlichung. Wird es auch andere Arten von Produkten geben?&#8220;]Wir arbeiten schon auf der nIch freue mich auch auf dem n\u00e4chsten Material, und wir k\u00f6nnen es versprechen, dass dieses auch supercool und aufregend wird. Wir haben zahlreiche Pl\u00e4ne, die wir nacheinander verwirklichen m\u00f6chten.<\/p>\n<p>Und ja. Auf unserem Designtisch legen auch weitere, sogar auch greifbare Produkte, aber ihre Realisierung braucht noch ein wenig Zeit. Wir hoffen aber, dass wir bald \u00fcber weitere gute Nachrichten erz\u00e4hlen k\u00f6nnen. Unsere Zauberwelt w\u00e4chst zu, wir versprechen es!<\/p>\n<p>[\/vc_toggle][\/vc_column][\/vc_row]<\/p>\n","protected":false},"excerpt":{"rendered":"<p>[vc_row][vc_column][vc_toggle title=&#8220;Wie kann ich das Produkt haben, was ich kaufen m\u00f6chte?&#8220;]Es ist ganz einfach: du kannst kaufen, als jedes andere Produkt in jedem anderen Webshop. Aber danach kommt kein Kurier an, sondern wir senden dir per E-Mail ein Passwort zu, mit dessen Hilfe kannst du dein eigenes Konto betreten, und dort findest du, was du&hellip;<\/p>\n","protected":false},"author":2,"featured_media":0,"parent":0,"menu_order":0,"comment_status":"closed","ping_status":"closed","template":"","meta":{"footnotes":""},"class_list":["post-3867","page","type-page","status-publish","hentry","description-off"],"yoast_head":"<!-- This site is optimized with the Yoast SEO plugin v26.8 - https:\/\/yoast.com\/product\/yoast-seo-wordpress\/ -->\n<title>H\u00e4ufige Fragen (FAQ) - ABRACADABRAWORLD<\/title>\n<meta name=\"robots\" content=\"index, follow, max-snippet:-1, max-image-preview:large, max-video-preview:-1\" \/>\n<link rel=\"canonical\" href=\"https:\/\/abracadabraworld.com\/de\/faq\/\" \/>\n<meta property=\"og:locale\" content=\"de_DE\" \/>\n<meta property=\"og:type\" content=\"article\" \/>\n<meta property=\"og:title\" content=\"H\u00e4ufige Fragen (FAQ) - ABRACADABRAWORLD\" \/>\n<meta property=\"og:description\" content=\"[vc_row][vc_column][vc_toggle title=&#8220;Wie kann ich das Produkt haben, was ich kaufen m\u00f6chte?&#8220;]Es ist ganz einfach: du kannst kaufen, als jedes andere Produkt in jedem anderen Webshop. Aber danach kommt kein Kurier an, sondern wir senden dir per E-Mail ein Passwort zu, mit dessen Hilfe kannst du dein eigenes Konto betreten, und dort findest du, was du&hellip;\" \/>\n<meta property=\"og:url\" content=\"https:\/\/abracadabraworld.com\/de\/faq\/\" \/>\n<meta property=\"og:site_name\" content=\"ABRACADABRAWORLD\" \/>\n<meta property=\"article:publisher\" content=\"https:\/\/www.facebook.com\/abracadabraworld\/\" \/>\n<meta property=\"article:modified_time\" content=\"2020-12-30T17:25:56+00:00\" \/>\n<meta name=\"twitter:card\" content=\"summary_large_image\" \/>\n<meta name=\"twitter:label1\" content=\"Gesch\u00e4tzte Lesezeit\" \/>\n\t<meta name=\"twitter:data1\" content=\"2\u00a0Minuten\" \/>\n<script type=\"application\/ld+json\" class=\"yoast-schema-graph\">{\"@context\":\"https:\/\/schema.org\",\"@graph\":[{\"@type\":\"WebPage\",\"@id\":\"https:\/\/abracadabraworld.com\/de\/faq\/\",\"url\":\"https:\/\/abracadabraworld.com\/de\/faq\/\",\"name\":\"H\u00e4ufige Fragen (FAQ) - ABRACADABRAWORLD\",\"isPartOf\":{\"@id\":\"https:\/\/abracadabraworld.com\/#website\"},\"datePublished\":\"2020-05-15T17:38:30+00:00\",\"dateModified\":\"2020-12-30T17:25:56+00:00\",\"breadcrumb\":{\"@id\":\"https:\/\/abracadabraworld.com\/de\/faq\/#breadcrumb\"},\"inLanguage\":\"de\",\"potentialAction\":[{\"@type\":\"ReadAction\",\"target\":[\"https:\/\/abracadabraworld.com\/de\/faq\/\"]}]},{\"@type\":\"BreadcrumbList\",\"@id\":\"https:\/\/abracadabraworld.com\/de\/faq\/#breadcrumb\",\"itemListElement\":[{\"@type\":\"ListItem\",\"position\":1,\"name\":\"Home\",\"item\":\"https:\/\/abracadabraworld.com\/de\/\"},{\"@type\":\"ListItem\",\"position\":2,\"name\":\"H\u00e4ufige Fragen (FAQ)\"}]},{\"@type\":\"WebSite\",\"@id\":\"https:\/\/abracadabraworld.com\/#website\",\"url\":\"https:\/\/abracadabraworld.com\/\",\"name\":\"ABRACADABRAWORLD\",\"description\":\"Wir bieten schnelle und instante L\u00f6sungen f\u00fcr Mutter, die unter Zeitmangel leiden. Online programme, herunterladende Digitalmaterialien, M\u00e4rchen und Spiele, unter dem Motto von Mindfulness.\",\"potentialAction\":[{\"@type\":\"SearchAction\",\"target\":{\"@type\":\"EntryPoint\",\"urlTemplate\":\"https:\/\/abracadabraworld.com\/?s={search_term_string}\"},\"query-input\":{\"@type\":\"PropertyValueSpecification\",\"valueRequired\":true,\"valueName\":\"search_term_string\"}}],\"inLanguage\":\"de\"}]}<\/script>\n<!-- \/ Yoast SEO plugin. -->","yoast_head_json":{"title":"H\u00e4ufige Fragen (FAQ) - ABRACADABRAWORLD","robots":{"index":"index","follow":"follow","max-snippet":"max-snippet:-1","max-image-preview":"max-image-preview:large","max-video-preview":"max-video-preview:-1"},"canonical":"https:\/\/abracadabraworld.com\/de\/faq\/","og_locale":"de_DE","og_type":"article","og_title":"H\u00e4ufige Fragen (FAQ) - ABRACADABRAWORLD","og_description":"[vc_row][vc_column][vc_toggle title=&#8220;Wie kann ich das Produkt haben, was ich kaufen m\u00f6chte?&#8220;]Es ist ganz einfach: du kannst kaufen, als jedes andere Produkt in jedem anderen Webshop. Aber danach kommt kein Kurier an, sondern wir senden dir per E-Mail ein Passwort zu, mit dessen Hilfe kannst du dein eigenes Konto betreten, und dort findest du, was du&hellip;","og_url":"https:\/\/abracadabraworld.com\/de\/faq\/","og_site_name":"ABRACADABRAWORLD","article_publisher":"https:\/\/www.facebook.com\/abracadabraworld\/","article_modified_time":"2020-12-30T17:25:56+00:00","twitter_card":"summary_large_image","twitter_misc":{"Gesch\u00e4tzte Lesezeit":"2\u00a0Minuten"},"schema":{"@context":"https:\/\/schema.org","@graph":[{"@type":"WebPage","@id":"https:\/\/abracadabraworld.com\/de\/faq\/","url":"https:\/\/abracadabraworld.com\/de\/faq\/","name":"H\u00e4ufige Fragen (FAQ) - ABRACADABRAWORLD","isPartOf":{"@id":"https:\/\/abracadabraworld.com\/#website"},"datePublished":"2020-05-15T17:38:30+00:00","dateModified":"2020-12-30T17:25:56+00:00","breadcrumb":{"@id":"https:\/\/abracadabraworld.com\/de\/faq\/#breadcrumb"},"inLanguage":"de","potentialAction":[{"@type":"ReadAction","target":["https:\/\/abracadabraworld.com\/de\/faq\/"]}]},{"@type":"BreadcrumbList","@id":"https:\/\/abracadabraworld.com\/de\/faq\/#breadcrumb","itemListElement":[{"@type":"ListItem","position":1,"name":"Home","item":"https:\/\/abracadabraworld.com\/de\/"},{"@type":"ListItem","position":2,"name":"H\u00e4ufige Fragen (FAQ)"}]},{"@type":"WebSite","@id":"https:\/\/abracadabraworld.com\/#website","url":"https:\/\/abracadabraworld.com\/","name":"ABRACADABRAWORLD","description":"Wir bieten schnelle und instante L\u00f6sungen f\u00fcr Mutter, die unter Zeitmangel leiden. Online programme, herunterladende Digitalmaterialien, M\u00e4rchen und Spiele, unter dem Motto von Mindfulness.","potentialAction":[{"@type":"SearchAction","target":{"@type":"EntryPoint","urlTemplate":"https:\/\/abracadabraworld.com\/?s={search_term_string}"},"query-input":{"@type":"PropertyValueSpecification","valueRequired":true,"valueName":"search_term_string"}}],"inLanguage":"de"}]}},"_links":{"self":[{"href":"https:\/\/abracadabraworld.com\/de\/wp-json\/wp\/v2\/pages\/3867","targetHints":{"allow":["GET"]}}],"collection":[{"href":"https:\/\/abracadabraworld.com\/de\/wp-json\/wp\/v2\/pages"}],"about":[{"href":"https:\/\/abracadabraworld.com\/de\/wp-json\/wp\/v2\/types\/page"}],"author":[{"embeddable":true,"href":"https:\/\/abracadabraworld.com\/de\/wp-json\/wp\/v2\/users\/2"}],"replies":[{"embeddable":true,"href":"https:\/\/abracadabraworld.com\/de\/wp-json\/wp\/v2\/comments?post=3867"}],"version-history":[{"count":0,"href":"https:\/\/abracadabraworld.com\/de\/wp-json\/wp\/v2\/pages\/3867\/revisions"}],"wp:attachment":[{"href":"https:\/\/abracadabraworld.com\/de\/wp-json\/wp\/v2\/media?parent=3867"}],"curies":[{"name":"wp","href":"https:\/\/api.w.org\/{rel}","templated":true}]}}