{"id":3869,"date":"2020-05-13T13:47:12","date_gmt":"2020-05-13T13:47:12","guid":{"rendered":"https:\/\/abracadabraworld.com\/impresszum\/"},"modified":"2021-01-12T15:26:45","modified_gmt":"2021-01-12T14:26:45","slug":"impressum","status":"publish","type":"page","link":"https:\/\/abracadabraworld.com\/de\/impressum\/","title":{"rendered":"Impressum"},"content":{"rendered":"<p><strong>1. AZ \u00dcZEMELTET\u0150 ADATAI<\/strong><br \/>\nAz \u00fczemeltet\u0151 neve: Artereg\u00f3 M\u0171v\u00e9szeti Tan\u00e1csad\u00f3 Kft.<br \/>\nAz \u00fczemeltet\u0151 r\u00f6vid\u00edtett neve: Artereg\u00f3 Kft.<br \/>\nAz \u00fczemeltet\u0151 sz\u00e9khelye: 2092 Budakeszi, Feny\u0151 utca 9.<br \/>\nAz \u00fczemeltet\u0151 postac\u00edme: 2092 Budakeszi, Feny\u0151 utca 9.<br \/>\nAz \u00fczemeltet\u0151 c\u00e9gb\u00edr\u00f3s\u00e1gi bejegyz\u00e9si sz\u00e1ma: 13-09-197969<br \/>\nAz \u00fczemeltet\u0151 ad\u00f3sz\u00e1ma: 13211152-2-13<br \/>\nAz \u00fczemeltet\u0151 EU ad\u00f3sz\u00e1ma: HU13211152<br \/>\nAz \u00fczemeltet\u0151 kamarai nyilv\u00e1ntart\u00e1si sz\u00e1ma: BU13211152<\/p>\n<p>Az \u00fczemeltet\u0151 banksz\u00e1mlasz\u00e1ma: K&amp;H 10404072-40723176<br \/>\nIBAN sz\u00e1m: HU14104040724072317600000000<\/p>\n<p>BIC (SWIFT): OKHBHUHB<\/p>\n<p><strong><br \/>\n2. AZ \u00dcZEMELTET\u0150 EL\u00c9RHET\u0150S\u00c9GE<\/strong><\/p>\n<p>\u00dcgyf\u00e9lszolg\u00e1lat: Artereg\u00f3 Kft.<br \/>\nTelefon: +36 20 9 547 144<br \/>\ne-mail: info@arterego.hu<\/p>\n<p><strong>3. AZ \u00dcZEMELTET\u0150 WEBOLDAL\u00c1NAK T\u00c1RHELYSZOLG\u00c1LTAT\u00d3JA<\/strong><br \/>\nA weboldalak t\u00e1rhelyszolg\u00e1ltat\u00f3ja a Viacom Informatikai Kft. (sz\u00e9khely: 2360 Gy\u00e1l, De\u00e1k Ferenc utca 17. telefon: +36 70 467 5710, e-mail: .info@viacomkft.hu<\/p>\n","protected":false},"excerpt":{"rendered":"<p>1. AZ \u00dcZEMELTET\u0150 ADATAI Az \u00fczemeltet\u0151 neve: Artereg\u00f3 M\u0171v\u00e9szeti Tan\u00e1csad\u00f3 Kft. Az \u00fczemeltet\u0151 r\u00f6vid\u00edtett neve: Artereg\u00f3 Kft. Az \u00fczemeltet\u0151 sz\u00e9khelye: 2092 Budakeszi, Feny\u0151 utca 9. Az \u00fczemeltet\u0151 postac\u00edme: 2092 Budakeszi, Feny\u0151 utca 9. Az \u00fczemeltet\u0151 c\u00e9gb\u00edr\u00f3s\u00e1gi bejegyz\u00e9si sz\u00e1ma: 13-09-197969 Az \u00fczemeltet\u0151 ad\u00f3sz\u00e1ma: 13211152-2-13 Az \u00fczemeltet\u0151 EU ad\u00f3sz\u00e1ma: HU13211152 Az \u00fczemeltet\u0151 kamarai nyilv\u00e1ntart\u00e1si sz\u00e1ma: BU13211152 Az&hellip;<\/p>\n","protected":false},"author":2,"featured_media":0,"parent":0,"menu_order":0,"comment_status":"closed","ping_status":"closed","template":"","meta":{"footnotes":""},"class_list":["post-3869","page","type-page","status-publish","hentry","description-off"],"yoast_head":"<!-- This site is optimized with the Yoast SEO plugin v26.8 - https:\/\/yoast.com\/product\/yoast-seo-wordpress\/ -->\n<title>Impressum - ABRACADABRAWORLD<\/title>\n<meta name=\"robots\" content=\"index, follow, max-snippet:-1, max-image-preview:large, max-video-preview:-1\" \/>\n<link rel=\"canonical\" href=\"https:\/\/abracadabraworld.com\/de\/impressum\/\" \/>\n<meta property=\"og:locale\" content=\"de_DE\" \/>\n<meta property=\"og:type\" content=\"article\" \/>\n<meta property=\"og:title\" content=\"Impressum - ABRACADABRAWORLD\" \/>\n<meta property=\"og:description\" content=\"1. AZ \u00dcZEMELTET\u0150 ADATAI Az \u00fczemeltet\u0151 neve: Artereg\u00f3 M\u0171v\u00e9szeti Tan\u00e1csad\u00f3 Kft. Az \u00fczemeltet\u0151 r\u00f6vid\u00edtett neve: Artereg\u00f3 Kft. Az \u00fczemeltet\u0151 sz\u00e9khelye: 2092 Budakeszi, Feny\u0151 utca 9. Az \u00fczemeltet\u0151 postac\u00edme: 2092 Budakeszi, Feny\u0151 utca 9. Az \u00fczemeltet\u0151 c\u00e9gb\u00edr\u00f3s\u00e1gi bejegyz\u00e9si sz\u00e1ma: 13-09-197969 Az \u00fczemeltet\u0151 ad\u00f3sz\u00e1ma: 13211152-2-13 Az \u00fczemeltet\u0151 EU ad\u00f3sz\u00e1ma: HU13211152 Az \u00fczemeltet\u0151 kamarai nyilv\u00e1ntart\u00e1si sz\u00e1ma: BU13211152 Az&hellip;\" \/>\n<meta property=\"og:url\" content=\"https:\/\/abracadabraworld.com\/de\/impressum\/\" \/>\n<meta property=\"og:site_name\" content=\"ABRACADABRAWORLD\" \/>\n<meta property=\"article:publisher\" content=\"https:\/\/www.facebook.com\/abracadabraworld\/\" \/>\n<meta property=\"article:modified_time\" content=\"2021-01-12T14:26:45+00:00\" \/>\n<meta name=\"twitter:card\" content=\"summary_large_image\" \/>\n<meta name=\"twitter:label1\" content=\"Gesch\u00e4tzte Lesezeit\" \/>\n\t<meta name=\"twitter:data1\" content=\"1\u00a0Minute\" \/>\n<script type=\"application\/ld+json\" class=\"yoast-schema-graph\">{\"@context\":\"https:\/\/schema.org\",\"@graph\":[{\"@type\":\"WebPage\",\"@id\":\"https:\/\/abracadabraworld.com\/de\/impressum\/\",\"url\":\"https:\/\/abracadabraworld.com\/de\/impressum\/\",\"name\":\"Impressum - ABRACADABRAWORLD\",\"isPartOf\":{\"@id\":\"https:\/\/abracadabraworld.com\/#website\"},\"datePublished\":\"2020-05-13T13:47:12+00:00\",\"dateModified\":\"2021-01-12T14:26:45+00:00\",\"breadcrumb\":{\"@id\":\"https:\/\/abracadabraworld.com\/de\/impressum\/#breadcrumb\"},\"inLanguage\":\"de\",\"potentialAction\":[{\"@type\":\"ReadAction\",\"target\":[\"https:\/\/abracadabraworld.com\/de\/impressum\/\"]}]},{\"@type\":\"BreadcrumbList\",\"@id\":\"https:\/\/abracadabraworld.com\/de\/impressum\/#breadcrumb\",\"itemListElement\":[{\"@type\":\"ListItem\",\"position\":1,\"name\":\"Home\",\"item\":\"https:\/\/abracadabraworld.com\/de\/\"},{\"@type\":\"ListItem\",\"position\":2,\"name\":\"Impressum\"}]},{\"@type\":\"WebSite\",\"@id\":\"https:\/\/abracadabraworld.com\/#website\",\"url\":\"https:\/\/abracadabraworld.com\/\",\"name\":\"ABRACADABRAWORLD\",\"description\":\"Wir bieten schnelle und instante L\u00f6sungen f\u00fcr Mutter, die unter Zeitmangel leiden. Online programme, herunterladende Digitalmaterialien, M\u00e4rchen und Spiele, unter dem Motto von Mindfulness.\",\"potentialAction\":[{\"@type\":\"SearchAction\",\"target\":{\"@type\":\"EntryPoint\",\"urlTemplate\":\"https:\/\/abracadabraworld.com\/?s={search_term_string}\"},\"query-input\":{\"@type\":\"PropertyValueSpecification\",\"valueRequired\":true,\"valueName\":\"search_term_string\"}}],\"inLanguage\":\"de\"}]}<\/script>\n<!-- \/ Yoast SEO plugin. -->","yoast_head_json":{"title":"Impressum - ABRACADABRAWORLD","robots":{"index":"index","follow":"follow","max-snippet":"max-snippet:-1","max-image-preview":"max-image-preview:large","max-video-preview":"max-video-preview:-1"},"canonical":"https:\/\/abracadabraworld.com\/de\/impressum\/","og_locale":"de_DE","og_type":"article","og_title":"Impressum - ABRACADABRAWORLD","og_description":"1. AZ \u00dcZEMELTET\u0150 ADATAI Az \u00fczemeltet\u0151 neve: Artereg\u00f3 M\u0171v\u00e9szeti Tan\u00e1csad\u00f3 Kft. Az \u00fczemeltet\u0151 r\u00f6vid\u00edtett neve: Artereg\u00f3 Kft. Az \u00fczemeltet\u0151 sz\u00e9khelye: 2092 Budakeszi, Feny\u0151 utca 9. Az \u00fczemeltet\u0151 postac\u00edme: 2092 Budakeszi, Feny\u0151 utca 9. Az \u00fczemeltet\u0151 c\u00e9gb\u00edr\u00f3s\u00e1gi bejegyz\u00e9si sz\u00e1ma: 13-09-197969 Az \u00fczemeltet\u0151 ad\u00f3sz\u00e1ma: 13211152-2-13 Az \u00fczemeltet\u0151 EU ad\u00f3sz\u00e1ma: HU13211152 Az \u00fczemeltet\u0151 kamarai nyilv\u00e1ntart\u00e1si sz\u00e1ma: BU13211152 Az&hellip;","og_url":"https:\/\/abracadabraworld.com\/de\/impressum\/","og_site_name":"ABRACADABRAWORLD","article_publisher":"https:\/\/www.facebook.com\/abracadabraworld\/","article_modified_time":"2021-01-12T14:26:45+00:00","twitter_card":"summary_large_image","twitter_misc":{"Gesch\u00e4tzte Lesezeit":"1\u00a0Minute"},"schema":{"@context":"https:\/\/schema.org","@graph":[{"@type":"WebPage","@id":"https:\/\/abracadabraworld.com\/de\/impressum\/","url":"https:\/\/abracadabraworld.com\/de\/impressum\/","name":"Impressum - ABRACADABRAWORLD","isPartOf":{"@id":"https:\/\/abracadabraworld.com\/#website"},"datePublished":"2020-05-13T13:47:12+00:00","dateModified":"2021-01-12T14:26:45+00:00","breadcrumb":{"@id":"https:\/\/abracadabraworld.com\/de\/impressum\/#breadcrumb"},"inLanguage":"de","potentialAction":[{"@type":"ReadAction","target":["https:\/\/abracadabraworld.com\/de\/impressum\/"]}]},{"@type":"BreadcrumbList","@id":"https:\/\/abracadabraworld.com\/de\/impressum\/#breadcrumb","itemListElement":[{"@type":"ListItem","position":1,"name":"Home","item":"https:\/\/abracadabraworld.com\/de\/"},{"@type":"ListItem","position":2,"name":"Impressum"}]},{"@type":"WebSite","@id":"https:\/\/abracadabraworld.com\/#website","url":"https:\/\/abracadabraworld.com\/","name":"ABRACADABRAWORLD","description":"Wir bieten schnelle und instante L\u00f6sungen f\u00fcr Mutter, die unter Zeitmangel leiden. Online programme, herunterladende Digitalmaterialien, M\u00e4rchen und Spiele, unter dem Motto von Mindfulness.","potentialAction":[{"@type":"SearchAction","target":{"@type":"EntryPoint","urlTemplate":"https:\/\/abracadabraworld.com\/?s={search_term_string}"},"query-input":{"@type":"PropertyValueSpecification","valueRequired":true,"valueName":"search_term_string"}}],"inLanguage":"de"}]}},"_links":{"self":[{"href":"https:\/\/abracadabraworld.com\/de\/wp-json\/wp\/v2\/pages\/3869","targetHints":{"allow":["GET"]}}],"collection":[{"href":"https:\/\/abracadabraworld.com\/de\/wp-json\/wp\/v2\/pages"}],"about":[{"href":"https:\/\/abracadabraworld.com\/de\/wp-json\/wp\/v2\/types\/page"}],"author":[{"embeddable":true,"href":"https:\/\/abracadabraworld.com\/de\/wp-json\/wp\/v2\/users\/2"}],"replies":[{"embeddable":true,"href":"https:\/\/abracadabraworld.com\/de\/wp-json\/wp\/v2\/comments?post=3869"}],"version-history":[{"count":0,"href":"https:\/\/abracadabraworld.com\/de\/wp-json\/wp\/v2\/pages\/3869\/revisions"}],"wp:attachment":[{"href":"https:\/\/abracadabraworld.com\/de\/wp-json\/wp\/v2\/media?parent=3869"}],"curies":[{"name":"wp","href":"https:\/\/api.w.org\/{rel}","templated":true}]}}