{"id":3971,"date":"2020-11-05T17:00:14","date_gmt":"2020-11-05T16:00:14","guid":{"rendered":"https:\/\/abracadabraworld.com\/termek\/ovd-a-foldanyat\/"},"modified":"2021-04-23T14:43:28","modified_gmt":"2021-04-23T12:43:28","slug":"beschuetze-mutter-erde","status":"publish","type":"product","link":"https:\/\/abracadabraworld.com\/de\/Produkt\/beschuetze-mutter-erde\/","title":{"rendered":"Besch\u00fctze Mutter Erde!"},"content":{"rendered":"","protected":false},"excerpt":{"rendered":"<p>Ein Programm f\u00fcr 4 Wochen, wo die Familien mit 28 \u00dcbungen spielend lernen k\u00f6nnen, endlich bewusst sein zu werden, damit wir zusammen unsere Umwelt und unser Planet besch\u00fctzen k\u00f6nnen.<\/p>\n<p>&nbsp;<\/p>\n","protected":false},"featured_media":6351,"template":"","meta":[],"product_brand":[],"product_cat":[71],"product_tag":[],"class_list":{"0":"post-3971","1":"product","2":"type-product","3":"status-publish","4":"has-post-thumbnail","6":"product_cat-programme-de","7":"description-off","9":"first","10":"instock","11":"sale","12":"downloadable","13":"virtual","14":"sold-individually","15":"taxable","16":"purchasable","17":"product-type-simple"},"yoast_head":"<!-- This site is optimized with the Yoast SEO plugin v26.8 - https:\/\/yoast.com\/product\/yoast-seo-wordpress\/ -->\n<title>Besch\u00fctze Mutter Erde! - ABRACADABRAWORLD<\/title>\n<meta name=\"description\" content=\"Handbuch und ein Arbeitsheft f\u00fcr 28 Tage, mit einfachen, praktischen \u00dcbungen, um wir unser Planet besch\u00fctzen k\u00f6nnen.\" \/>\n<meta name=\"robots\" content=\"index, follow, max-snippet:-1, max-image-preview:large, max-video-preview:-1\" \/>\n<link rel=\"canonical\" href=\"https:\/\/abracadabraworld.com\/de\/termek\/beschuetze-mutter-erde\/\" \/>\n<meta property=\"og:locale\" content=\"de_DE\" \/>\n<meta property=\"og:type\" content=\"article\" \/>\n<meta property=\"og:title\" content=\"Besch\u00fctze Mutter Erde!\" \/>\n<meta property=\"og:description\" content=\"Handbuch und ein Arbeitsheft f\u00fcr 28 Tage, mit einfachen, praktischen \u00dcbungen, um wir unser Planet besch\u00fctzen k\u00f6nnen.\" \/>\n<meta property=\"og:url\" content=\"https:\/\/abracadabraworld.com\/de\/termek\/beschuetze-mutter-erde\/\" \/>\n<meta property=\"og:site_name\" content=\"ABRACADABRAWORLD\" \/>\n<meta property=\"article:publisher\" content=\"https:\/\/www.facebook.com\/abracadabraworld\/\" \/>\n<meta property=\"article:modified_time\" content=\"2021-04-23T12:43:28+00:00\" \/>\n<meta property=\"og:image\" content=\"https:\/\/abracadabraworld.com\/wp-content\/uploads\/2020\/05\/ovd-a-foldanyat-ebook-cover.png\" \/>\n\t<meta property=\"og:image:width\" content=\"1713\" \/>\n\t<meta property=\"og:image:height\" content=\"1752\" \/>\n\t<meta property=\"og:image:type\" content=\"image\/png\" \/>\n<meta name=\"twitter:card\" content=\"summary_large_image\" \/>\n<script type=\"application\/ld+json\" class=\"yoast-schema-graph\">{\"@context\":\"https:\/\/schema.org\",\"@graph\":[{\"@type\":\"WebPage\",\"@id\":\"https:\/\/abracadabraworld.com\/de\/termek\/beschuetze-mutter-erde\/\",\"url\":\"https:\/\/abracadabraworld.com\/de\/termek\/beschuetze-mutter-erde\/\",\"name\":\"Besch\u00fctze Mutter Erde! - ABRACADABRAWORLD\",\"isPartOf\":{\"@id\":\"https:\/\/abracadabraworld.com\/#website\"},\"primaryImageOfPage\":{\"@id\":\"https:\/\/abracadabraworld.com\/de\/termek\/beschuetze-mutter-erde\/#primaryimage\"},\"image\":{\"@id\":\"https:\/\/abracadabraworld.com\/de\/termek\/beschuetze-mutter-erde\/#primaryimage\"},\"thumbnailUrl\":\"https:\/\/abracadabraworld.com\/wp-content\/uploads\/2020\/11\/ovd_afoldanyat_konyv_egyedul-de-1.jpg\",\"datePublished\":\"2020-11-05T16:00:14+00:00\",\"dateModified\":\"2021-04-23T12:43:28+00:00\",\"description\":\"Handbuch und ein Arbeitsheft f\u00fcr 28 Tage, mit einfachen, praktischen \u00dcbungen, um wir unser Planet besch\u00fctzen k\u00f6nnen.\",\"breadcrumb\":{\"@id\":\"https:\/\/abracadabraworld.com\/de\/termek\/beschuetze-mutter-erde\/#breadcrumb\"},\"inLanguage\":\"de\",\"potentialAction\":[{\"@type\":\"ReadAction\",\"target\":[\"https:\/\/abracadabraworld.com\/de\/termek\/beschuetze-mutter-erde\/\"]}]},{\"@type\":\"ImageObject\",\"inLanguage\":\"de\",\"@id\":\"https:\/\/abracadabraworld.com\/de\/termek\/beschuetze-mutter-erde\/#primaryimage\",\"url\":\"https:\/\/abracadabraworld.com\/wp-content\/uploads\/2020\/11\/ovd_afoldanyat_konyv_egyedul-de-1.jpg\",\"contentUrl\":\"https:\/\/abracadabraworld.com\/wp-content\/uploads\/2020\/11\/ovd_afoldanyat_konyv_egyedul-de-1.jpg\",\"width\":300,\"height\":300},{\"@type\":\"BreadcrumbList\",\"@id\":\"https:\/\/abracadabraworld.com\/de\/termek\/beschuetze-mutter-erde\/#breadcrumb\",\"itemListElement\":[{\"@type\":\"ListItem\",\"position\":1,\"name\":\"Home\",\"item\":\"https:\/\/abracadabraworld.com\/de\/\"},{\"@type\":\"ListItem\",\"position\":2,\"name\":\"Shop\",\"item\":\"https:\/\/abracadabraworld.com\/de\/shop\/\"},{\"@type\":\"ListItem\",\"position\":3,\"name\":\"Besch\u00fctze Mutter Erde!\"}]},{\"@type\":\"WebSite\",\"@id\":\"https:\/\/abracadabraworld.com\/#website\",\"url\":\"https:\/\/abracadabraworld.com\/\",\"name\":\"ABRACADABRAWORLD\",\"description\":\"Wir bieten schnelle und instante L\u00f6sungen f\u00fcr Mutter, die unter Zeitmangel leiden. Online programme, herunterladende Digitalmaterialien, M\u00e4rchen und Spiele, unter dem Motto von Mindfulness.\",\"potentialAction\":[{\"@type\":\"SearchAction\",\"target\":{\"@type\":\"EntryPoint\",\"urlTemplate\":\"https:\/\/abracadabraworld.com\/?s={search_term_string}\"},\"query-input\":{\"@type\":\"PropertyValueSpecification\",\"valueRequired\":true,\"valueName\":\"search_term_string\"}}],\"inLanguage\":\"de\"}]}<\/script>\n<!-- \/ Yoast SEO plugin. -->","yoast_head_json":{"title":"Besch\u00fctze Mutter Erde! - ABRACADABRAWORLD","description":"Handbuch und ein Arbeitsheft f\u00fcr 28 Tage, mit einfachen, praktischen \u00dcbungen, um wir unser Planet besch\u00fctzen k\u00f6nnen.","robots":{"index":"index","follow":"follow","max-snippet":"max-snippet:-1","max-image-preview":"max-image-preview:large","max-video-preview":"max-video-preview:-1"},"canonical":"https:\/\/abracadabraworld.com\/de\/termek\/beschuetze-mutter-erde\/","og_locale":"de_DE","og_type":"article","og_title":"Besch\u00fctze Mutter Erde!","og_description":"Handbuch und ein Arbeitsheft f\u00fcr 28 Tage, mit einfachen, praktischen \u00dcbungen, um wir unser Planet besch\u00fctzen k\u00f6nnen.","og_url":"https:\/\/abracadabraworld.com\/de\/termek\/beschuetze-mutter-erde\/","og_site_name":"ABRACADABRAWORLD","article_publisher":"https:\/\/www.facebook.com\/abracadabraworld\/","article_modified_time":"2021-04-23T12:43:28+00:00","og_image":[{"width":1713,"height":1752,"url":"https:\/\/abracadabraworld.com\/wp-content\/uploads\/2020\/05\/ovd-a-foldanyat-ebook-cover.png","type":"image\/png"}],"twitter_card":"summary_large_image","schema":{"@context":"https:\/\/schema.org","@graph":[{"@type":"WebPage","@id":"https:\/\/abracadabraworld.com\/de\/termek\/beschuetze-mutter-erde\/","url":"https:\/\/abracadabraworld.com\/de\/termek\/beschuetze-mutter-erde\/","name":"Besch\u00fctze Mutter Erde! - ABRACADABRAWORLD","isPartOf":{"@id":"https:\/\/abracadabraworld.com\/#website"},"primaryImageOfPage":{"@id":"https:\/\/abracadabraworld.com\/de\/termek\/beschuetze-mutter-erde\/#primaryimage"},"image":{"@id":"https:\/\/abracadabraworld.com\/de\/termek\/beschuetze-mutter-erde\/#primaryimage"},"thumbnailUrl":"https:\/\/abracadabraworld.com\/wp-content\/uploads\/2020\/11\/ovd_afoldanyat_konyv_egyedul-de-1.jpg","datePublished":"2020-11-05T16:00:14+00:00","dateModified":"2021-04-23T12:43:28+00:00","description":"Handbuch und ein Arbeitsheft f\u00fcr 28 Tage, mit einfachen, praktischen \u00dcbungen, um wir unser Planet besch\u00fctzen k\u00f6nnen.","breadcrumb":{"@id":"https:\/\/abracadabraworld.com\/de\/termek\/beschuetze-mutter-erde\/#breadcrumb"},"inLanguage":"de","potentialAction":[{"@type":"ReadAction","target":["https:\/\/abracadabraworld.com\/de\/termek\/beschuetze-mutter-erde\/"]}]},{"@type":"ImageObject","inLanguage":"de","@id":"https:\/\/abracadabraworld.com\/de\/termek\/beschuetze-mutter-erde\/#primaryimage","url":"https:\/\/abracadabraworld.com\/wp-content\/uploads\/2020\/11\/ovd_afoldanyat_konyv_egyedul-de-1.jpg","contentUrl":"https:\/\/abracadabraworld.com\/wp-content\/uploads\/2020\/11\/ovd_afoldanyat_konyv_egyedul-de-1.jpg","width":300,"height":300},{"@type":"BreadcrumbList","@id":"https:\/\/abracadabraworld.com\/de\/termek\/beschuetze-mutter-erde\/#breadcrumb","itemListElement":[{"@type":"ListItem","position":1,"name":"Home","item":"https:\/\/abracadabraworld.com\/de\/"},{"@type":"ListItem","position":2,"name":"Shop","item":"https:\/\/abracadabraworld.com\/de\/shop\/"},{"@type":"ListItem","position":3,"name":"Besch\u00fctze Mutter Erde!"}]},{"@type":"WebSite","@id":"https:\/\/abracadabraworld.com\/#website","url":"https:\/\/abracadabraworld.com\/","name":"ABRACADABRAWORLD","description":"Wir bieten schnelle und instante L\u00f6sungen f\u00fcr Mutter, die unter Zeitmangel leiden. Online programme, herunterladende Digitalmaterialien, M\u00e4rchen und Spiele, unter dem Motto von Mindfulness.","potentialAction":[{"@type":"SearchAction","target":{"@type":"EntryPoint","urlTemplate":"https:\/\/abracadabraworld.com\/?s={search_term_string}"},"query-input":{"@type":"PropertyValueSpecification","valueRequired":true,"valueName":"search_term_string"}}],"inLanguage":"de"}]}},"_links":{"self":[{"href":"https:\/\/abracadabraworld.com\/de\/wp-json\/wp\/v2\/product\/3971","targetHints":{"allow":["GET"]}}],"collection":[{"href":"https:\/\/abracadabraworld.com\/de\/wp-json\/wp\/v2\/product"}],"about":[{"href":"https:\/\/abracadabraworld.com\/de\/wp-json\/wp\/v2\/types\/product"}],"wp:featuredmedia":[{"embeddable":true,"href":"https:\/\/abracadabraworld.com\/de\/wp-json\/wp\/v2\/media\/6351"}],"wp:attachment":[{"href":"https:\/\/abracadabraworld.com\/de\/wp-json\/wp\/v2\/media?parent=3971"}],"wp:term":[{"taxonomy":"product_brand","embeddable":true,"href":"https:\/\/abracadabraworld.com\/de\/wp-json\/wp\/v2\/product_brand?post=3971"},{"taxonomy":"product_cat","embeddable":true,"href":"https:\/\/abracadabraworld.com\/de\/wp-json\/wp\/v2\/product_cat?post=3971"},{"taxonomy":"product_tag","embeddable":true,"href":"https:\/\/abracadabraworld.com\/de\/wp-json\/wp\/v2\/product_tag?post=3971"}],"curies":[{"name":"wp","href":"https:\/\/api.w.org\/{rel}","templated":true}]}}