{"id":6642,"date":"2020-11-05T19:00:46","date_gmt":"2020-11-05T18:00:46","guid":{"rendered":"https:\/\/abracadabraworld.com\/termek\/szorongasbol-mosolygas\/"},"modified":"2021-06-01T10:44:51","modified_gmt":"2021-06-01T08:44:51","slug":"von-angst-zum-lacheln","status":"publish","type":"product","link":"https:\/\/abracadabraworld.com\/de\/Produkt\/von-angst-zum-lacheln\/","title":{"rendered":"Von Angst zum L\u00e4cheln"},"content":{"rendered":"","protected":false},"excerpt":{"rendered":"<p>Wie kannst du die seelische Gesundheit deines Kindes bewahren, als alles unsicher ist? Stressl\u00f6sende Spiele, heilende Meditation, aufmunternde M\u00e4rchen, Rezepte f\u00fcr eine Turbok\u00fcche und noch vele Tips und Tricks in einem Material.<\/p>\n","protected":false},"featured_media":6663,"template":"","meta":[],"product_brand":[],"product_cat":[71],"product_tag":[],"class_list":{"0":"post-6642","1":"product","2":"type-product","3":"status-publish","4":"has-post-thumbnail","6":"product_cat-programme-de","7":"description-off","9":"first","10":"instock","11":"sale","12":"downloadable","13":"virtual","14":"sold-individually","15":"taxable","16":"purchasable","17":"product-type-simple"},"yoast_head":"<!-- This site is optimized with the Yoast SEO plugin v26.8 - https:\/\/yoast.com\/product\/yoast-seo-wordpress\/ -->\n<title>Von Angst zum L\u00e4cheln - ABRACADABRAWORLD<\/title>\n<meta name=\"description\" content=\"Ein praktisches helfendes Material, mit vielen \u00dcbungen, M\u00e4rchen, Meditation, um von dem Kinderangst so bald wie m\u00f6glich L\u00e4cheln wird.\" \/>\n<meta name=\"robots\" content=\"index, follow, max-snippet:-1, max-image-preview:large, max-video-preview:-1\" \/>\n<link rel=\"canonical\" href=\"https:\/\/abracadabraworld.com\/de\/termek\/von-angst-zum-lacheln\/\" \/>\n<meta property=\"og:locale\" content=\"de_DE\" \/>\n<meta property=\"og:type\" content=\"article\" \/>\n<meta property=\"og:title\" content=\"Szorong\u00e1sb\u00f3l mosolyg\u00e1s\" \/>\n<meta property=\"og:description\" content=\"Egy k\u00e9zik\u00f6nyv, sok gyakorlattal, mes\u00e9vel, j\u00f3g\u00e1val \u00e9s medit\u00e1ci\u00f3val, hogy a gyermeki szorong\u00e1sb\u00f3l miel\u0151bb mosolyg\u00e1s legyen.\" \/>\n<meta property=\"og:url\" content=\"https:\/\/abracadabraworld.com\/de\/termek\/von-angst-zum-lacheln\/\" \/>\n<meta property=\"og:site_name\" content=\"ABRACADABRAWORLD\" \/>\n<meta property=\"article:publisher\" content=\"https:\/\/www.facebook.com\/abracadabraworld\/\" \/>\n<meta property=\"article:modified_time\" content=\"2021-06-01T08:44:51+00:00\" \/>\n<meta property=\"og:image\" content=\"https:\/\/abracadabraworld.com\/wp-content\/uploads\/2020\/11\/3D_ebook_boritok_szorongas_nemet.png\" \/>\n\t<meta property=\"og:image:width\" content=\"2362\" \/>\n\t<meta property=\"og:image:height\" content=\"2362\" \/>\n\t<meta property=\"og:image:type\" content=\"image\/png\" \/>\n<meta name=\"twitter:card\" content=\"summary_large_image\" \/>\n<script type=\"application\/ld+json\" class=\"yoast-schema-graph\">{\"@context\":\"https:\/\/schema.org\",\"@graph\":[{\"@type\":\"WebPage\",\"@id\":\"https:\/\/abracadabraworld.com\/de\/termek\/von-angst-zum-lacheln\/\",\"url\":\"https:\/\/abracadabraworld.com\/de\/termek\/von-angst-zum-lacheln\/\",\"name\":\"Von Angst zum L\u00e4cheln - ABRACADABRAWORLD\",\"isPartOf\":{\"@id\":\"https:\/\/abracadabraworld.com\/#website\"},\"primaryImageOfPage\":{\"@id\":\"https:\/\/abracadabraworld.com\/de\/termek\/von-angst-zum-lacheln\/#primaryimage\"},\"image\":{\"@id\":\"https:\/\/abracadabraworld.com\/de\/termek\/von-angst-zum-lacheln\/#primaryimage\"},\"thumbnailUrl\":\"https:\/\/abracadabraworld.com\/wp-content\/uploads\/2020\/11\/3D_ebook_boritok_szorongas_nemet.png\",\"datePublished\":\"2020-11-05T18:00:46+00:00\",\"dateModified\":\"2021-06-01T08:44:51+00:00\",\"description\":\"Ein praktisches helfendes Material, mit vielen \u00dcbungen, M\u00e4rchen, Meditation, um von dem Kinderangst so bald wie m\u00f6glich L\u00e4cheln wird.\",\"breadcrumb\":{\"@id\":\"https:\/\/abracadabraworld.com\/de\/termek\/von-angst-zum-lacheln\/#breadcrumb\"},\"inLanguage\":\"de\",\"potentialAction\":[{\"@type\":\"ReadAction\",\"target\":[\"https:\/\/abracadabraworld.com\/de\/termek\/von-angst-zum-lacheln\/\"]}]},{\"@type\":\"ImageObject\",\"inLanguage\":\"de\",\"@id\":\"https:\/\/abracadabraworld.com\/de\/termek\/von-angst-zum-lacheln\/#primaryimage\",\"url\":\"https:\/\/abracadabraworld.com\/wp-content\/uploads\/2020\/11\/3D_ebook_boritok_szorongas_nemet.png\",\"contentUrl\":\"https:\/\/abracadabraworld.com\/wp-content\/uploads\/2020\/11\/3D_ebook_boritok_szorongas_nemet.png\",\"width\":2362,\"height\":2362},{\"@type\":\"BreadcrumbList\",\"@id\":\"https:\/\/abracadabraworld.com\/de\/termek\/von-angst-zum-lacheln\/#breadcrumb\",\"itemListElement\":[{\"@type\":\"ListItem\",\"position\":1,\"name\":\"Home\",\"item\":\"https:\/\/abracadabraworld.com\/de\/\"},{\"@type\":\"ListItem\",\"position\":2,\"name\":\"Shop\",\"item\":\"https:\/\/abracadabraworld.com\/de\/shop\/\"},{\"@type\":\"ListItem\",\"position\":3,\"name\":\"Von Angst zum L\u00e4cheln\"}]},{\"@type\":\"WebSite\",\"@id\":\"https:\/\/abracadabraworld.com\/#website\",\"url\":\"https:\/\/abracadabraworld.com\/\",\"name\":\"ABRACADABRAWORLD\",\"description\":\"Wir bieten schnelle und instante L\u00f6sungen f\u00fcr Mutter, die unter Zeitmangel leiden. Online programme, herunterladende Digitalmaterialien, M\u00e4rchen und Spiele, unter dem Motto von Mindfulness.\",\"potentialAction\":[{\"@type\":\"SearchAction\",\"target\":{\"@type\":\"EntryPoint\",\"urlTemplate\":\"https:\/\/abracadabraworld.com\/?s={search_term_string}\"},\"query-input\":{\"@type\":\"PropertyValueSpecification\",\"valueRequired\":true,\"valueName\":\"search_term_string\"}}],\"inLanguage\":\"de\"}]}<\/script>\n<!-- \/ Yoast SEO plugin. -->","yoast_head_json":{"title":"Von Angst zum L\u00e4cheln - ABRACADABRAWORLD","description":"Ein praktisches helfendes Material, mit vielen \u00dcbungen, M\u00e4rchen, Meditation, um von dem Kinderangst so bald wie m\u00f6glich L\u00e4cheln wird.","robots":{"index":"index","follow":"follow","max-snippet":"max-snippet:-1","max-image-preview":"max-image-preview:large","max-video-preview":"max-video-preview:-1"},"canonical":"https:\/\/abracadabraworld.com\/de\/termek\/von-angst-zum-lacheln\/","og_locale":"de_DE","og_type":"article","og_title":"Szorong\u00e1sb\u00f3l mosolyg\u00e1s","og_description":"Egy k\u00e9zik\u00f6nyv, sok gyakorlattal, mes\u00e9vel, j\u00f3g\u00e1val \u00e9s medit\u00e1ci\u00f3val, hogy a gyermeki szorong\u00e1sb\u00f3l miel\u0151bb mosolyg\u00e1s legyen.","og_url":"https:\/\/abracadabraworld.com\/de\/termek\/von-angst-zum-lacheln\/","og_site_name":"ABRACADABRAWORLD","article_publisher":"https:\/\/www.facebook.com\/abracadabraworld\/","article_modified_time":"2021-06-01T08:44:51+00:00","og_image":[{"width":2362,"height":2362,"url":"https:\/\/abracadabraworld.com\/wp-content\/uploads\/2020\/11\/3D_ebook_boritok_szorongas_nemet.png","type":"image\/png"}],"twitter_card":"summary_large_image","schema":{"@context":"https:\/\/schema.org","@graph":[{"@type":"WebPage","@id":"https:\/\/abracadabraworld.com\/de\/termek\/von-angst-zum-lacheln\/","url":"https:\/\/abracadabraworld.com\/de\/termek\/von-angst-zum-lacheln\/","name":"Von Angst zum L\u00e4cheln - ABRACADABRAWORLD","isPartOf":{"@id":"https:\/\/abracadabraworld.com\/#website"},"primaryImageOfPage":{"@id":"https:\/\/abracadabraworld.com\/de\/termek\/von-angst-zum-lacheln\/#primaryimage"},"image":{"@id":"https:\/\/abracadabraworld.com\/de\/termek\/von-angst-zum-lacheln\/#primaryimage"},"thumbnailUrl":"https:\/\/abracadabraworld.com\/wp-content\/uploads\/2020\/11\/3D_ebook_boritok_szorongas_nemet.png","datePublished":"2020-11-05T18:00:46+00:00","dateModified":"2021-06-01T08:44:51+00:00","description":"Ein praktisches helfendes Material, mit vielen \u00dcbungen, M\u00e4rchen, Meditation, um von dem Kinderangst so bald wie m\u00f6glich L\u00e4cheln wird.","breadcrumb":{"@id":"https:\/\/abracadabraworld.com\/de\/termek\/von-angst-zum-lacheln\/#breadcrumb"},"inLanguage":"de","potentialAction":[{"@type":"ReadAction","target":["https:\/\/abracadabraworld.com\/de\/termek\/von-angst-zum-lacheln\/"]}]},{"@type":"ImageObject","inLanguage":"de","@id":"https:\/\/abracadabraworld.com\/de\/termek\/von-angst-zum-lacheln\/#primaryimage","url":"https:\/\/abracadabraworld.com\/wp-content\/uploads\/2020\/11\/3D_ebook_boritok_szorongas_nemet.png","contentUrl":"https:\/\/abracadabraworld.com\/wp-content\/uploads\/2020\/11\/3D_ebook_boritok_szorongas_nemet.png","width":2362,"height":2362},{"@type":"BreadcrumbList","@id":"https:\/\/abracadabraworld.com\/de\/termek\/von-angst-zum-lacheln\/#breadcrumb","itemListElement":[{"@type":"ListItem","position":1,"name":"Home","item":"https:\/\/abracadabraworld.com\/de\/"},{"@type":"ListItem","position":2,"name":"Shop","item":"https:\/\/abracadabraworld.com\/de\/shop\/"},{"@type":"ListItem","position":3,"name":"Von Angst zum L\u00e4cheln"}]},{"@type":"WebSite","@id":"https:\/\/abracadabraworld.com\/#website","url":"https:\/\/abracadabraworld.com\/","name":"ABRACADABRAWORLD","description":"Wir bieten schnelle und instante L\u00f6sungen f\u00fcr Mutter, die unter Zeitmangel leiden. Online programme, herunterladende Digitalmaterialien, M\u00e4rchen und Spiele, unter dem Motto von Mindfulness.","potentialAction":[{"@type":"SearchAction","target":{"@type":"EntryPoint","urlTemplate":"https:\/\/abracadabraworld.com\/?s={search_term_string}"},"query-input":{"@type":"PropertyValueSpecification","valueRequired":true,"valueName":"search_term_string"}}],"inLanguage":"de"}]}},"_links":{"self":[{"href":"https:\/\/abracadabraworld.com\/de\/wp-json\/wp\/v2\/product\/6642","targetHints":{"allow":["GET"]}}],"collection":[{"href":"https:\/\/abracadabraworld.com\/de\/wp-json\/wp\/v2\/product"}],"about":[{"href":"https:\/\/abracadabraworld.com\/de\/wp-json\/wp\/v2\/types\/product"}],"wp:featuredmedia":[{"embeddable":true,"href":"https:\/\/abracadabraworld.com\/de\/wp-json\/wp\/v2\/media\/6663"}],"wp:attachment":[{"href":"https:\/\/abracadabraworld.com\/de\/wp-json\/wp\/v2\/media?parent=6642"}],"wp:term":[{"taxonomy":"product_brand","embeddable":true,"href":"https:\/\/abracadabraworld.com\/de\/wp-json\/wp\/v2\/product_brand?post=6642"},{"taxonomy":"product_cat","embeddable":true,"href":"https:\/\/abracadabraworld.com\/de\/wp-json\/wp\/v2\/product_cat?post=6642"},{"taxonomy":"product_tag","embeddable":true,"href":"https:\/\/abracadabraworld.com\/de\/wp-json\/wp\/v2\/product_tag?post=6642"}],"curies":[{"name":"wp","href":"https:\/\/api.w.org\/{rel}","templated":true}]}}