{"id":6675,"date":"2020-11-05T16:00:53","date_gmt":"2020-11-05T15:00:53","guid":{"rendered":"https:\/\/abracadabraworld.com\/termek\/szorongasbol-mosolygas-gyermek-gyasza\/"},"modified":"2021-06-01T10:45:56","modified_gmt":"2021-06-01T08:45:56","slug":"von-angst-zum-lacheln-trauer-bei-kindern","status":"publish","type":"product","link":"https:\/\/abracadabraworld.com\/de\/Produkt\/von-angst-zum-lacheln-trauer-bei-kindern\/","title":{"rendered":"Von Angst zum L\u00e4cheln + Trauer bei Kindern"},"content":{"rendered":"<p>Du kannst jetzt auch unsere beiden wichtigen E-B\u00fccher in Paket kaufen, um deinem Kind dabei zu helfen, Unsicherheiten und Verluste zu verarbeiten.<\/p>\n<p>&nbsp;<\/p>\n<div class=\"woocommerce-product-details__short-description\">\n<p>&nbsp;<\/p>\n<\/div>\n","protected":false},"excerpt":{"rendered":"<p>Kauf es zusammen! Ein Handbuch zur Verminderung von Angstzust\u00e4nden deines Kindes und ein anderes zur gemeinsamen Bearbeitung der Verluste. Viele helfende \u00dcbungen, wenig Theorie. Abracadabra.<\/p>\n<p>&nbsp;<\/p>\n","protected":false},"featured_media":4740,"template":"","meta":[],"product_brand":[],"product_cat":[71],"product_tag":[],"class_list":{"0":"post-6675","1":"product","2":"type-product","3":"status-publish","4":"has-post-thumbnail","6":"product_cat-programme-de","7":"description-off","9":"first","10":"instock","11":"sale","12":"downloadable","13":"virtual","14":"sold-individually","15":"taxable","16":"purchasable","17":"product-type-simple"},"yoast_head":"<!-- This site is optimized with the Yoast SEO plugin v26.8 - https:\/\/yoast.com\/product\/yoast-seo-wordpress\/ -->\n<title>Von Angst zum L\u00e4cheln + Trauer bei Kindern - ABRACADABRAWORLD<\/title>\n<meta name=\"description\" content=\"Kauf es zusammen! Ein Handbuch zur Verminderung von Angst deines Kindes und ein anderes zur gemeinsamen Bearbeitung der Verluste. Viele helfende \u00dcbungen, wenig Theorie.\" \/>\n<meta name=\"robots\" content=\"index, follow, max-snippet:-1, max-image-preview:large, max-video-preview:-1\" \/>\n<link rel=\"canonical\" href=\"https:\/\/abracadabraworld.com\/de\/termek\/von-angst-zum-lacheln-trauer-bei-kindern\/\" \/>\n<meta property=\"og:locale\" content=\"de_DE\" \/>\n<meta property=\"og:type\" content=\"article\" \/>\n<meta property=\"og:title\" content=\"V\u00e1s\u00e1rold meg egy\u00fctt!\" \/>\n<meta property=\"og:description\" content=\"K\u00e9t praktikus k\u00e9zik\u00f6nyv, instant megold\u00e1sokkal, gyakorlatokkal. V\u00e9dd meg gyermekedet a mindenkori szorong\u00e1sait\u00f3l! \u00c9s tegyetek egy\u00fctt a j\u00f6v\u0151\u00e9rt: \u00f3vj\u00e1tok a bolyg\u00f3t apr\u00f3 l\u00e9p\u00e9sekkel.\" \/>\n<meta property=\"og:url\" content=\"https:\/\/abracadabraworld.com\/de\/termek\/von-angst-zum-lacheln-trauer-bei-kindern\/\" \/>\n<meta property=\"og:site_name\" content=\"ABRACADABRAWORLD\" \/>\n<meta property=\"article:publisher\" content=\"https:\/\/www.facebook.com\/abracadabraworld\/\" \/>\n<meta property=\"article:modified_time\" content=\"2021-06-01T08:45:56+00:00\" \/>\n<meta property=\"og:image\" content=\"https:\/\/abracadabraworld.com\/wp-content\/uploads\/2021\/03\/4_ket_konyv_promo.jpg\" \/>\n\t<meta property=\"og:image:width\" content=\"523\" \/>\n\t<meta property=\"og:image:height\" content=\"523\" \/>\n\t<meta property=\"og:image:type\" content=\"image\/jpeg\" \/>\n<meta name=\"twitter:card\" content=\"summary_large_image\" \/>\n<script type=\"application\/ld+json\" class=\"yoast-schema-graph\">{\"@context\":\"https:\/\/schema.org\",\"@graph\":[{\"@type\":\"WebPage\",\"@id\":\"https:\/\/abracadabraworld.com\/de\/termek\/von-angst-zum-lacheln-trauer-bei-kindern\/\",\"url\":\"https:\/\/abracadabraworld.com\/de\/termek\/von-angst-zum-lacheln-trauer-bei-kindern\/\",\"name\":\"Von Angst zum L\u00e4cheln + Trauer bei Kindern - ABRACADABRAWORLD\",\"isPartOf\":{\"@id\":\"https:\/\/abracadabraworld.com\/#website\"},\"primaryImageOfPage\":{\"@id\":\"https:\/\/abracadabraworld.com\/de\/termek\/von-angst-zum-lacheln-trauer-bei-kindern\/#primaryimage\"},\"image\":{\"@id\":\"https:\/\/abracadabraworld.com\/de\/termek\/von-angst-zum-lacheln-trauer-bei-kindern\/#primaryimage\"},\"thumbnailUrl\":\"https:\/\/abracadabraworld.com\/wp-content\/uploads\/2021\/03\/4_ket_konyv_promo.jpg\",\"datePublished\":\"2020-11-05T15:00:53+00:00\",\"dateModified\":\"2021-06-01T08:45:56+00:00\",\"description\":\"Kauf es zusammen! Ein Handbuch zur Verminderung von Angst deines Kindes und ein anderes zur gemeinsamen Bearbeitung der Verluste. Viele helfende \u00dcbungen, wenig Theorie.\",\"breadcrumb\":{\"@id\":\"https:\/\/abracadabraworld.com\/de\/termek\/von-angst-zum-lacheln-trauer-bei-kindern\/#breadcrumb\"},\"inLanguage\":\"de\",\"potentialAction\":[{\"@type\":\"ReadAction\",\"target\":[\"https:\/\/abracadabraworld.com\/de\/termek\/von-angst-zum-lacheln-trauer-bei-kindern\/\"]}]},{\"@type\":\"ImageObject\",\"inLanguage\":\"de\",\"@id\":\"https:\/\/abracadabraworld.com\/de\/termek\/von-angst-zum-lacheln-trauer-bei-kindern\/#primaryimage\",\"url\":\"https:\/\/abracadabraworld.com\/wp-content\/uploads\/2021\/03\/4_ket_konyv_promo.jpg\",\"contentUrl\":\"https:\/\/abracadabraworld.com\/wp-content\/uploads\/2021\/03\/4_ket_konyv_promo.jpg\",\"width\":523,\"height\":523},{\"@type\":\"BreadcrumbList\",\"@id\":\"https:\/\/abracadabraworld.com\/de\/termek\/von-angst-zum-lacheln-trauer-bei-kindern\/#breadcrumb\",\"itemListElement\":[{\"@type\":\"ListItem\",\"position\":1,\"name\":\"Home\",\"item\":\"https:\/\/abracadabraworld.com\/de\/\"},{\"@type\":\"ListItem\",\"position\":2,\"name\":\"Shop\",\"item\":\"https:\/\/abracadabraworld.com\/de\/shop\/\"},{\"@type\":\"ListItem\",\"position\":3,\"name\":\"Von Angst zum L\u00e4cheln + Trauer bei Kindern\"}]},{\"@type\":\"WebSite\",\"@id\":\"https:\/\/abracadabraworld.com\/#website\",\"url\":\"https:\/\/abracadabraworld.com\/\",\"name\":\"ABRACADABRAWORLD\",\"description\":\"Wir bieten schnelle und instante L\u00f6sungen f\u00fcr Mutter, die unter Zeitmangel leiden. Online programme, herunterladende Digitalmaterialien, M\u00e4rchen und Spiele, unter dem Motto von Mindfulness.\",\"potentialAction\":[{\"@type\":\"SearchAction\",\"target\":{\"@type\":\"EntryPoint\",\"urlTemplate\":\"https:\/\/abracadabraworld.com\/?s={search_term_string}\"},\"query-input\":{\"@type\":\"PropertyValueSpecification\",\"valueRequired\":true,\"valueName\":\"search_term_string\"}}],\"inLanguage\":\"de\"}]}<\/script>\n<!-- \/ Yoast SEO plugin. -->","yoast_head_json":{"title":"Von Angst zum L\u00e4cheln + Trauer bei Kindern - ABRACADABRAWORLD","description":"Kauf es zusammen! Ein Handbuch zur Verminderung von Angst deines Kindes und ein anderes zur gemeinsamen Bearbeitung der Verluste. Viele helfende \u00dcbungen, wenig Theorie.","robots":{"index":"index","follow":"follow","max-snippet":"max-snippet:-1","max-image-preview":"max-image-preview:large","max-video-preview":"max-video-preview:-1"},"canonical":"https:\/\/abracadabraworld.com\/de\/termek\/von-angst-zum-lacheln-trauer-bei-kindern\/","og_locale":"de_DE","og_type":"article","og_title":"V\u00e1s\u00e1rold meg egy\u00fctt!","og_description":"K\u00e9t praktikus k\u00e9zik\u00f6nyv, instant megold\u00e1sokkal, gyakorlatokkal. V\u00e9dd meg gyermekedet a mindenkori szorong\u00e1sait\u00f3l! \u00c9s tegyetek egy\u00fctt a j\u00f6v\u0151\u00e9rt: \u00f3vj\u00e1tok a bolyg\u00f3t apr\u00f3 l\u00e9p\u00e9sekkel.","og_url":"https:\/\/abracadabraworld.com\/de\/termek\/von-angst-zum-lacheln-trauer-bei-kindern\/","og_site_name":"ABRACADABRAWORLD","article_publisher":"https:\/\/www.facebook.com\/abracadabraworld\/","article_modified_time":"2021-06-01T08:45:56+00:00","og_image":[{"width":523,"height":523,"url":"https:\/\/abracadabraworld.com\/wp-content\/uploads\/2021\/03\/4_ket_konyv_promo.jpg","type":"image\/jpeg"}],"twitter_card":"summary_large_image","schema":{"@context":"https:\/\/schema.org","@graph":[{"@type":"WebPage","@id":"https:\/\/abracadabraworld.com\/de\/termek\/von-angst-zum-lacheln-trauer-bei-kindern\/","url":"https:\/\/abracadabraworld.com\/de\/termek\/von-angst-zum-lacheln-trauer-bei-kindern\/","name":"Von Angst zum L\u00e4cheln + Trauer bei Kindern - ABRACADABRAWORLD","isPartOf":{"@id":"https:\/\/abracadabraworld.com\/#website"},"primaryImageOfPage":{"@id":"https:\/\/abracadabraworld.com\/de\/termek\/von-angst-zum-lacheln-trauer-bei-kindern\/#primaryimage"},"image":{"@id":"https:\/\/abracadabraworld.com\/de\/termek\/von-angst-zum-lacheln-trauer-bei-kindern\/#primaryimage"},"thumbnailUrl":"https:\/\/abracadabraworld.com\/wp-content\/uploads\/2021\/03\/4_ket_konyv_promo.jpg","datePublished":"2020-11-05T15:00:53+00:00","dateModified":"2021-06-01T08:45:56+00:00","description":"Kauf es zusammen! Ein Handbuch zur Verminderung von Angst deines Kindes und ein anderes zur gemeinsamen Bearbeitung der Verluste. Viele helfende \u00dcbungen, wenig Theorie.","breadcrumb":{"@id":"https:\/\/abracadabraworld.com\/de\/termek\/von-angst-zum-lacheln-trauer-bei-kindern\/#breadcrumb"},"inLanguage":"de","potentialAction":[{"@type":"ReadAction","target":["https:\/\/abracadabraworld.com\/de\/termek\/von-angst-zum-lacheln-trauer-bei-kindern\/"]}]},{"@type":"ImageObject","inLanguage":"de","@id":"https:\/\/abracadabraworld.com\/de\/termek\/von-angst-zum-lacheln-trauer-bei-kindern\/#primaryimage","url":"https:\/\/abracadabraworld.com\/wp-content\/uploads\/2021\/03\/4_ket_konyv_promo.jpg","contentUrl":"https:\/\/abracadabraworld.com\/wp-content\/uploads\/2021\/03\/4_ket_konyv_promo.jpg","width":523,"height":523},{"@type":"BreadcrumbList","@id":"https:\/\/abracadabraworld.com\/de\/termek\/von-angst-zum-lacheln-trauer-bei-kindern\/#breadcrumb","itemListElement":[{"@type":"ListItem","position":1,"name":"Home","item":"https:\/\/abracadabraworld.com\/de\/"},{"@type":"ListItem","position":2,"name":"Shop","item":"https:\/\/abracadabraworld.com\/de\/shop\/"},{"@type":"ListItem","position":3,"name":"Von Angst zum L\u00e4cheln + Trauer bei Kindern"}]},{"@type":"WebSite","@id":"https:\/\/abracadabraworld.com\/#website","url":"https:\/\/abracadabraworld.com\/","name":"ABRACADABRAWORLD","description":"Wir bieten schnelle und instante L\u00f6sungen f\u00fcr Mutter, die unter Zeitmangel leiden. Online programme, herunterladende Digitalmaterialien, M\u00e4rchen und Spiele, unter dem Motto von Mindfulness.","potentialAction":[{"@type":"SearchAction","target":{"@type":"EntryPoint","urlTemplate":"https:\/\/abracadabraworld.com\/?s={search_term_string}"},"query-input":{"@type":"PropertyValueSpecification","valueRequired":true,"valueName":"search_term_string"}}],"inLanguage":"de"}]}},"_links":{"self":[{"href":"https:\/\/abracadabraworld.com\/de\/wp-json\/wp\/v2\/product\/6675","targetHints":{"allow":["GET"]}}],"collection":[{"href":"https:\/\/abracadabraworld.com\/de\/wp-json\/wp\/v2\/product"}],"about":[{"href":"https:\/\/abracadabraworld.com\/de\/wp-json\/wp\/v2\/types\/product"}],"wp:featuredmedia":[{"embeddable":true,"href":"https:\/\/abracadabraworld.com\/de\/wp-json\/wp\/v2\/media\/4740"}],"wp:attachment":[{"href":"https:\/\/abracadabraworld.com\/de\/wp-json\/wp\/v2\/media?parent=6675"}],"wp:term":[{"taxonomy":"product_brand","embeddable":true,"href":"https:\/\/abracadabraworld.com\/de\/wp-json\/wp\/v2\/product_brand?post=6675"},{"taxonomy":"product_cat","embeddable":true,"href":"https:\/\/abracadabraworld.com\/de\/wp-json\/wp\/v2\/product_cat?post=6675"},{"taxonomy":"product_tag","embeddable":true,"href":"https:\/\/abracadabraworld.com\/de\/wp-json\/wp\/v2\/product_tag?post=6675"}],"curies":[{"name":"wp","href":"https:\/\/api.w.org\/{rel}","templated":true}]}}