{"id":1463,"date":"2020-07-21T18:33:23","date_gmt":"2020-07-21T16:33:23","guid":{"rendered":"https:\/\/abracadabraworld.com\/?page_id=1463"},"modified":"2020-10-24T21:59:12","modified_gmt":"2020-10-24T19:59:12","slug":"impressum","status":"publish","type":"page","link":"https:\/\/abracadabraworld.com\/en\/impressum\/","title":{"rendered":"Impressum"},"content":{"rendered":"<p>[vc_row][vc_column][vc_column_text]<strong>1. OPERATOR DETAILS<\/strong><br \/>\nFull name: Artereg\u00f3 Arts Consultant Ltd.<br \/>\nShort name: Artereg\u00f3 Ltd<br \/>\nHeadquarters: Hungary, 2092 Budakeszi, Feny\u0151 str. 9<br \/>\nMailing adress: Hungary, 2092 Budakeszi, Feny\u0151 str. 9.<br \/>\nRegistration number: 13-09-197969<br \/>\nTax number: 13211152-2-13<br \/>\nEU VAT number: HU13211152<br \/>\nChamber of commerce registration number: BU13211152<\/p>\n<p>Bank: K&amp;H Bank &#8211; Hungary, Budapest, 1095 Budapest, Lechner \u00d6d\u00f6n fasor 9.<br \/>\nIBAN: HU14104040724072317600000000<\/p>\n<p>BIC (SWIFT): OKHBHUHB<\/p>\n<p><strong><br \/>\n2. CONTACT DETAILS<\/strong><\/p>\n<p>Customer service: Artereg\u00f3 Ltd.<br \/>\nPhone: +36 20 9 547 144<br \/>\nEmail: info@arterego.hu<\/p>\n<p><strong>3. WEBHOSTING<\/strong><br \/>\nViacom Informatikai Kft. (Hungary, 2360 Gy\u00e1l, De\u00e1k Ferenc str. 17. Phone: +36 70 467 5710, Email: info@viacomkft.hu[\/vc_column_text][\/vc_column][\/vc_row]<\/p>\n","protected":false},"excerpt":{"rendered":"<p>[vc_row][vc_column][vc_column_text]1. OPERATOR DETAILS Full name: Artereg\u00f3 Arts Consultant Ltd. Short name: Artereg\u00f3 Ltd Headquarters: Hungary, 2092 Budakeszi, Feny\u0151 str. 9 Mailing adress: Hungary, 2092 Budakeszi, Feny\u0151 str. 9. Registration number: 13-09-197969 Tax number: 13211152-2-13 EU VAT number: HU13211152 Chamber of commerce registration number: BU13211152 Bank: K&amp;H Bank &#8211; Hungary, Budapest, 1095 Budapest, Lechner \u00d6d\u00f6n fasor&hellip;<\/p>\n","protected":false},"author":2,"featured_media":0,"parent":0,"menu_order":0,"comment_status":"closed","ping_status":"closed","template":"","meta":{"footnotes":""},"class_list":["post-1463","page","type-page","status-publish","hentry","description-off"],"yoast_head":"<!-- This site is optimized with the Yoast SEO plugin v26.8 - https:\/\/yoast.com\/product\/yoast-seo-wordpress\/ -->\n<title>Impressum - ABRACADABRAWORLD<\/title>\n<meta name=\"robots\" content=\"index, follow, max-snippet:-1, max-image-preview:large, max-video-preview:-1\" \/>\n<link rel=\"canonical\" href=\"https:\/\/abracadabraworld.com\/en\/impressum\/\" \/>\n<meta property=\"og:locale\" content=\"en_US\" \/>\n<meta property=\"og:type\" content=\"article\" \/>\n<meta property=\"og:title\" content=\"Impressum - ABRACADABRAWORLD\" \/>\n<meta property=\"og:description\" content=\"[vc_row][vc_column][vc_column_text]1. OPERATOR DETAILS Full name: Artereg\u00f3 Arts Consultant Ltd. Short name: Artereg\u00f3 Ltd Headquarters: Hungary, 2092 Budakeszi, Feny\u0151 str. 9 Mailing adress: Hungary, 2092 Budakeszi, Feny\u0151 str. 9. Registration number: 13-09-197969 Tax number: 13211152-2-13 EU VAT number: HU13211152 Chamber of commerce registration number: BU13211152 Bank: K&amp;H Bank &#8211; Hungary, Budapest, 1095 Budapest, Lechner \u00d6d\u00f6n fasor&hellip;\" \/>\n<meta property=\"og:url\" content=\"https:\/\/abracadabraworld.com\/en\/impressum\/\" \/>\n<meta property=\"og:site_name\" content=\"ABRACADABRAWORLD\" \/>\n<meta property=\"article:publisher\" content=\"https:\/\/www.facebook.com\/abracadabraworld\/\" \/>\n<meta property=\"article:modified_time\" content=\"2020-10-24T19:59:12+00:00\" \/>\n<meta name=\"twitter:card\" content=\"summary_large_image\" \/>\n<meta name=\"twitter:label1\" content=\"Est. reading time\" \/>\n\t<meta name=\"twitter:data1\" content=\"1 minute\" \/>\n<script type=\"application\/ld+json\" class=\"yoast-schema-graph\">{\"@context\":\"https:\/\/schema.org\",\"@graph\":[{\"@type\":\"WebPage\",\"@id\":\"https:\/\/abracadabraworld.com\/en\/impressum\/\",\"url\":\"https:\/\/abracadabraworld.com\/en\/impressum\/\",\"name\":\"Impressum - ABRACADABRAWORLD\",\"isPartOf\":{\"@id\":\"https:\/\/abracadabraworld.com\/#website\"},\"datePublished\":\"2020-07-21T16:33:23+00:00\",\"dateModified\":\"2020-10-24T19:59:12+00:00\",\"breadcrumb\":{\"@id\":\"https:\/\/abracadabraworld.com\/en\/impressum\/#breadcrumb\"},\"inLanguage\":\"en-US\",\"potentialAction\":[{\"@type\":\"ReadAction\",\"target\":[\"https:\/\/abracadabraworld.com\/en\/impressum\/\"]}]},{\"@type\":\"BreadcrumbList\",\"@id\":\"https:\/\/abracadabraworld.com\/en\/impressum\/#breadcrumb\",\"itemListElement\":[{\"@type\":\"ListItem\",\"position\":1,\"name\":\"Home\",\"item\":\"https:\/\/abracadabraworld.com\/en\/\"},{\"@type\":\"ListItem\",\"position\":2,\"name\":\"Impressum\"}]},{\"@type\":\"WebSite\",\"@id\":\"https:\/\/abracadabraworld.com\/#website\",\"url\":\"https:\/\/abracadabraworld.com\/\",\"name\":\"ABRACADABRAWORLD\",\"description\":\"Gyors \u00e9s k\u00e9sz megold\u00e1sokat ny\u00fajtunk id\u0151hi\u00e1nyban szenved\u0151 any\u00e1knak. Online programok, let\u00f6lthet\u0151 digit\u00e1lis anyagok, mes\u00e9k \u00e9s j\u00e1t\u00e9kok mindfulness szellemis\u00e9gben.\",\"potentialAction\":[{\"@type\":\"SearchAction\",\"target\":{\"@type\":\"EntryPoint\",\"urlTemplate\":\"https:\/\/abracadabraworld.com\/?s={search_term_string}\"},\"query-input\":{\"@type\":\"PropertyValueSpecification\",\"valueRequired\":true,\"valueName\":\"search_term_string\"}}],\"inLanguage\":\"en-US\"}]}<\/script>\n<!-- \/ Yoast SEO plugin. -->","yoast_head_json":{"title":"Impressum - ABRACADABRAWORLD","robots":{"index":"index","follow":"follow","max-snippet":"max-snippet:-1","max-image-preview":"max-image-preview:large","max-video-preview":"max-video-preview:-1"},"canonical":"https:\/\/abracadabraworld.com\/en\/impressum\/","og_locale":"en_US","og_type":"article","og_title":"Impressum - ABRACADABRAWORLD","og_description":"[vc_row][vc_column][vc_column_text]1. OPERATOR DETAILS Full name: Artereg\u00f3 Arts Consultant Ltd. Short name: Artereg\u00f3 Ltd Headquarters: Hungary, 2092 Budakeszi, Feny\u0151 str. 9 Mailing adress: Hungary, 2092 Budakeszi, Feny\u0151 str. 9. Registration number: 13-09-197969 Tax number: 13211152-2-13 EU VAT number: HU13211152 Chamber of commerce registration number: BU13211152 Bank: K&amp;H Bank &#8211; Hungary, Budapest, 1095 Budapest, Lechner \u00d6d\u00f6n fasor&hellip;","og_url":"https:\/\/abracadabraworld.com\/en\/impressum\/","og_site_name":"ABRACADABRAWORLD","article_publisher":"https:\/\/www.facebook.com\/abracadabraworld\/","article_modified_time":"2020-10-24T19:59:12+00:00","twitter_card":"summary_large_image","twitter_misc":{"Est. reading time":"1 minute"},"schema":{"@context":"https:\/\/schema.org","@graph":[{"@type":"WebPage","@id":"https:\/\/abracadabraworld.com\/en\/impressum\/","url":"https:\/\/abracadabraworld.com\/en\/impressum\/","name":"Impressum - ABRACADABRAWORLD","isPartOf":{"@id":"https:\/\/abracadabraworld.com\/#website"},"datePublished":"2020-07-21T16:33:23+00:00","dateModified":"2020-10-24T19:59:12+00:00","breadcrumb":{"@id":"https:\/\/abracadabraworld.com\/en\/impressum\/#breadcrumb"},"inLanguage":"en-US","potentialAction":[{"@type":"ReadAction","target":["https:\/\/abracadabraworld.com\/en\/impressum\/"]}]},{"@type":"BreadcrumbList","@id":"https:\/\/abracadabraworld.com\/en\/impressum\/#breadcrumb","itemListElement":[{"@type":"ListItem","position":1,"name":"Home","item":"https:\/\/abracadabraworld.com\/en\/"},{"@type":"ListItem","position":2,"name":"Impressum"}]},{"@type":"WebSite","@id":"https:\/\/abracadabraworld.com\/#website","url":"https:\/\/abracadabraworld.com\/","name":"ABRACADABRAWORLD","description":"Gyors \u00e9s k\u00e9sz megold\u00e1sokat ny\u00fajtunk id\u0151hi\u00e1nyban szenved\u0151 any\u00e1knak. Online programok, let\u00f6lthet\u0151 digit\u00e1lis anyagok, mes\u00e9k \u00e9s j\u00e1t\u00e9kok mindfulness szellemis\u00e9gben.","potentialAction":[{"@type":"SearchAction","target":{"@type":"EntryPoint","urlTemplate":"https:\/\/abracadabraworld.com\/?s={search_term_string}"},"query-input":{"@type":"PropertyValueSpecification","valueRequired":true,"valueName":"search_term_string"}}],"inLanguage":"en-US"}]}},"_links":{"self":[{"href":"https:\/\/abracadabraworld.com\/en\/wp-json\/wp\/v2\/pages\/1463","targetHints":{"allow":["GET"]}}],"collection":[{"href":"https:\/\/abracadabraworld.com\/en\/wp-json\/wp\/v2\/pages"}],"about":[{"href":"https:\/\/abracadabraworld.com\/en\/wp-json\/wp\/v2\/types\/page"}],"author":[{"embeddable":true,"href":"https:\/\/abracadabraworld.com\/en\/wp-json\/wp\/v2\/users\/2"}],"replies":[{"embeddable":true,"href":"https:\/\/abracadabraworld.com\/en\/wp-json\/wp\/v2\/comments?post=1463"}],"version-history":[{"count":0,"href":"https:\/\/abracadabraworld.com\/en\/wp-json\/wp\/v2\/pages\/1463\/revisions"}],"wp:attachment":[{"href":"https:\/\/abracadabraworld.com\/en\/wp-json\/wp\/v2\/media?parent=1463"}],"curies":[{"name":"wp","href":"https:\/\/api.w.org\/{rel}","templated":true}]}}