{"id":1471,"date":"2020-07-21T18:35:41","date_gmt":"2020-07-21T16:35:41","guid":{"rendered":"https:\/\/abracadabraworld.com\/?page_id=1471"},"modified":"2021-01-21T09:53:27","modified_gmt":"2021-01-21T08:53:27","slug":"about-us","status":"publish","type":"page","link":"https:\/\/abracadabraworld.com\/en\/about-us\/","title":{"rendered":"About Us"},"content":{"rendered":"<p>[vc_row css=&#8221;.vc_custom_1591971726699{margin-bottom: 80px !important;}&#8221; el_class=&#8221;about-us&#8221;][vc_column width=&#8221;1\/3&#8243;]<div class=\"ult_row_spacer\"><div class=\"ult-sticky-anchor\"><div class=\"ult-sticky-section ult-sticky \"  data-gutter= '80' data-stick_behaviour= 'stick_with_scroll_row'  data-sticky_position= 'top' data-mobile='no' data-support='no'>[vc_single_image image=&#8221;684&#8243; img_size=&#8221;full&#8221;]<\/div><div class=\"ult-space\"><\/div><\/div><\/div>[\/vc_column][vc_column width=&#8221;1\/2&#8243; offset=&#8221;vc_col-sm-offset-1&#8243;][vc_column_text]<\/p>\n<h3>Judit<\/h3>\n<p>First and foremost, I\u2019m a mother. Not a stay-at-home mom but a mother 24\/7 nonetheless. I raise a nine-year-old girl and much like everyone I try to balance my job and being a parent. Sometimes 24 hours is not enough and I feel guilt when I have to leave something until the next day. In other words I\u2019m walking a tightrope, but so far I\u2019ve managed without falling off.<\/p>\n<p><strong>I used to be a radio jockey, a segment producer at a tv station, now I\u2019m a PR expert, a marketing consultant and an executive of my company, but I can tell you that the toughest job of all is being a mother.<\/strong><\/p>\n<blockquote><p>I try to be the best mom I can. Much like you, I\u2019m sure. It\u2019s an incredible challenge but you know what I\u2019m talking about.<\/p><\/blockquote>\n<p>The playing field is a bit uneven for me and I might say more about this in the future. Right now, we\u2019re slap-bang in the middle of the sub-teen era, somewhere between \u201cBut I\u2019m still little\u201d and \u201cMom, I\u2019m a big girl now\u201d.<\/p>\n<p>I know all the songs of Disney princesses by heart, and I can list the differences between the ponies even If you wake me up at two in the morning. We draw and paint for hours based on videos, and daily \u201cchores\u201d include singing and storytelling as well. And do you know what\u2019s the best thing about this period \u2013 it\u2019s that she still craves the attention of mom more than anyone else\u2019s. But I know that this won\u2019t last forever, so I appreciate every minute, every second, that I can spend with my daughter.<\/p>\n<p><strong>Is there something in your life that you somehow ended up doing no matter what else you tried?<\/strong><\/p>\n<p>For me, that something is children. I produced a radio show for kids, I was a camp leader, still today I\u2019m involved with the creation of a musical act for kids, and it\u2019s been eight years since we started a website for mothers, which is also a source of great joy.<\/p>\n<p><strong>I love to be around kids, I love to understand them.<\/strong><\/p>\n<p><strong>My life was full of changes but I was always open and this helped.<\/strong><\/p>\n<blockquote><p>When it comes to raising children, the same openness is what helped me the most, so I\u2019d encourage you to be open! We tried many methods and toys with my daughter, which led to having plenty of valuable experiences.<\/p><\/blockquote>\n<p><strong>I realised that these experiences need to be organised and shared. I trust you are open to hear about them.<\/strong><\/p>\n<p>My personal success story is that by now I have written proof that I\u2019m able to help. As an Access Bars and Consciousness therapist, I\u2019m able to tune in to others, including you. I intend to learn other therapeutic methods so as to be able to help you personally.<\/p>\n<p><strong>We created Abracadabra World to offer you a magic wand. Messages, tips, tricks, ideas designed to help you overcome the cloudy moments of being a great parent. You\u2019re open to it, aren\u2019t you?<\/strong><\/p>\n<p>There is no magic to this. Perhaps just a little bit of Abracadabra.[\/vc_column_text][\/vc_column][\/vc_row][vc_row full_width=&#8221;stretch_row&#8221; bg_type=&#8221;bg_color&#8221; css=&#8221;.vc_custom_1592227117875{padding-top: 50px !important;padding-bottom: 40px !important;background-color: #f5ede6 !important;}&#8221; el_class=&#8221;beige-before about-us&#8221;][vc_column width=&#8221;1\/3&#8243;]<div class=\"ult_row_spacer\"><div class=\"ult-sticky-anchor\"><div class=\"ult-sticky-section ult-sticky \"  data-gutter= '80' data-stick_behaviour= 'stick_with_scroll_row'  data-sticky_position= 'top' data-mobile='no' data-support='no'>[vc_single_image image=&#8221;685&#8243; img_size=&#8221;full&#8221;]<\/div><div class=\"ult-space\"><\/div><\/div><\/div>[\/vc_column][vc_column width=&#8221;1\/2&#8243; offset=&#8221;vc_col-sm-offset-1&#8243;][vc_column_text]<\/p>\n<h3>Orsi<\/h3>\n<p><strong>Since I became a mother my biggest disappointment is that things aren\u2019t exactly as they were described in the dozens of books I own about child psychology.<\/strong><\/p>\n<p>I&#8217;m exaggerating. Reading them, the whole parenting thing seemed a lot easier.<\/p>\n<blockquote><p>But does your day lack predictability and that sense of feeling productive?<\/p><\/blockquote>\n<p>Mine does. We do have a schedule, of course. Sometimes we can keep it, sometimes we can\u2019t. I could be content with a day when I also manage to take a shower when I need it, cook for my husband and remember to empty the washing machine. Occasionally things work out.<\/p>\n<p><strong>I don\u2019t want to sound like a hapless mom who chases around her misbehaving kid in a stained t-shirt to no avail.<\/strong><\/p>\n<p>Imagine a working mother who still loves reading books and doing yoga, who is interested in voluntary simplicity and a slow life. Who likes to control things. Are you laughing at me (and with me) yet?<\/p>\n<p>I became a mother at the age of 40. I graduated as a lawyer and was 24 when we founded our communications agency with Judit, who is also my partner at Abracadabra World. Neither of us stopped working when we became parents.<\/p>\n<p>We are, however, the kind of people who like to look for solutions and methods that actually do the trick and help.<\/p>\n<blockquote><p>It\u2019s a good thing to raise a child in theory and it\u2019s ok to declare things on a theoretical level, citing research based on hundreds of responses, but when you have a question about your own child that you need answered right away, you don\u2019t have time to turn to the literature.<\/p><\/blockquote>\n<p><strong>Do you know what always helped me out? The advice of another mother,<\/strong> someone I might not even have known in person.<\/p>\n<p>Tracy lives in Australia and she is an expert in natural parenting. Her entries always reassured me that I\u2019m not the only one with a particular problem.<\/p>\n<p>Amanda and Nicky from New Zealand: I will always be grateful for your sleep programme.<\/p>\n<p>Or Kate, whose revolutionary thoughts on time and energy management came exactly when I needed them.<\/p>\n<p><strong>I joined mother tribes and mom villages. Communities, where I know I can always get quick and practical help.<\/strong><\/p>\n<blockquote class=\"color-red\"><p>Abracadabra World was created to help out parents whose days lack predictability, who sometimes feel guilty about their decisions and who like efficiency.<\/p><\/blockquote>\n<p><strong>We are all magical parents. That includes you!<\/strong><\/p>\n<p>And we need some magical tools, games, tips, tricks. We will share these with you and we ask you to share your ideas with us!<\/p>\n<p><strong>There is no hocus pocus. Only Abracadabra. This is the world of magical parenting.<\/strong>[\/vc_column_text][\/vc_column][\/vc_row]<\/p>\n","protected":false},"excerpt":{"rendered":"<p>[vc_row css=&#8221;.vc_custom_1591971726699{margin-bottom: 80px !important;}&#8221; el_class=&#8221;about-us&#8221;][vc_column width=&#8221;1\/3&#8243;][\/vc_column][vc_column width=&#8221;1\/2&#8243; offset=&#8221;vc_col-sm-offset-1&#8243;][vc_column_text] Judit First and foremost, I\u2019m a mother. Not a stay-at-home mom but a mother 24\/7 nonetheless. I raise a nine-year-old girl and much like everyone I try to balance my job and being a parent. Sometimes 24 hours is not enough and I feel guilt when I&hellip;<\/p>\n","protected":false},"author":2,"featured_media":4420,"parent":0,"menu_order":0,"comment_status":"closed","ping_status":"closed","template":"","meta":{"footnotes":""},"class_list":["post-1471","page","type-page","status-publish","has-post-thumbnail","hentry","description-off"],"yoast_head":"<!-- This site is optimized with the Yoast SEO plugin v26.8 - https:\/\/yoast.com\/product\/yoast-seo-wordpress\/ -->\n<title>About Us - ABRACADABRAWORLD<\/title>\n<meta name=\"robots\" content=\"index, follow, max-snippet:-1, max-image-preview:large, max-video-preview:-1\" \/>\n<link rel=\"canonical\" href=\"https:\/\/abracadabraworld.com\/en\/about-us\/\" \/>\n<meta property=\"og:locale\" content=\"en_US\" \/>\n<meta property=\"og:type\" content=\"article\" \/>\n<meta property=\"og:title\" content=\"About Us - ABRACADABRAWORLD\" \/>\n<meta property=\"og:description\" content=\"[vc_row css=&#8221;.vc_custom_1591971726699{margin-bottom: 80px !important;}&#8221; el_class=&#8221;about-us&#8221;][vc_column width=&#8221;1\/3&#8243;][\/vc_column][vc_column width=&#8221;1\/2&#8243; offset=&#8221;vc_col-sm-offset-1&#8243;][vc_column_text] Judit First and foremost, I\u2019m a mother. Not a stay-at-home mom but a mother 24\/7 nonetheless. I raise a nine-year-old girl and much like everyone I try to balance my job and being a parent. Sometimes 24 hours is not enough and I feel guilt when I&hellip;\" \/>\n<meta property=\"og:url\" content=\"https:\/\/abracadabraworld.com\/en\/about-us\/\" \/>\n<meta property=\"og:site_name\" content=\"ABRACADABRAWORLD\" \/>\n<meta property=\"article:publisher\" content=\"https:\/\/www.facebook.com\/abracadabraworld\/\" \/>\n<meta property=\"article:modified_time\" content=\"2021-01-21T08:53:27+00:00\" \/>\n<meta property=\"og:image\" content=\"https:\/\/abracadabraworld.com\/wp-content\/uploads\/2021\/01\/abracadabraworld-about-us.jpg\" \/>\n\t<meta property=\"og:image:width\" content=\"1200\" \/>\n\t<meta property=\"og:image:height\" content=\"630\" \/>\n\t<meta property=\"og:image:type\" content=\"image\/jpeg\" \/>\n<meta name=\"twitter:card\" content=\"summary_large_image\" \/>\n<meta name=\"twitter:label1\" content=\"Est. reading time\" \/>\n\t<meta name=\"twitter:data1\" content=\"6 minutes\" \/>\n<script type=\"application\/ld+json\" class=\"yoast-schema-graph\">{\"@context\":\"https:\/\/schema.org\",\"@graph\":[{\"@type\":\"WebPage\",\"@id\":\"https:\/\/abracadabraworld.com\/en\/about-us\/\",\"url\":\"https:\/\/abracadabraworld.com\/en\/about-us\/\",\"name\":\"About Us - ABRACADABRAWORLD\",\"isPartOf\":{\"@id\":\"https:\/\/abracadabraworld.com\/#website\"},\"primaryImageOfPage\":{\"@id\":\"https:\/\/abracadabraworld.com\/en\/about-us\/#primaryimage\"},\"image\":{\"@id\":\"https:\/\/abracadabraworld.com\/en\/about-us\/#primaryimage\"},\"thumbnailUrl\":\"https:\/\/abracadabraworld.com\/wp-content\/uploads\/2021\/01\/abracadabraworld-about-us.jpg\",\"datePublished\":\"2020-07-21T16:35:41+00:00\",\"dateModified\":\"2021-01-21T08:53:27+00:00\",\"breadcrumb\":{\"@id\":\"https:\/\/abracadabraworld.com\/en\/about-us\/#breadcrumb\"},\"inLanguage\":\"en-US\",\"potentialAction\":[{\"@type\":\"ReadAction\",\"target\":[\"https:\/\/abracadabraworld.com\/en\/about-us\/\"]}]},{\"@type\":\"ImageObject\",\"inLanguage\":\"en-US\",\"@id\":\"https:\/\/abracadabraworld.com\/en\/about-us\/#primaryimage\",\"url\":\"https:\/\/abracadabraworld.com\/wp-content\/uploads\/2021\/01\/abracadabraworld-about-us.jpg\",\"contentUrl\":\"https:\/\/abracadabraworld.com\/wp-content\/uploads\/2021\/01\/abracadabraworld-about-us.jpg\",\"width\":1200,\"height\":630},{\"@type\":\"BreadcrumbList\",\"@id\":\"https:\/\/abracadabraworld.com\/en\/about-us\/#breadcrumb\",\"itemListElement\":[{\"@type\":\"ListItem\",\"position\":1,\"name\":\"Home\",\"item\":\"https:\/\/abracadabraworld.com\/en\/\"},{\"@type\":\"ListItem\",\"position\":2,\"name\":\"About Us\"}]},{\"@type\":\"WebSite\",\"@id\":\"https:\/\/abracadabraworld.com\/#website\",\"url\":\"https:\/\/abracadabraworld.com\/\",\"name\":\"ABRACADABRAWORLD\",\"description\":\"Gyors \u00e9s k\u00e9sz megold\u00e1sokat ny\u00fajtunk id\u0151hi\u00e1nyban szenved\u0151 any\u00e1knak. Online programok, let\u00f6lthet\u0151 digit\u00e1lis anyagok, mes\u00e9k \u00e9s j\u00e1t\u00e9kok mindfulness szellemis\u00e9gben.\",\"potentialAction\":[{\"@type\":\"SearchAction\",\"target\":{\"@type\":\"EntryPoint\",\"urlTemplate\":\"https:\/\/abracadabraworld.com\/?s={search_term_string}\"},\"query-input\":{\"@type\":\"PropertyValueSpecification\",\"valueRequired\":true,\"valueName\":\"search_term_string\"}}],\"inLanguage\":\"en-US\"}]}<\/script>\n<!-- \/ Yoast SEO plugin. -->","yoast_head_json":{"title":"About Us - ABRACADABRAWORLD","robots":{"index":"index","follow":"follow","max-snippet":"max-snippet:-1","max-image-preview":"max-image-preview:large","max-video-preview":"max-video-preview:-1"},"canonical":"https:\/\/abracadabraworld.com\/en\/about-us\/","og_locale":"en_US","og_type":"article","og_title":"About Us - ABRACADABRAWORLD","og_description":"[vc_row css=&#8221;.vc_custom_1591971726699{margin-bottom: 80px !important;}&#8221; el_class=&#8221;about-us&#8221;][vc_column width=&#8221;1\/3&#8243;][\/vc_column][vc_column width=&#8221;1\/2&#8243; offset=&#8221;vc_col-sm-offset-1&#8243;][vc_column_text] Judit First and foremost, I\u2019m a mother. Not a stay-at-home mom but a mother 24\/7 nonetheless. I raise a nine-year-old girl and much like everyone I try to balance my job and being a parent. Sometimes 24 hours is not enough and I feel guilt when I&hellip;","og_url":"https:\/\/abracadabraworld.com\/en\/about-us\/","og_site_name":"ABRACADABRAWORLD","article_publisher":"https:\/\/www.facebook.com\/abracadabraworld\/","article_modified_time":"2021-01-21T08:53:27+00:00","og_image":[{"width":1200,"height":630,"url":"https:\/\/abracadabraworld.com\/wp-content\/uploads\/2021\/01\/abracadabraworld-about-us.jpg","type":"image\/jpeg"}],"twitter_card":"summary_large_image","twitter_misc":{"Est. reading time":"6 minutes"},"schema":{"@context":"https:\/\/schema.org","@graph":[{"@type":"WebPage","@id":"https:\/\/abracadabraworld.com\/en\/about-us\/","url":"https:\/\/abracadabraworld.com\/en\/about-us\/","name":"About Us - ABRACADABRAWORLD","isPartOf":{"@id":"https:\/\/abracadabraworld.com\/#website"},"primaryImageOfPage":{"@id":"https:\/\/abracadabraworld.com\/en\/about-us\/#primaryimage"},"image":{"@id":"https:\/\/abracadabraworld.com\/en\/about-us\/#primaryimage"},"thumbnailUrl":"https:\/\/abracadabraworld.com\/wp-content\/uploads\/2021\/01\/abracadabraworld-about-us.jpg","datePublished":"2020-07-21T16:35:41+00:00","dateModified":"2021-01-21T08:53:27+00:00","breadcrumb":{"@id":"https:\/\/abracadabraworld.com\/en\/about-us\/#breadcrumb"},"inLanguage":"en-US","potentialAction":[{"@type":"ReadAction","target":["https:\/\/abracadabraworld.com\/en\/about-us\/"]}]},{"@type":"ImageObject","inLanguage":"en-US","@id":"https:\/\/abracadabraworld.com\/en\/about-us\/#primaryimage","url":"https:\/\/abracadabraworld.com\/wp-content\/uploads\/2021\/01\/abracadabraworld-about-us.jpg","contentUrl":"https:\/\/abracadabraworld.com\/wp-content\/uploads\/2021\/01\/abracadabraworld-about-us.jpg","width":1200,"height":630},{"@type":"BreadcrumbList","@id":"https:\/\/abracadabraworld.com\/en\/about-us\/#breadcrumb","itemListElement":[{"@type":"ListItem","position":1,"name":"Home","item":"https:\/\/abracadabraworld.com\/en\/"},{"@type":"ListItem","position":2,"name":"About Us"}]},{"@type":"WebSite","@id":"https:\/\/abracadabraworld.com\/#website","url":"https:\/\/abracadabraworld.com\/","name":"ABRACADABRAWORLD","description":"Gyors \u00e9s k\u00e9sz megold\u00e1sokat ny\u00fajtunk id\u0151hi\u00e1nyban szenved\u0151 any\u00e1knak. Online programok, let\u00f6lthet\u0151 digit\u00e1lis anyagok, mes\u00e9k \u00e9s j\u00e1t\u00e9kok mindfulness szellemis\u00e9gben.","potentialAction":[{"@type":"SearchAction","target":{"@type":"EntryPoint","urlTemplate":"https:\/\/abracadabraworld.com\/?s={search_term_string}"},"query-input":{"@type":"PropertyValueSpecification","valueRequired":true,"valueName":"search_term_string"}}],"inLanguage":"en-US"}]}},"_links":{"self":[{"href":"https:\/\/abracadabraworld.com\/en\/wp-json\/wp\/v2\/pages\/1471","targetHints":{"allow":["GET"]}}],"collection":[{"href":"https:\/\/abracadabraworld.com\/en\/wp-json\/wp\/v2\/pages"}],"about":[{"href":"https:\/\/abracadabraworld.com\/en\/wp-json\/wp\/v2\/types\/page"}],"author":[{"embeddable":true,"href":"https:\/\/abracadabraworld.com\/en\/wp-json\/wp\/v2\/users\/2"}],"replies":[{"embeddable":true,"href":"https:\/\/abracadabraworld.com\/en\/wp-json\/wp\/v2\/comments?post=1471"}],"version-history":[{"count":0,"href":"https:\/\/abracadabraworld.com\/en\/wp-json\/wp\/v2\/pages\/1471\/revisions"}],"wp:featuredmedia":[{"embeddable":true,"href":"https:\/\/abracadabraworld.com\/en\/wp-json\/wp\/v2\/media\/4420"}],"wp:attachment":[{"href":"https:\/\/abracadabraworld.com\/en\/wp-json\/wp\/v2\/media?parent=1471"}],"curies":[{"name":"wp","href":"https:\/\/api.w.org\/{rel}","templated":true}]}}