{"id":2063,"date":"2020-09-22T09:32:12","date_gmt":"2020-09-22T07:32:12","guid":{"rendered":"https:\/\/abracadabraworld.com\/?page_id=2063"},"modified":"2021-04-20T21:23:27","modified_gmt":"2021-04-20T19:23:27","slug":"our-programs","status":"publish","type":"page","link":"https:\/\/abracadabraworld.com\/en\/about-us\/our-programs\/","title":{"rendered":"Our programs"},"content":{"rendered":"<p>[vc_row css=&#8221;.vc_custom_1600689350413{margin-top: 30px !important;}&#8221;][vc_column][vc_row_inner css=&#8221;.vc_custom_1600689296592{margin-bottom: 30px !important;}&#8221;][vc_column_inner width=&#8221;1\/3&#8243; css=&#8221;.vc_custom_1600688931187{margin-bottom: 50px !important;}&#8221;]<style type=\"text\/css\" data-type=\"the7_shortcodes-inline-css\">.shortcode-single-image-wrap.shortcode-single-image-19a8be4f88776bc61f9e527447e78a93.enable-bg-rollover .rollover i,\n.shortcode-single-image-wrap.shortcode-single-image-19a8be4f88776bc61f9e527447e78a93.enable-bg-rollover .rollover-video i {\n  background: -webkit-linear-gradient();\n  background: linear-gradient();\n}\n.shortcode-single-image-wrap.shortcode-single-image-19a8be4f88776bc61f9e527447e78a93 .rollover-icon {\n  font-size: 32px;\n  color: #ffffff;\n  min-width: 44px;\n  min-height: 44px;\n  line-height: 44px;\n  border-radius: 100px;\n  border-style: solid;\n  border-width: 0px;\n}\n.dt-icon-bg-on.shortcode-single-image-wrap.shortcode-single-image-19a8be4f88776bc61f9e527447e78a93 .rollover-icon {\n  background: rgba(255,255,255,0.3);\n  box-shadow: none;\n}\n<\/style><div class=\"shortcode-single-image-wrap shortcode-single-image-19a8be4f88776bc61f9e527447e78a93 alignnone  disable-bg-rollover dt-icon-bg-off\" style=\"margin-top:0px; margin-bottom:0px; margin-left:0px; margin-right:0px;\"><div class=\"shortcode-single-image\"><div class=\"fancy-media-wrap\" style=\"\"><a href=\"https:\/\/abracadabraworld.com\/en\/shop\/from-stress-to-smile\/\" class=\" layzr-bg rollover\" style=\"\" aria-label=\"Image\"><img fetchpriority=\"high\" decoding=\"async\" class=\"preload-me lazy-load aspect\" src=\"data:image\/svg+xml,%3Csvg%20xmlns%3D&#39;http%3A%2F%2Fwww.w3.org%2F2000%2Fsvg&#39;%20viewBox%3D&#39;0%200%20800%20523&#39;%2F%3E\" data-src=\"https:\/\/abracadabraworld.com\/wp-content\/uploads\/2020\/05\/varazslatos-szulok-1.jpg\" data-srcset=\"https:\/\/abracadabraworld.com\/wp-content\/uploads\/2020\/05\/varazslatos-szulok-1.jpg 800w\" loading=\"eager\" style=\"--ratio: 800 \/ 523\" sizes=\"(max-width: 800px) 100vw, 800px\" width=\"800\" height=\"523\"  data-dt-location=\"https:\/\/abracadabraworld.com\/en\/a-varazslatos-szuloseg-csodalatos-vilaga\/varazslatos-szulok-2\/\" alt=\"\" \/><\/a><\/div><\/div><\/div>[\/vc_column_inner][vc_column_inner width=&#8221;2\/3&#8243; css=&#8221;.vc_custom_1600688805983{margin-bottom: 50px !important;}&#8221;][vc_column_text]<\/p>\n<h3><a href=\"https:\/\/abracadabraworld.com\/en\/shop\/from-stress-to-smile\/\">From stress to smile<\/a><\/h3>\n<p><strong>How can you protect your child\u2019s spiritual health in the middle of a pandemic? Games to ease anxiety, freeing your mind meditations, encouraging tales, quarantine kitchen and dozens of other tips and tricks all brought together in one place.<\/strong>[\/vc_column_text]<style type=\"text\/css\" data-type=\"the7_shortcodes-inline-css\">#default-btn-0d9b35404bc67e8fe9f35e46fac65e91.ico-right-side > i {\n  margin-right: 0px;\n  margin-left: 8px;\n}\n#default-btn-0d9b35404bc67e8fe9f35e46fac65e91 > i {\n  margin-right: 8px;\n}\n<\/style><a href=\"https:\/\/abracadabraworld.com\/en\/shop\/from-stress-to-smile\/\" class=\"default-btn-shortcode dt-btn dt-btn-m link-hover-off btn-inline-left \" id=\"default-btn-0d9b35404bc67e8fe9f35e46fac65e91\" title=\"From stress to smile\"><span>Learn more<\/span><\/a>[\/vc_column_inner][\/vc_row_inner][vc_row_inner css=&#8221;.vc_custom_1600689296592{margin-bottom: 30px !important;}&#8221;][vc_column_inner width=&#8221;1\/3&#8243; css=&#8221;.vc_custom_1600688931187{margin-bottom: 50px !important;}&#8221;]<style type=\"text\/css\" data-type=\"the7_shortcodes-inline-css\">.shortcode-single-image-wrap.shortcode-single-image-3d244de8b8a6f930679505ac0e1c67d0.enable-bg-rollover .rollover i,\n.shortcode-single-image-wrap.shortcode-single-image-3d244de8b8a6f930679505ac0e1c67d0.enable-bg-rollover .rollover-video i {\n  background: -webkit-linear-gradient();\n  background: linear-gradient();\n}\n.shortcode-single-image-wrap.shortcode-single-image-3d244de8b8a6f930679505ac0e1c67d0 .rollover-icon {\n  font-size: 32px;\n  color: #ffffff;\n  min-width: 44px;\n  min-height: 44px;\n  line-height: 44px;\n  border-radius: 100px;\n  border-style: solid;\n  border-width: 0px;\n}\n.dt-icon-bg-on.shortcode-single-image-wrap.shortcode-single-image-3d244de8b8a6f930679505ac0e1c67d0 .rollover-icon {\n  background: rgba(255,255,255,0.3);\n  box-shadow: none;\n}\n<\/style><div class=\"shortcode-single-image-wrap shortcode-single-image-3d244de8b8a6f930679505ac0e1c67d0 alignnone  disable-bg-rollover dt-icon-bg-off\" style=\"margin-top:0px; margin-bottom:0px; margin-left:0px; margin-right:0px;\"><div class=\"shortcode-single-image\"><div class=\"fancy-media-wrap\" style=\"\"><a href=\"https:\/\/abracadabraworld.com\/en\/shop\/from-stress-to-smile\/\" class=\" layzr-bg rollover\" style=\"\" aria-label=\"Image\"><img decoding=\"async\" class=\"preload-me lazy-load aspect\" src=\"data:image\/svg+xml,%3Csvg%20xmlns%3D&#39;http%3A%2F%2Fwww.w3.org%2F2000%2Fsvg&#39;%20viewBox%3D&#39;0%200%201920%201101&#39;%2F%3E\" data-src=\"https:\/\/abracadabraworld.com\/wp-content\/uploads\/2020\/11\/human-746661_1920.jpg\" data-srcset=\"https:\/\/abracadabraworld.com\/wp-content\/uploads\/2020\/11\/human-746661_1920.jpg 1920w\" loading=\"eager\" style=\"--ratio: 1920 \/ 1101\" sizes=\"(max-width: 1920px) 100vw, 1920px\" width=\"1920\" height=\"1101\"  data-dt-location=\"https:\/\/abracadabraworld.com\/en\/giving-back\/flower-of-hope-program\/human-746661_1920-2\/\" alt=\"\" \/><\/a><\/div><\/div><\/div>[\/vc_column_inner][vc_column_inner width=&#8221;2\/3&#8243; css=&#8221;.vc_custom_1600688805983{margin-bottom: 50px !important;}&#8221;][vc_column_text]<\/p>\n<h3><a href=\"https:\/\/abracadabraworld.com\/en\/shop\/childrens-grief\/\">Children&#8217;s grief<\/a><\/h3>\n<p>Did your child lose someone? How could you help? Stress-relieving exercises, uplifting nursery rhymes, soul-healing stories and recipes, and EQ-enhancing emotion cards for when there are no words left but pointing to a bunny as a way of recognising your feelings is just enough.[\/vc_column_text]<style type=\"text\/css\" data-type=\"the7_shortcodes-inline-css\">#default-btn-d1e1818a9b937aa9281891fd209d99b6.ico-right-side > i {\n  margin-right: 0px;\n  margin-left: 8px;\n}\n#default-btn-d1e1818a9b937aa9281891fd209d99b6 > i {\n  margin-right: 8px;\n}\n<\/style><a href=\"https:\/\/abracadabraworld.com\/en\/shop\/childrens-grief\/\" class=\"default-btn-shortcode dt-btn dt-btn-m link-hover-off btn-inline-left \" id=\"default-btn-d1e1818a9b937aa9281891fd209d99b6\" title=\"Children's grief\"><span>Learn more<\/span><\/a>[\/vc_column_inner][\/vc_row_inner][vc_row_inner css=&#8221;.vc_custom_1600689318447{margin-bottom: 30px !important;}&#8221;][vc_column_inner width=&#8221;1\/3&#8243; css=&#8221;.vc_custom_1600688794599{margin-bottom: 50px !important;}&#8221;]<style type=\"text\/css\" data-type=\"the7_shortcodes-inline-css\">.shortcode-single-image-wrap.shortcode-single-image-8169178bd7c9e869b1576ded49113dd4.enable-bg-rollover .rollover i,\n.shortcode-single-image-wrap.shortcode-single-image-8169178bd7c9e869b1576ded49113dd4.enable-bg-rollover .rollover-video i {\n  background: -webkit-linear-gradient();\n  background: linear-gradient();\n}\n.shortcode-single-image-wrap.shortcode-single-image-8169178bd7c9e869b1576ded49113dd4 .rollover-icon {\n  font-size: 32px;\n  color: #ffffff;\n  min-width: 44px;\n  min-height: 44px;\n  line-height: 44px;\n  border-radius: 100px;\n  border-style: solid;\n  border-width: 0px;\n}\n.dt-icon-bg-on.shortcode-single-image-wrap.shortcode-single-image-8169178bd7c9e869b1576ded49113dd4 .rollover-icon {\n  background: rgba(255,255,255,0.3);\n  box-shadow: none;\n}\n<\/style><div class=\"shortcode-single-image-wrap shortcode-single-image-8169178bd7c9e869b1576ded49113dd4 alignnone  disable-bg-rollover dt-icon-bg-off\" style=\"margin-top:0px; margin-bottom:0px; margin-left:0px; margin-right:0px;\"><div class=\"shortcode-single-image\"><div class=\"fancy-media-wrap\" style=\"\"><a href=\"https:\/\/abracadabraworld.com\/en\/shop\/protect-mother-nature\/\" class=\" layzr-bg rollover\" style=\"\" aria-label=\"Image\"><img decoding=\"async\" class=\"preload-me lazy-load aspect\" src=\"data:image\/svg+xml,%3Csvg%20xmlns%3D&#39;http%3A%2F%2Fwww.w3.org%2F2000%2Fsvg&#39;%20viewBox%3D&#39;0%200%202560%201709&#39;%2F%3E\" data-src=\"https:\/\/abracadabraworld.com\/wp-content\/uploads\/2020\/05\/7010796_xl-scaled.jpg\" data-srcset=\"https:\/\/abracadabraworld.com\/wp-content\/uploads\/2020\/05\/7010796_xl-scaled.jpg 2560w\" loading=\"eager\" style=\"--ratio: 2560 \/ 1709\" sizes=\"(max-width: 2560px) 100vw, 2560px\" width=\"2560\" height=\"1709\"  data-dt-location=\"https:\/\/abracadabraworld.com\/en\/a-legjobbat-akarod-a-gyerekednek-hagyd-egyedul\/7010796_xl\/\" alt=\"\" \/><\/a><\/div><\/div><\/div>[\/vc_column_inner][vc_column_inner width=&#8221;2\/3&#8243; css=&#8221;.vc_custom_1600688805983{margin-bottom: 50px !important;}&#8221;][vc_column_text]<\/p>\n<h3><a href=\"https:\/\/abracadabraworld.com\/en\/shop\/protect-mother-nature\/\">Protect Mother Nature<\/a><\/h3>\n<p><strong>A playful four-week programme timed for plastic-free July. More than 30 games to encourage your child to protect the Earth.<\/strong>[\/vc_column_text]<style type=\"text\/css\" data-type=\"the7_shortcodes-inline-css\">#default-btn-0d8dfa89fc09093d72b13e2b128d27b3.ico-right-side > i {\n  margin-right: 0px;\n  margin-left: 8px;\n}\n#default-btn-0d8dfa89fc09093d72b13e2b128d27b3 > i {\n  margin-right: 8px;\n}\n<\/style><a href=\"https:\/\/abracadabraworld.com\/en\/shop\/protect-mother-nature\/\" class=\"default-btn-shortcode dt-btn dt-btn-m link-hover-off btn-inline-left \" id=\"default-btn-0d8dfa89fc09093d72b13e2b128d27b3\" title=\"Protect Mother Nature!\"><span>Learn more<\/span><\/a>[\/vc_column_inner][\/vc_row_inner][\/vc_column][\/vc_row]<\/p>\n","protected":false},"excerpt":{"rendered":"<p>[vc_row css=&#8221;.vc_custom_1600689350413{margin-top: 30px !important;}&#8221;][vc_column][vc_row_inner css=&#8221;.vc_custom_1600689296592{margin-bottom: 30px !important;}&#8221;][vc_column_inner width=&#8221;1\/3&#8243; css=&#8221;.vc_custom_1600688931187{margin-bottom: 50px !important;}&#8221;][\/vc_column_inner][vc_column_inner width=&#8221;2\/3&#8243; css=&#8221;.vc_custom_1600688805983{margin-bottom: 50px !important;}&#8221;][vc_column_text] From stress to smile How can you protect your child\u2019s spiritual health in the middle of a pandemic? Games to ease anxiety, freeing your mind meditations, encouraging tales, quarantine kitchen and dozens of other tips and tricks all brought together&hellip;<\/p>\n","protected":false},"author":2,"featured_media":0,"parent":1471,"menu_order":0,"comment_status":"closed","ping_status":"closed","template":"","meta":{"footnotes":""},"class_list":["post-2063","page","type-page","status-publish","hentry","description-off"],"yoast_head":"<!-- This site is optimized with the Yoast SEO plugin v26.8 - https:\/\/yoast.com\/product\/yoast-seo-wordpress\/ -->\n<title>Our programs - ABRACADABRAWORLD<\/title>\n<meta name=\"robots\" content=\"index, follow, max-snippet:-1, max-image-preview:large, max-video-preview:-1\" \/>\n<link rel=\"canonical\" href=\"https:\/\/abracadabraworld.com\/en\/about-us\/our-programs\/\" \/>\n<meta property=\"og:locale\" content=\"en_US\" \/>\n<meta property=\"og:type\" content=\"article\" \/>\n<meta property=\"og:title\" content=\"Our programs - ABRACADABRAWORLD\" \/>\n<meta property=\"og:description\" content=\"[vc_row css=&#8221;.vc_custom_1600689350413{margin-top: 30px !important;}&#8221;][vc_column][vc_row_inner css=&#8221;.vc_custom_1600689296592{margin-bottom: 30px !important;}&#8221;][vc_column_inner width=&#8221;1\/3&#8243; css=&#8221;.vc_custom_1600688931187{margin-bottom: 50px !important;}&#8221;][\/vc_column_inner][vc_column_inner width=&#8221;2\/3&#8243; css=&#8221;.vc_custom_1600688805983{margin-bottom: 50px !important;}&#8221;][vc_column_text] From stress to smile How can you protect your child\u2019s spiritual health in the middle of a pandemic? Games to ease anxiety, freeing your mind meditations, encouraging tales, quarantine kitchen and dozens of other tips and tricks all brought together&hellip;\" \/>\n<meta property=\"og:url\" content=\"https:\/\/abracadabraworld.com\/en\/about-us\/our-programs\/\" \/>\n<meta property=\"og:site_name\" content=\"ABRACADABRAWORLD\" \/>\n<meta property=\"article:publisher\" content=\"https:\/\/www.facebook.com\/abracadabraworld\/\" \/>\n<meta property=\"article:modified_time\" content=\"2021-04-20T19:23:27+00:00\" \/>\n<meta name=\"twitter:card\" content=\"summary_large_image\" \/>\n<meta name=\"twitter:label1\" content=\"Est. reading time\" \/>\n\t<meta name=\"twitter:data1\" content=\"1 minute\" \/>\n<script type=\"application\/ld+json\" class=\"yoast-schema-graph\">{\"@context\":\"https:\/\/schema.org\",\"@graph\":[{\"@type\":\"WebPage\",\"@id\":\"https:\/\/abracadabraworld.com\/en\/about-us\/our-programs\/\",\"url\":\"https:\/\/abracadabraworld.com\/en\/about-us\/our-programs\/\",\"name\":\"Our programs - ABRACADABRAWORLD\",\"isPartOf\":{\"@id\":\"https:\/\/abracadabraworld.com\/#website\"},\"datePublished\":\"2020-09-22T07:32:12+00:00\",\"dateModified\":\"2021-04-20T19:23:27+00:00\",\"breadcrumb\":{\"@id\":\"https:\/\/abracadabraworld.com\/en\/about-us\/our-programs\/#breadcrumb\"},\"inLanguage\":\"en-US\",\"potentialAction\":[{\"@type\":\"ReadAction\",\"target\":[\"https:\/\/abracadabraworld.com\/en\/about-us\/our-programs\/\"]}]},{\"@type\":\"BreadcrumbList\",\"@id\":\"https:\/\/abracadabraworld.com\/en\/about-us\/our-programs\/#breadcrumb\",\"itemListElement\":[{\"@type\":\"ListItem\",\"position\":1,\"name\":\"Home\",\"item\":\"https:\/\/abracadabraworld.com\/en\/\"},{\"@type\":\"ListItem\",\"position\":2,\"name\":\"About Us\",\"item\":\"https:\/\/abracadabraworld.com\/en\/about-us\/\"},{\"@type\":\"ListItem\",\"position\":3,\"name\":\"Our programs\"}]},{\"@type\":\"WebSite\",\"@id\":\"https:\/\/abracadabraworld.com\/#website\",\"url\":\"https:\/\/abracadabraworld.com\/\",\"name\":\"ABRACADABRAWORLD\",\"description\":\"Gyors \u00e9s k\u00e9sz megold\u00e1sokat ny\u00fajtunk id\u0151hi\u00e1nyban szenved\u0151 any\u00e1knak. Online programok, let\u00f6lthet\u0151 digit\u00e1lis anyagok, mes\u00e9k \u00e9s j\u00e1t\u00e9kok mindfulness szellemis\u00e9gben.\",\"potentialAction\":[{\"@type\":\"SearchAction\",\"target\":{\"@type\":\"EntryPoint\",\"urlTemplate\":\"https:\/\/abracadabraworld.com\/?s={search_term_string}\"},\"query-input\":{\"@type\":\"PropertyValueSpecification\",\"valueRequired\":true,\"valueName\":\"search_term_string\"}}],\"inLanguage\":\"en-US\"}]}<\/script>\n<!-- \/ Yoast SEO plugin. -->","yoast_head_json":{"title":"Our programs - ABRACADABRAWORLD","robots":{"index":"index","follow":"follow","max-snippet":"max-snippet:-1","max-image-preview":"max-image-preview:large","max-video-preview":"max-video-preview:-1"},"canonical":"https:\/\/abracadabraworld.com\/en\/about-us\/our-programs\/","og_locale":"en_US","og_type":"article","og_title":"Our programs - ABRACADABRAWORLD","og_description":"[vc_row css=&#8221;.vc_custom_1600689350413{margin-top: 30px !important;}&#8221;][vc_column][vc_row_inner css=&#8221;.vc_custom_1600689296592{margin-bottom: 30px !important;}&#8221;][vc_column_inner width=&#8221;1\/3&#8243; css=&#8221;.vc_custom_1600688931187{margin-bottom: 50px !important;}&#8221;][\/vc_column_inner][vc_column_inner width=&#8221;2\/3&#8243; css=&#8221;.vc_custom_1600688805983{margin-bottom: 50px !important;}&#8221;][vc_column_text] From stress to smile How can you protect your child\u2019s spiritual health in the middle of a pandemic? Games to ease anxiety, freeing your mind meditations, encouraging tales, quarantine kitchen and dozens of other tips and tricks all brought together&hellip;","og_url":"https:\/\/abracadabraworld.com\/en\/about-us\/our-programs\/","og_site_name":"ABRACADABRAWORLD","article_publisher":"https:\/\/www.facebook.com\/abracadabraworld\/","article_modified_time":"2021-04-20T19:23:27+00:00","twitter_card":"summary_large_image","twitter_misc":{"Est. reading time":"1 minute"},"schema":{"@context":"https:\/\/schema.org","@graph":[{"@type":"WebPage","@id":"https:\/\/abracadabraworld.com\/en\/about-us\/our-programs\/","url":"https:\/\/abracadabraworld.com\/en\/about-us\/our-programs\/","name":"Our programs - ABRACADABRAWORLD","isPartOf":{"@id":"https:\/\/abracadabraworld.com\/#website"},"datePublished":"2020-09-22T07:32:12+00:00","dateModified":"2021-04-20T19:23:27+00:00","breadcrumb":{"@id":"https:\/\/abracadabraworld.com\/en\/about-us\/our-programs\/#breadcrumb"},"inLanguage":"en-US","potentialAction":[{"@type":"ReadAction","target":["https:\/\/abracadabraworld.com\/en\/about-us\/our-programs\/"]}]},{"@type":"BreadcrumbList","@id":"https:\/\/abracadabraworld.com\/en\/about-us\/our-programs\/#breadcrumb","itemListElement":[{"@type":"ListItem","position":1,"name":"Home","item":"https:\/\/abracadabraworld.com\/en\/"},{"@type":"ListItem","position":2,"name":"About Us","item":"https:\/\/abracadabraworld.com\/en\/about-us\/"},{"@type":"ListItem","position":3,"name":"Our programs"}]},{"@type":"WebSite","@id":"https:\/\/abracadabraworld.com\/#website","url":"https:\/\/abracadabraworld.com\/","name":"ABRACADABRAWORLD","description":"Gyors \u00e9s k\u00e9sz megold\u00e1sokat ny\u00fajtunk id\u0151hi\u00e1nyban szenved\u0151 any\u00e1knak. Online programok, let\u00f6lthet\u0151 digit\u00e1lis anyagok, mes\u00e9k \u00e9s j\u00e1t\u00e9kok mindfulness szellemis\u00e9gben.","potentialAction":[{"@type":"SearchAction","target":{"@type":"EntryPoint","urlTemplate":"https:\/\/abracadabraworld.com\/?s={search_term_string}"},"query-input":{"@type":"PropertyValueSpecification","valueRequired":true,"valueName":"search_term_string"}}],"inLanguage":"en-US"}]}},"_links":{"self":[{"href":"https:\/\/abracadabraworld.com\/en\/wp-json\/wp\/v2\/pages\/2063","targetHints":{"allow":["GET"]}}],"collection":[{"href":"https:\/\/abracadabraworld.com\/en\/wp-json\/wp\/v2\/pages"}],"about":[{"href":"https:\/\/abracadabraworld.com\/en\/wp-json\/wp\/v2\/types\/page"}],"author":[{"embeddable":true,"href":"https:\/\/abracadabraworld.com\/en\/wp-json\/wp\/v2\/users\/2"}],"replies":[{"embeddable":true,"href":"https:\/\/abracadabraworld.com\/en\/wp-json\/wp\/v2\/comments?post=2063"}],"version-history":[{"count":0,"href":"https:\/\/abracadabraworld.com\/en\/wp-json\/wp\/v2\/pages\/2063\/revisions"}],"up":[{"embeddable":true,"href":"https:\/\/abracadabraworld.com\/en\/wp-json\/wp\/v2\/pages\/1471"}],"wp:attachment":[{"href":"https:\/\/abracadabraworld.com\/en\/wp-json\/wp\/v2\/media?parent=2063"}],"curies":[{"name":"wp","href":"https:\/\/api.w.org\/{rel}","templated":true}]}}