{"id":4999,"date":"2020-08-25T12:47:46","date_gmt":"2020-08-25T10:47:46","guid":{"rendered":"https:\/\/abracadabraworld.com\/pillango-fejlesztesek\/"},"modified":"2021-03-19T15:52:45","modified_gmt":"2021-03-19T14:52:45","slug":"pillango-fejlesztesek","status":"publish","type":"page","link":"https:\/\/abracadabraworld.com\/en\/giving-back\/pillango-fejlesztesek\/","title":{"rendered":"Butterfly Developments"},"content":{"rendered":"<p>[vc_row css=&#8221;.vc_custom_1598355621825{margin-top: 80px !important;}&#8221;][vc_column width=&#8221;1\/3&#8243;]<style type=\"text\/css\" data-type=\"the7_shortcodes-inline-css\">.shortcode-single-image-wrap.shortcode-single-image-3a02b9469d9941121c5c192c2d99167e.enable-bg-rollover .rollover i,\n.shortcode-single-image-wrap.shortcode-single-image-3a02b9469d9941121c5c192c2d99167e.enable-bg-rollover .rollover-video i {\n  background: -webkit-linear-gradient();\n  background: linear-gradient();\n}\n.shortcode-single-image-wrap.shortcode-single-image-3a02b9469d9941121c5c192c2d99167e .rollover-icon {\n  font-size: 32px;\n  color: #ffffff;\n  min-width: 44px;\n  min-height: 44px;\n  line-height: 44px;\n  border-radius: 100px;\n  border-style: solid;\n  border-width: 0px;\n}\n.dt-icon-bg-on.shortcode-single-image-wrap.shortcode-single-image-3a02b9469d9941121c5c192c2d99167e .rollover-icon {\n  background: rgba(255,255,255,0.3);\n  box-shadow: none;\n}\n<\/style><div class=\"shortcode-single-image-wrap shortcode-single-image-3a02b9469d9941121c5c192c2d99167e alignnone  enable-bg-rollover dt-icon-bg-off\" style=\"margin-top:0px; margin-bottom:0px; margin-left:0px; margin-right:0px; width:467px;\"><div class=\"shortcode-single-image\"><div class=\"fancy-media-wrap  layzr-bg\" style=\"\"><img fetchpriority=\"high\" decoding=\"async\" class=\"preload-me lazy-load aspect\" src=\"data:image\/svg+xml,%3Csvg%20xmlns%3D&#39;http%3A%2F%2Fwww.w3.org%2F2000%2Fsvg&#39;%20viewBox%3D&#39;0%200%20467%20435&#39;%2F%3E\" data-src=\"https:\/\/abracadabraworld.com\/wp-content\/uploads\/2020\/08\/pillango-kert.png\" data-srcset=\"https:\/\/abracadabraworld.com\/wp-content\/uploads\/2020\/08\/pillango-kert.png 467w\" loading=\"eager\" sizes=\"(max-width: 467px) 100vw, 467px\" width=\"467\" height=\"435\"  data-dt-location=\"https:\/\/abracadabraworld.com\/en\/shop\/pillango-kert\/\" style=\"--ratio: 467 \/ 435;\" alt=\"\" \/><\/div><\/div><\/div><div class=\"ult-spacer spacer-69d5a2e33f1bb\" data-id=\"69d5a2e33f1bb\" data-height=\"0\" data-height-mobile=\"50\" data-height-tab=\"50\" data-height-tab-portrait=\"50\" data-height-mobile-landscape=\"50\" style=\"clear:both;display:block;\"><\/div>[\/vc_column][vc_column width=&#8221;7\/12&#8243; offset=&#8221;vc_col-sm-offset-1&#8243;]<div class=\"standard-arrow bullet-top\"><h3 style=\"color: #0fb4bd;\">Why Butterfly Gardens?<\/h3>\n<ul>\n<li>Because otherwise there would be no fresh vegetables on these tables<\/li>\n<li>Because they believe that they can change human destinies<\/li>\n<li>Because this is a 3-in-1 program that unites protecting the environment, supporting healthy living and creating new jobs<\/li>\n<\/ul>\n<\/div>[vc_column_text css=&#8221;.vc_custom_1616086814848{margin-top: 30px !important;}&#8221;]<\/p>\n<h3 style=\"color: #5ea8d1;\">What are Butterfly Gardens?<\/h3>\n<p>Butterfly Gardens are created and operated by the Butterfly Developments Association. This ecological settlement community agricultural model was especially created for underprivileged and other small settlements. In 2010 the program won the Hungarian award of the Social Business idea competition, a program founded by Mohammed Yunus, a Nobel Prize-winning economics professor, who is associated with the creation of the term social business.<\/p>\n<p>Butterfly Gardens are currently operating in two settlements, while vegetable growing is still ongoing at Nagydobos, Szalaszend, \u00c1rokt\u0151, Edel\u00e9ny, Hej\u0151kereszt\u00far and Saj\u00f3kereszt\u00far. \u00a0Hej\u0151szalonta, Hej\u0151kereszt\u00far, B\u00fckkaranyos, \u00c1rokt\u0151, Edel\u00e9ny, P\u00e1nd, Szirmabeseny\u0151, Saj\u00f3v\u00e1mos, Saj\u00f3senye, Saj\u00f3ecseg, Saj\u00f3b\u00e1bony and Szalaszend have also gained experience in gardening.[\/vc_column_text]<div class=\"ult-spacer spacer-69d5a2e33f35a\" data-id=\"69d5a2e33f35a\" data-height=\"150\" data-height-mobile=\"80\" data-height-tab=\"80\" data-height-tab-portrait=\"80\" data-height-mobile-landscape=\"80\" style=\"clear:both;display:block;\"><\/div>[\/vc_column][\/vc_row][vc_row full_width=&#8221;stretch_row&#8221; bg_type=&#8221;bg_color&#8221; el_class=&#8221;beige-before beige-after&#8221; css=&#8221;.vc_custom_1598356874937{padding-top: 100px !important;background-color: #f6ede6 !important;}&#8221;][vc_column width=&#8221;1\/3&#8243;][vc_column_text]<\/p>\n<h4 style=\"color: #ad362b; text-align: center;\">How does a chemical-free community garden operate?<\/h4>\n<p style=\"text-align: center;\">Butterfly Developments Association researches and educates in several areas of sustainable living. In the course of the past years they have dedicated the most energy to chemical-free gardening. They have taught the basics of community gardening to people living in deep poverty. They have demonstrated how to sow seeds and raise seedlings, and how to rotate crops. Mulching and chemical-free pest protection have also been introduced to the participants, and they have made a compost container, learned what can be recycled in it and how to use the ready-made compost. These new gardeners were able to farm their own basic vegetables by the end of each season.<\/p>\n<p>[\/vc_column_text][\/vc_column][vc_column width=&#8221;1\/3&#8243;][vc_column_text]<\/p>\n<h4 style=\"color: #0fb4bd; text-align: center;\">How can you make your kitchen greener?<\/h4>\n<p style=\"text-align: center;\">Sustainability is a way of living: if you choose this path you will be thinking about staying healthy and protecting our planet in every area of your life. Gardening automatically brings up the next question \u2013 how can the produced vegetables be used? Healthy, delicious and last but not least chemical-free produce is the base for the most delicious dishes. Butterfly Gardens also convey this knowledge to the gardeners and any other interested parties, connecting gardening with cooking, preparing dishes and learning about preservation technologies. Group activities such as cooking on an open fire help to build a community among the participants too.<\/p>\n<p>[\/vc_column_text][\/vc_column][vc_column width=&#8221;1\/3&#8243;][vc_column_text]<\/p>\n<h4 style=\"color: #81c49d; text-align: center;\">How can you make your whole home greener?<\/h4>\n<p style=\"text-align: center;\">Having already talked about cooking and the kitchen and preserving the surplus produce, it isn\u2019t possible to continue without talking about economical and sustainable households. The participants in the gardening program can learn about composting, recycling and basic sewing techniques that allow reusing textiles. Trainings also involve talking about natural tools and cleaning products that can be used in the household.<\/p>\n<p>[\/vc_column_text][\/vc_column][\/vc_row][vc_row css=&#8221;.vc_custom_1598361427579{margin-top: 80px !important;margin-bottom: 50px !important;}&#8221;][vc_column width=&#8221;5\/12&#8243; offset=&#8221;vc_col-sm-offset-1&#8243;]<div class=\"ult-spacer spacer-69d5a2e33f3ae\" data-id=\"69d5a2e33f3ae\" data-height=\"130\" data-height-mobile=\"80\" data-height-tab=\"80\" data-height-tab-portrait=\"80\" data-height-mobile-landscape=\"80\" style=\"clear:both;display:block;\"><\/div>[vc_column_text]<\/p>\n<h6><span style=\"color: #989696; text-transform: uppercase;\"><strong>Would you like to hear more about Butterfly Developments?<\/strong><\/span><\/h6>\n<h4 style=\"color: #ee6049;\">Learn more about them!<\/h4>\n<p>Gardening is usually taught at a community garden during a whole agricultural season, but from time to time it\u2019s possible to take courses composed of a few training sessions. Cooking and household management are covered at trainings. Butterfly Developments Association has also published some of the material gathered during their years of operation. Most of these publications are available via their <a href=\"https:\/\/www.bffd.hu\/\" target=\"_blank\" rel=\"noopener\">website<\/a>, along with other useful information (for example, recipes, knowledge libraries). They also regularly publish recipes and gardening tips on their <a href=\"https:\/\/www.facebook.com\/ButterflyFreeFlow\" target=\"_blank\" rel=\"noopener\">Facebook page<\/a>.[\/vc_column_text]<style type=\"text\/css\" data-type=\"the7_shortcodes-inline-css\">#default-btn-8d67c7757087bd056159af7f23308d7e.ico-right-side > i {\n  margin-right: 0px;\n  margin-left: 8px;\n}\n#default-btn-8d67c7757087bd056159af7f23308d7e > i {\n  margin-right: 8px;\n}\n<\/style><a href=\"https:\/\/www.bffd.hu\/\" class=\"default-btn-shortcode dt-btn dt-btn-m link-hover-off btn-inline-left  vc_custom_1616088216380\" target=\"_blank\" id=\"default-btn-8d67c7757087bd056159af7f23308d7e\" rel=\"noopener\"><span>Website<\/span><\/a><style type=\"text\/css\" data-type=\"the7_shortcodes-inline-css\">#default-btn-b4ae7d8e92ea0cb74e4bb3623e6fc3cd.ico-right-side > i {\n  margin-right: 0px;\n  margin-left: 8px;\n}\n#default-btn-b4ae7d8e92ea0cb74e4bb3623e6fc3cd > i {\n  margin-right: 8px;\n}\n<\/style><a href=\"https:\/\/www.facebook.com\/ButterflyFreeFlow\/\" class=\"default-btn-shortcode dt-btn dt-btn-m link-hover-off btn-inline-left  vc_custom_1616088220612\" target=\"_blank\" id=\"default-btn-b4ae7d8e92ea0cb74e4bb3623e6fc3cd\" rel=\"noopener\"><span>Facebook<\/span><\/a>[\/vc_column][vc_column width=&#8221;1\/2&#8243;]<div class=\"ult-spacer spacer-69d5a2e33f70a\" data-id=\"69d5a2e33f70a\" data-height=\"0\" data-height-mobile=\"25\" data-height-tab=\"50\" data-height-tab-portrait=\"50\" data-height-mobile-landscape=\"25\" style=\"clear:both;display:block;\"><\/div><style type=\"text\/css\" data-type=\"the7_shortcodes-inline-css\">.shortcode-single-image-wrap.shortcode-single-image-225488ecb1e3d5409bd3193e79a0cb85.enable-bg-rollover .rollover i,\n.shortcode-single-image-wrap.shortcode-single-image-225488ecb1e3d5409bd3193e79a0cb85.enable-bg-rollover .rollover-video i {\n  background: -webkit-linear-gradient();\n  background: linear-gradient();\n}\n.shortcode-single-image-wrap.shortcode-single-image-225488ecb1e3d5409bd3193e79a0cb85 .rollover-icon {\n  font-size: 32px;\n  color: #ffffff;\n  min-width: 44px;\n  min-height: 44px;\n  line-height: 44px;\n  border-radius: 100px;\n  border-style: solid;\n  border-width: 0px;\n}\n.dt-icon-bg-on.shortcode-single-image-wrap.shortcode-single-image-225488ecb1e3d5409bd3193e79a0cb85 .rollover-icon {\n  background: rgba(255,255,255,0.3);\n  box-shadow: none;\n}\n<\/style><div class=\"shortcode-single-image-wrap shortcode-single-image-225488ecb1e3d5409bd3193e79a0cb85 alignnone  enable-bg-rollover dt-icon-bg-off\" style=\"margin-top:0px; margin-bottom:0px; margin-left:0px; margin-right:0px; width:693px;\"><div class=\"shortcode-single-image\"><div class=\"fancy-media-wrap  layzr-bg\" style=\"\"><img decoding=\"async\" class=\"preload-me lazy-load aspect\" src=\"data:image\/svg+xml,%3Csvg%20xmlns%3D&#39;http%3A%2F%2Fwww.w3.org%2F2000%2Fsvg&#39;%20viewBox%3D&#39;0%200%20693%20713&#39;%2F%3E\" data-src=\"https:\/\/abracadabraworld.com\/wp-content\/uploads\/2020\/08\/pilango-fejlesztesek-tobb-mint-zoldseg.png\" data-srcset=\"https:\/\/abracadabraworld.com\/wp-content\/uploads\/2020\/08\/pilango-fejlesztesek-tobb-mint-zoldseg.png 693w\" loading=\"eager\" sizes=\"(max-width: 693px) 100vw, 693px\" width=\"693\" height=\"713\"  data-dt-location=\"https:\/\/abracadabraworld.com\/en\/?attachment_id=1761\" style=\"--ratio: 693 \/ 713;\" alt=\"\" \/><\/div><\/div><\/div>[\/vc_column][\/vc_row]<\/p>\n","protected":false},"excerpt":{"rendered":"<p>[vc_row css=&#8221;.vc_custom_1598355621825{margin-top: 80px !important;}&#8221;][vc_column width=&#8221;1\/3&#8243;][\/vc_column][vc_column width=&#8221;7\/12&#8243; offset=&#8221;vc_col-sm-offset-1&#8243;][vc_column_text css=&#8221;.vc_custom_1616086814848{margin-top: 30px !important;}&#8221;] What are Butterfly Gardens? Butterfly Gardens are created and operated by the Butterfly Developments Association. This ecological settlement community agricultural model was especially created for underprivileged and other small settlements. In 2010 the program won the Hungarian award of the Social Business idea competition, a&hellip;<\/p>\n","protected":false},"author":2,"featured_media":1333,"parent":5070,"menu_order":0,"comment_status":"closed","ping_status":"closed","template":"","meta":{"footnotes":""},"class_list":["post-4999","page","type-page","status-publish","has-post-thumbnail","hentry","description-off"],"yoast_head":"<!-- This site is optimized with the Yoast SEO plugin v26.8 - https:\/\/yoast.com\/product\/yoast-seo-wordpress\/ -->\n<title>Butterfly Developments - ABRACADABRAWORLD<\/title>\n<meta name=\"robots\" content=\"index, follow, max-snippet:-1, max-image-preview:large, max-video-preview:-1\" \/>\n<link rel=\"canonical\" href=\"https:\/\/abracadabraworld.com\/en\/giving-back\/pillango-fejlesztesek\/\" \/>\n<meta property=\"og:locale\" content=\"en_US\" \/>\n<meta property=\"og:type\" content=\"article\" \/>\n<meta property=\"og:title\" content=\"Butterfly Developments - ABRACADABRAWORLD\" \/>\n<meta property=\"og:description\" content=\"[vc_row css=&#8221;.vc_custom_1598355621825{margin-top: 80px !important;}&#8221;][vc_column width=&#8221;1\/3&#8243;][\/vc_column][vc_column width=&#8221;7\/12&#8243; offset=&#8221;vc_col-sm-offset-1&#8243;][vc_column_text css=&#8221;.vc_custom_1616086814848{margin-top: 30px !important;}&#8221;] What are Butterfly Gardens? Butterfly Gardens are created and operated by the Butterfly Developments Association. This ecological settlement community agricultural model was especially created for underprivileged and other small settlements. In 2010 the program won the Hungarian award of the Social Business idea competition, a&hellip;\" \/>\n<meta property=\"og:url\" content=\"https:\/\/abracadabraworld.com\/en\/giving-back\/pillango-fejlesztesek\/\" \/>\n<meta property=\"og:site_name\" content=\"ABRACADABRAWORLD\" \/>\n<meta property=\"article:publisher\" content=\"https:\/\/www.facebook.com\/abracadabraworld\/\" \/>\n<meta property=\"article:modified_time\" content=\"2021-03-19T14:52:45+00:00\" \/>\n<meta property=\"og:image\" content=\"https:\/\/abracadabraworld.com\/wp-content\/uploads\/2020\/05\/7010796_xl-scaled.jpg\" \/>\n\t<meta property=\"og:image:width\" content=\"2560\" \/>\n\t<meta property=\"og:image:height\" content=\"1709\" \/>\n\t<meta property=\"og:image:type\" content=\"image\/jpeg\" \/>\n<meta name=\"twitter:card\" content=\"summary_large_image\" \/>\n<meta name=\"twitter:label1\" content=\"Est. reading time\" \/>\n\t<meta name=\"twitter:data1\" content=\"3 minutes\" \/>\n<script type=\"application\/ld+json\" class=\"yoast-schema-graph\">{\"@context\":\"https:\/\/schema.org\",\"@graph\":[{\"@type\":\"WebPage\",\"@id\":\"https:\/\/abracadabraworld.com\/en\/giving-back\/pillango-fejlesztesek\/\",\"url\":\"https:\/\/abracadabraworld.com\/en\/giving-back\/pillango-fejlesztesek\/\",\"name\":\"Butterfly Developments - ABRACADABRAWORLD\",\"isPartOf\":{\"@id\":\"https:\/\/abracadabraworld.com\/#website\"},\"primaryImageOfPage\":{\"@id\":\"https:\/\/abracadabraworld.com\/en\/giving-back\/pillango-fejlesztesek\/#primaryimage\"},\"image\":{\"@id\":\"https:\/\/abracadabraworld.com\/en\/giving-back\/pillango-fejlesztesek\/#primaryimage\"},\"thumbnailUrl\":\"https:\/\/abracadabraworld.com\/wp-content\/uploads\/2020\/05\/7010796_xl-scaled.jpg\",\"datePublished\":\"2020-08-25T10:47:46+00:00\",\"dateModified\":\"2021-03-19T14:52:45+00:00\",\"breadcrumb\":{\"@id\":\"https:\/\/abracadabraworld.com\/en\/giving-back\/pillango-fejlesztesek\/#breadcrumb\"},\"inLanguage\":\"en-US\",\"potentialAction\":[{\"@type\":\"ReadAction\",\"target\":[\"https:\/\/abracadabraworld.com\/en\/giving-back\/pillango-fejlesztesek\/\"]}]},{\"@type\":\"ImageObject\",\"inLanguage\":\"en-US\",\"@id\":\"https:\/\/abracadabraworld.com\/en\/giving-back\/pillango-fejlesztesek\/#primaryimage\",\"url\":\"https:\/\/abracadabraworld.com\/wp-content\/uploads\/2020\/05\/7010796_xl-scaled.jpg\",\"contentUrl\":\"https:\/\/abracadabraworld.com\/wp-content\/uploads\/2020\/05\/7010796_xl-scaled.jpg\",\"width\":2560,\"height\":1709},{\"@type\":\"BreadcrumbList\",\"@id\":\"https:\/\/abracadabraworld.com\/en\/giving-back\/pillango-fejlesztesek\/#breadcrumb\",\"itemListElement\":[{\"@type\":\"ListItem\",\"position\":1,\"name\":\"Home\",\"item\":\"https:\/\/abracadabraworld.com\/en\/\"},{\"@type\":\"ListItem\",\"position\":2,\"name\":\"Giving back\",\"item\":\"https:\/\/abracadabraworld.com\/en\/giving-back\/\"},{\"@type\":\"ListItem\",\"position\":3,\"name\":\"Butterfly Developments\"}]},{\"@type\":\"WebSite\",\"@id\":\"https:\/\/abracadabraworld.com\/#website\",\"url\":\"https:\/\/abracadabraworld.com\/\",\"name\":\"ABRACADABRAWORLD\",\"description\":\"Gyors \u00e9s k\u00e9sz megold\u00e1sokat ny\u00fajtunk id\u0151hi\u00e1nyban szenved\u0151 any\u00e1knak. Online programok, let\u00f6lthet\u0151 digit\u00e1lis anyagok, mes\u00e9k \u00e9s j\u00e1t\u00e9kok mindfulness szellemis\u00e9gben.\",\"potentialAction\":[{\"@type\":\"SearchAction\",\"target\":{\"@type\":\"EntryPoint\",\"urlTemplate\":\"https:\/\/abracadabraworld.com\/?s={search_term_string}\"},\"query-input\":{\"@type\":\"PropertyValueSpecification\",\"valueRequired\":true,\"valueName\":\"search_term_string\"}}],\"inLanguage\":\"en-US\"}]}<\/script>\n<!-- \/ Yoast SEO plugin. -->","yoast_head_json":{"title":"Butterfly Developments - ABRACADABRAWORLD","robots":{"index":"index","follow":"follow","max-snippet":"max-snippet:-1","max-image-preview":"max-image-preview:large","max-video-preview":"max-video-preview:-1"},"canonical":"https:\/\/abracadabraworld.com\/en\/giving-back\/pillango-fejlesztesek\/","og_locale":"en_US","og_type":"article","og_title":"Butterfly Developments - ABRACADABRAWORLD","og_description":"[vc_row css=&#8221;.vc_custom_1598355621825{margin-top: 80px !important;}&#8221;][vc_column width=&#8221;1\/3&#8243;][\/vc_column][vc_column width=&#8221;7\/12&#8243; offset=&#8221;vc_col-sm-offset-1&#8243;][vc_column_text css=&#8221;.vc_custom_1616086814848{margin-top: 30px !important;}&#8221;] What are Butterfly Gardens? Butterfly Gardens are created and operated by the Butterfly Developments Association. This ecological settlement community agricultural model was especially created for underprivileged and other small settlements. In 2010 the program won the Hungarian award of the Social Business idea competition, a&hellip;","og_url":"https:\/\/abracadabraworld.com\/en\/giving-back\/pillango-fejlesztesek\/","og_site_name":"ABRACADABRAWORLD","article_publisher":"https:\/\/www.facebook.com\/abracadabraworld\/","article_modified_time":"2021-03-19T14:52:45+00:00","og_image":[{"width":2560,"height":1709,"url":"https:\/\/abracadabraworld.com\/wp-content\/uploads\/2020\/05\/7010796_xl-scaled.jpg","type":"image\/jpeg"}],"twitter_card":"summary_large_image","twitter_misc":{"Est. reading time":"3 minutes"},"schema":{"@context":"https:\/\/schema.org","@graph":[{"@type":"WebPage","@id":"https:\/\/abracadabraworld.com\/en\/giving-back\/pillango-fejlesztesek\/","url":"https:\/\/abracadabraworld.com\/en\/giving-back\/pillango-fejlesztesek\/","name":"Butterfly Developments - ABRACADABRAWORLD","isPartOf":{"@id":"https:\/\/abracadabraworld.com\/#website"},"primaryImageOfPage":{"@id":"https:\/\/abracadabraworld.com\/en\/giving-back\/pillango-fejlesztesek\/#primaryimage"},"image":{"@id":"https:\/\/abracadabraworld.com\/en\/giving-back\/pillango-fejlesztesek\/#primaryimage"},"thumbnailUrl":"https:\/\/abracadabraworld.com\/wp-content\/uploads\/2020\/05\/7010796_xl-scaled.jpg","datePublished":"2020-08-25T10:47:46+00:00","dateModified":"2021-03-19T14:52:45+00:00","breadcrumb":{"@id":"https:\/\/abracadabraworld.com\/en\/giving-back\/pillango-fejlesztesek\/#breadcrumb"},"inLanguage":"en-US","potentialAction":[{"@type":"ReadAction","target":["https:\/\/abracadabraworld.com\/en\/giving-back\/pillango-fejlesztesek\/"]}]},{"@type":"ImageObject","inLanguage":"en-US","@id":"https:\/\/abracadabraworld.com\/en\/giving-back\/pillango-fejlesztesek\/#primaryimage","url":"https:\/\/abracadabraworld.com\/wp-content\/uploads\/2020\/05\/7010796_xl-scaled.jpg","contentUrl":"https:\/\/abracadabraworld.com\/wp-content\/uploads\/2020\/05\/7010796_xl-scaled.jpg","width":2560,"height":1709},{"@type":"BreadcrumbList","@id":"https:\/\/abracadabraworld.com\/en\/giving-back\/pillango-fejlesztesek\/#breadcrumb","itemListElement":[{"@type":"ListItem","position":1,"name":"Home","item":"https:\/\/abracadabraworld.com\/en\/"},{"@type":"ListItem","position":2,"name":"Giving back","item":"https:\/\/abracadabraworld.com\/en\/giving-back\/"},{"@type":"ListItem","position":3,"name":"Butterfly Developments"}]},{"@type":"WebSite","@id":"https:\/\/abracadabraworld.com\/#website","url":"https:\/\/abracadabraworld.com\/","name":"ABRACADABRAWORLD","description":"Gyors \u00e9s k\u00e9sz megold\u00e1sokat ny\u00fajtunk id\u0151hi\u00e1nyban szenved\u0151 any\u00e1knak. Online programok, let\u00f6lthet\u0151 digit\u00e1lis anyagok, mes\u00e9k \u00e9s j\u00e1t\u00e9kok mindfulness szellemis\u00e9gben.","potentialAction":[{"@type":"SearchAction","target":{"@type":"EntryPoint","urlTemplate":"https:\/\/abracadabraworld.com\/?s={search_term_string}"},"query-input":{"@type":"PropertyValueSpecification","valueRequired":true,"valueName":"search_term_string"}}],"inLanguage":"en-US"}]}},"_links":{"self":[{"href":"https:\/\/abracadabraworld.com\/en\/wp-json\/wp\/v2\/pages\/4999","targetHints":{"allow":["GET"]}}],"collection":[{"href":"https:\/\/abracadabraworld.com\/en\/wp-json\/wp\/v2\/pages"}],"about":[{"href":"https:\/\/abracadabraworld.com\/en\/wp-json\/wp\/v2\/types\/page"}],"author":[{"embeddable":true,"href":"https:\/\/abracadabraworld.com\/en\/wp-json\/wp\/v2\/users\/2"}],"replies":[{"embeddable":true,"href":"https:\/\/abracadabraworld.com\/en\/wp-json\/wp\/v2\/comments?post=4999"}],"version-history":[{"count":0,"href":"https:\/\/abracadabraworld.com\/en\/wp-json\/wp\/v2\/pages\/4999\/revisions"}],"up":[{"embeddable":true,"href":"https:\/\/abracadabraworld.com\/en\/wp-json\/wp\/v2\/pages\/5070"}],"wp:featuredmedia":[{"embeddable":true,"href":"https:\/\/abracadabraworld.com\/en\/wp-json\/wp\/v2\/media\/1333"}],"wp:attachment":[{"href":"https:\/\/abracadabraworld.com\/en\/wp-json\/wp\/v2\/media?parent=4999"}],"curies":[{"name":"wp","href":"https:\/\/api.w.org\/{rel}","templated":true}]}}