{"id":5593,"date":"2020-11-05T09:35:09","date_gmt":"2020-11-05T08:35:09","guid":{"rendered":"https:\/\/abracadabraworld.com\/giving-back\/remenyvirag-program\/"},"modified":"2021-04-06T23:50:52","modified_gmt":"2021-04-06T21:50:52","slug":"flower-of-hope-program","status":"publish","type":"page","link":"https:\/\/abracadabraworld.com\/en\/giving-back\/flower-of-hope-program\/","title":{"rendered":"Flower of Hope Program"},"content":{"rendered":"<p>[vc_row css=&#8221;.vc_custom_1598355621825{margin-top: 80px !important;}&#8221;][vc_column width=&#8221;1\/3&#8243;]<style type=\"text\/css\" data-type=\"the7_shortcodes-inline-css\">.shortcode-single-image-wrap.shortcode-single-image-97e8deda048d1ab5fde9d6bd9c2211e6.enable-bg-rollover .rollover i,\n.shortcode-single-image-wrap.shortcode-single-image-97e8deda048d1ab5fde9d6bd9c2211e6.enable-bg-rollover .rollover-video i {\n  background: -webkit-linear-gradient();\n  background: linear-gradient();\n}\n.shortcode-single-image-wrap.shortcode-single-image-97e8deda048d1ab5fde9d6bd9c2211e6 .rollover-icon {\n  font-size: 32px;\n  color: #ffffff;\n  min-width: 44px;\n  min-height: 44px;\n  line-height: 44px;\n  border-radius: 100px;\n  border-style: solid;\n  border-width: 0px;\n}\n.dt-icon-bg-on.shortcode-single-image-wrap.shortcode-single-image-97e8deda048d1ab5fde9d6bd9c2211e6 .rollover-icon {\n  background: rgba(255,255,255,0.3);\n  box-shadow: none;\n}\n<\/style><div class=\"shortcode-single-image-wrap shortcode-single-image-97e8deda048d1ab5fde9d6bd9c2211e6 alignnone  enable-bg-rollover dt-icon-bg-off\" style=\"margin-top:0px; margin-bottom:0px; margin-left:0px; margin-right:0px; width:467px;\"><div class=\"shortcode-single-image\"><div class=\"fancy-media-wrap  layzr-bg\" style=\"\"><img fetchpriority=\"high\" decoding=\"async\" class=\"preload-me lazy-load aspect\" src=\"data:image\/svg+xml,%3Csvg%20xmlns%3D&#39;http%3A%2F%2Fwww.w3.org%2F2000%2Fsvg&#39;%20viewBox%3D&#39;0%200%20467%20583&#39;%2F%3E\" data-src=\"https:\/\/abracadabraworld.com\/wp-content\/uploads\/2020\/11\/remenyvirag-program-467x583.png\" data-srcset=\"https:\/\/abracadabraworld.com\/wp-content\/uploads\/2020\/11\/remenyvirag-program-467x583.png 467w, https:\/\/abracadabraworld.com\/wp-content\/uploads\/2020\/11\/remenyvirag-program-880x1098.png 880w\" loading=\"eager\" sizes=\"(max-width: 467px) 100vw, 467px\" width=\"467\" height=\"583\"  data-dt-location=\"https:\/\/abracadabraworld.com\/en\/?attachment_id=2571\" style=\"--ratio: 467 \/ 583;\" alt=\"\" \/><\/div><\/div><\/div><div class=\"ult-spacer spacer-69f0f47c1ac78\" data-id=\"69f0f47c1ac78\" data-height=\"0\" data-height-mobile=\"50\" data-height-tab=\"50\" data-height-tab-portrait=\"50\" data-height-mobile-landscape=\"50\" style=\"clear:both;display:block;\"><\/div>[\/vc_column][vc_column width=&#8221;7\/12&#8243; offset=&#8221;vc_col-sm-offset-1&#8243;]<div class=\"standard-arrow bullet-top\"><h3 style=\"color: #a05992;\">Why should you choose the Flower of Hope Program?<\/h3>\n<ul>\n<li>Because children too need professional help in processing their losses<\/li>\n<li>Because this work requires an adequate place, toys and creative tools<\/li>\n<li>Because the necessary knowledge needs to be spread among professionals working with children<\/li>\n<\/ul>\n<\/div>[vc_column_text css=&#8221;.vc_custom_1617745329386{margin-top: 30px !important;}&#8221;]<\/p>\n<h3 style=\"color: #3d5686;\">What is the Flower of Hope Program?<\/h3>\n<p>The project organised by the Napfogyatkoz\u00e1s Egyes\u00fclet (English: Eclipse Association) offers help and support for one of the most personal and most difficult problems: grieving children who have lost a close relative. Based on a Finnish method, we give support for processing loss to such children, working in peer groups with thematised sessions and using creative activities and games. Besides children, we also support the parents and we organise sensitivity trainings, as requested by professionals working with the families on educational, social and healthcare platforms. It\u2019s important for the impacted families and professionals working with them to be able to access the sessions for free.<\/p>\n<p>In Hungarian society even adults handle death as a taboo. Children are often left alone with their grief, and what\u2019s more the institutions don\u2019t have complete knowledge about the different features of children\u2019s grief, and at what ages these aspects may occur. Most of the time neither the parents nor the professionals know how to help children in processing their loss.[\/vc_column_text]<div class=\"ult-spacer spacer-69f0f47c1ada2\" data-id=\"69f0f47c1ada2\" data-height=\"150\" data-height-mobile=\"80\" data-height-tab=\"80\" data-height-tab-portrait=\"80\" data-height-mobile-landscape=\"80\" style=\"clear:both;display:block;\"><\/div>[\/vc_column][\/vc_row][vc_row full_width=&#8221;stretch_row&#8221; bg_type=&#8221;bg_color&#8221; el_class=&#8221;beige-before beige-after&#8221; css=&#8221;.vc_custom_1598356874937{padding-top: 100px !important;background-color: #f6ede6 !important;}&#8221;][vc_column width=&#8221;1\/3&#8243;][vc_column_text]<\/p>\n<h4 style=\"color: #dd618e;\">What happens at a children\u2019s mourning group?<\/h4>\n<p>The essence of the Finnish method is that children will be helped in processing their loss by a peer group of children with similar stories. The thematised group sessions are organised weekly, in closed groups, and there are eight occasions in total.<\/p>\n<p><strong>Children in the group will:<\/strong><\/p>\n<ul>\n<li>meet other children who experienced a similar loss<\/li>\n<li>share their experience with peers<\/li>\n<li>learn about mourning and death<\/li>\n<li>become visible, and receive attention within the group<\/li>\n<li>be able to share their solitude and distance resulting from their grief<\/li>\n<li>find words that describe their feelings and learn how to deal with them<\/li>\n<li>play and use their imagination and fantasy<\/li>\n<li>be encouraged to find a new kind of relationship with their lost relative<\/li>\n<li>get help to find their reserves of strength and to notice the positive things in life, which will reinforce their self-respect and self-confidence<\/li>\n<\/ul>\n<p>[\/vc_column_text][\/vc_column][vc_column width=&#8221;1\/3&#8243;][vc_column_text]<\/p>\n<h4 style=\"color: #a05992;\">Why is the parental group important?<\/h4>\n<p>Parents who bring their children to the group sessions are grieving themselves, and besides handling their own pain they want to help their children as well as they can. A widowed parent may face a lot of difficulties, and a peer group can be very supportive for them. Parents accept each other with love and listen to each other, and help each other by sharing their experiences. Our aim is to create and strengthen peer groups by organising them so that they will keep in contact even after our sessions are over, and people will be able to count on each other.[\/vc_column_text][\/vc_column][vc_column width=&#8221;1\/3&#8243;][vc_column_text]<\/p>\n<h4 style=\"color: #eb7f2c;\">How do we help professionals?<\/h4>\n<p>We organise professional days where we train them on the characteristics, importance and possibilities of supporting grieving children. They will acquire comprehensive knowledge and skills that will be invaluable in their everyday work.<\/p>\n<p><strong>The agenda of the professional days:<\/strong><\/p>\n<ul>\n<li>Characteristics and age-group specialties of children\u2019s grief and processing loss<\/li>\n<li>Signs and consequences of unprocessed losses, drug abuse risk<\/li>\n<li>Supportive communication with the impacted child and the environment<\/li>\n<li>The role of the community in processing loss, preventing exclusion\/being excluded<\/li>\n<li>The lack and possibility of ceremonies<\/li>\n<\/ul>\n<p>We recommend our professional days to professionals working with children and families in education, social and healthcare areas, who would like to support their clients and students efficiently in handling their losses (death, divorce, illness).[\/vc_column_text][\/vc_column][\/vc_row][vc_row css=&#8221;.vc_custom_1598361427579{margin-top: 80px !important;margin-bottom: 50px !important;}&#8221;][vc_column width=&#8221;5\/12&#8243; offset=&#8221;vc_col-sm-offset-1&#8243;]<div class=\"ult-spacer spacer-69f0f47c1adf7\" data-id=\"69f0f47c1adf7\" data-height=\"130\" data-height-mobile=\"80\" data-height-tab=\"80\" data-height-tab-portrait=\"80\" data-height-mobile-landscape=\"80\" style=\"clear:both;display:block;\"><\/div>[vc_column_text]<\/p>\n<h6><span style=\"color: #a05992; text-transform: uppercase;\"><strong>Would you like to learn more about the Flower of Hope Program?<\/strong><\/span><\/h6>\n<h4 style=\"color: #dd618e;\">Read on for more information!<\/h4>\n<p>The Flower of Hope Program started in Budapest, where, thanks to donations and charity campaigns, we have been organising groups for five years, in which almost 70 families have participated. We organise post-event meetups for the families that attended our sessions regularly, in order to strengthen peer relationships. We worked out the group-leader training three years ago and we are starting trainings regularly. Almost 30 professionals graduated from our trainings throughout the country. Our goal for the future, namely spreading children\u2019s mourning groups nationwide, is progressing well. At our professional days we help professionals and professional communities working with children by giving them the necessary basic knowledge.[\/vc_column_text]<style type=\"text\/css\" data-type=\"the7_shortcodes-inline-css\">#default-btn-b462672d4ed29cd10280c02167f891b4.ico-right-side > i {\n  margin-right: 0px;\n  margin-left: 8px;\n}\n#default-btn-b462672d4ed29cd10280c02167f891b4 > i {\n  margin-right: 8px;\n}\n<\/style><a href=\"https:\/\/gyaszportal.hu\/programjaink-3\/remenyvirag\/\" class=\"default-btn-shortcode dt-btn dt-btn-m link-hover-off btn-inline-left  vc_custom_1617745818649\" target=\"_blank\" id=\"default-btn-b462672d4ed29cd10280c02167f891b4\" rel=\"noopener\"><span>Website<\/span><\/a><style type=\"text\/css\" data-type=\"the7_shortcodes-inline-css\">#default-btn-46029cfe3165c188587f55a653e97a24.ico-right-side > i {\n  margin-right: 0px;\n  margin-left: 8px;\n}\n#default-btn-46029cfe3165c188587f55a653e97a24 > i {\n  margin-right: 8px;\n}\n<\/style><a href=\"https:\/\/www.facebook.com\/gyermekgyasz1\/\" class=\"default-btn-shortcode dt-btn dt-btn-m link-hover-off btn-inline-left  vc_custom_1604320538815\" target=\"_blank\" id=\"default-btn-46029cfe3165c188587f55a653e97a24\" rel=\"noopener\"><span>Facebook<\/span><\/a>[\/vc_column][vc_column width=&#8221;1\/2&#8243;]<div class=\"ult-spacer spacer-69f0f47c1b083\" data-id=\"69f0f47c1b083\" data-height=\"0\" data-height-mobile=\"25\" data-height-tab=\"50\" data-height-tab-portrait=\"50\" data-height-mobile-landscape=\"25\" style=\"clear:both;display:block;\"><\/div><style type=\"text\/css\" data-type=\"the7_shortcodes-inline-css\">.shortcode-single-image-wrap.shortcode-single-image-796c44eca479895c27e60598af204b94.enable-bg-rollover .rollover i,\n.shortcode-single-image-wrap.shortcode-single-image-796c44eca479895c27e60598af204b94.enable-bg-rollover .rollover-video i {\n  background: -webkit-linear-gradient();\n  background: linear-gradient();\n}\n.shortcode-single-image-wrap.shortcode-single-image-796c44eca479895c27e60598af204b94 .rollover-icon {\n  font-size: 32px;\n  color: #ffffff;\n  min-width: 44px;\n  min-height: 44px;\n  line-height: 44px;\n  border-radius: 100px;\n  border-style: solid;\n  border-width: 0px;\n}\n.dt-icon-bg-on.shortcode-single-image-wrap.shortcode-single-image-796c44eca479895c27e60598af204b94 .rollover-icon {\n  background: rgba(255,255,255,0.3);\n  box-shadow: none;\n}\n<\/style><div class=\"shortcode-single-image-wrap shortcode-single-image-796c44eca479895c27e60598af204b94 alignnone  enable-bg-rollover dt-icon-bg-off\" style=\"margin-top:0px; margin-bottom:0px; margin-left:0px; margin-right:0px; width:693px;\"><div class=\"shortcode-single-image\"><div class=\"fancy-media-wrap  layzr-bg\" style=\"\"><img decoding=\"async\" class=\"preload-me lazy-load aspect\" src=\"data:image\/svg+xml,%3Csvg%20xmlns%3D&#39;http%3A%2F%2Fwww.w3.org%2F2000%2Fsvg&#39;%20viewBox%3D&#39;0%200%20693%20726&#39;%2F%3E\" data-src=\"https:\/\/abracadabraworld.com\/wp-content\/uploads\/2020\/11\/remenyvirag-program-02-693x726.png\" data-srcset=\"https:\/\/abracadabraworld.com\/wp-content\/uploads\/2020\/11\/remenyvirag-program-02-693x726.png 693w, https:\/\/abracadabraworld.com\/wp-content\/uploads\/2020\/11\/remenyvirag-program-02.png 959w\" loading=\"eager\" sizes=\"(max-width: 693px) 100vw, 693px\" width=\"693\" height=\"726\"  data-dt-location=\"https:\/\/abracadabraworld.com\/en\/?attachment_id=2574\" style=\"--ratio: 693 \/ 726;\" alt=\"\" \/><\/div><\/div><\/div>[\/vc_column][\/vc_row]<\/p>\n","protected":false},"excerpt":{"rendered":"<p>[vc_row css=&#8221;.vc_custom_1598355621825{margin-top: 80px !important;}&#8221;][vc_column width=&#8221;1\/3&#8243;][\/vc_column][vc_column width=&#8221;7\/12&#8243; offset=&#8221;vc_col-sm-offset-1&#8243;][vc_column_text css=&#8221;.vc_custom_1617745329386{margin-top: 30px !important;}&#8221;] What is the Flower of Hope Program? The project organised by the Napfogyatkoz\u00e1s Egyes\u00fclet (English: Eclipse Association) offers help and support for one of the most personal and most difficult problems: grieving children who have lost a close relative. Based on a Finnish method, we&hellip;<\/p>\n","protected":false},"author":3,"featured_media":2597,"parent":5070,"menu_order":3,"comment_status":"closed","ping_status":"closed","template":"","meta":{"footnotes":""},"class_list":["post-5593","page","type-page","status-publish","has-post-thumbnail","hentry","description-off"],"yoast_head":"<!-- This site is optimized with the Yoast SEO plugin v26.8 - https:\/\/yoast.com\/product\/yoast-seo-wordpress\/ -->\n<title>Flower of Hope Program - ABRACADABRAWORLD<\/title>\n<meta name=\"robots\" content=\"index, follow, max-snippet:-1, max-image-preview:large, max-video-preview:-1\" \/>\n<link rel=\"canonical\" href=\"https:\/\/abracadabraworld.com\/en\/giving-back\/flower-of-hope-program\/\" \/>\n<meta property=\"og:locale\" content=\"en_US\" \/>\n<meta property=\"og:type\" content=\"article\" \/>\n<meta property=\"og:title\" content=\"Flower of Hope Program - ABRACADABRAWORLD\" \/>\n<meta property=\"og:description\" content=\"[vc_row css=&#8221;.vc_custom_1598355621825{margin-top: 80px !important;}&#8221;][vc_column width=&#8221;1\/3&#8243;][\/vc_column][vc_column width=&#8221;7\/12&#8243; offset=&#8221;vc_col-sm-offset-1&#8243;][vc_column_text css=&#8221;.vc_custom_1617745329386{margin-top: 30px !important;}&#8221;] What is the Flower of Hope Program? The project organised by the Napfogyatkoz\u00e1s Egyes\u00fclet (English: Eclipse Association) offers help and support for one of the most personal and most difficult problems: grieving children who have lost a close relative. Based on a Finnish method, we&hellip;\" \/>\n<meta property=\"og:url\" content=\"https:\/\/abracadabraworld.com\/en\/giving-back\/flower-of-hope-program\/\" \/>\n<meta property=\"og:site_name\" content=\"ABRACADABRAWORLD\" \/>\n<meta property=\"article:publisher\" content=\"https:\/\/www.facebook.com\/abracadabraworld\/\" \/>\n<meta property=\"article:modified_time\" content=\"2021-04-06T21:50:52+00:00\" \/>\n<meta property=\"og:image\" content=\"https:\/\/abracadabraworld.com\/wp-content\/uploads\/2020\/11\/pexels-josh-willink-701014-scaled.jpg\" \/>\n\t<meta property=\"og:image:width\" content=\"2560\" \/>\n\t<meta property=\"og:image:height\" content=\"1707\" \/>\n\t<meta property=\"og:image:type\" content=\"image\/jpeg\" \/>\n<meta name=\"twitter:card\" content=\"summary_large_image\" \/>\n<meta name=\"twitter:label1\" content=\"Est. reading time\" \/>\n\t<meta name=\"twitter:data1\" content=\"4 minutes\" \/>\n<script type=\"application\/ld+json\" class=\"yoast-schema-graph\">{\"@context\":\"https:\/\/schema.org\",\"@graph\":[{\"@type\":\"WebPage\",\"@id\":\"https:\/\/abracadabraworld.com\/en\/giving-back\/flower-of-hope-program\/\",\"url\":\"https:\/\/abracadabraworld.com\/en\/giving-back\/flower-of-hope-program\/\",\"name\":\"Flower of Hope Program - ABRACADABRAWORLD\",\"isPartOf\":{\"@id\":\"https:\/\/abracadabraworld.com\/#website\"},\"primaryImageOfPage\":{\"@id\":\"https:\/\/abracadabraworld.com\/en\/giving-back\/flower-of-hope-program\/#primaryimage\"},\"image\":{\"@id\":\"https:\/\/abracadabraworld.com\/en\/giving-back\/flower-of-hope-program\/#primaryimage\"},\"thumbnailUrl\":\"https:\/\/abracadabraworld.com\/wp-content\/uploads\/2020\/11\/pexels-josh-willink-701014-scaled.jpg\",\"datePublished\":\"2020-11-05T08:35:09+00:00\",\"dateModified\":\"2021-04-06T21:50:52+00:00\",\"breadcrumb\":{\"@id\":\"https:\/\/abracadabraworld.com\/en\/giving-back\/flower-of-hope-program\/#breadcrumb\"},\"inLanguage\":\"en-US\",\"potentialAction\":[{\"@type\":\"ReadAction\",\"target\":[\"https:\/\/abracadabraworld.com\/en\/giving-back\/flower-of-hope-program\/\"]}]},{\"@type\":\"ImageObject\",\"inLanguage\":\"en-US\",\"@id\":\"https:\/\/abracadabraworld.com\/en\/giving-back\/flower-of-hope-program\/#primaryimage\",\"url\":\"https:\/\/abracadabraworld.com\/wp-content\/uploads\/2020\/11\/pexels-josh-willink-701014-scaled.jpg\",\"contentUrl\":\"https:\/\/abracadabraworld.com\/wp-content\/uploads\/2020\/11\/pexels-josh-willink-701014-scaled.jpg\",\"width\":2560,\"height\":1707},{\"@type\":\"BreadcrumbList\",\"@id\":\"https:\/\/abracadabraworld.com\/en\/giving-back\/flower-of-hope-program\/#breadcrumb\",\"itemListElement\":[{\"@type\":\"ListItem\",\"position\":1,\"name\":\"Home\",\"item\":\"https:\/\/abracadabraworld.com\/en\/\"},{\"@type\":\"ListItem\",\"position\":2,\"name\":\"Giving back\",\"item\":\"https:\/\/abracadabraworld.com\/en\/giving-back\/\"},{\"@type\":\"ListItem\",\"position\":3,\"name\":\"Flower of Hope Program\"}]},{\"@type\":\"WebSite\",\"@id\":\"https:\/\/abracadabraworld.com\/#website\",\"url\":\"https:\/\/abracadabraworld.com\/\",\"name\":\"ABRACADABRAWORLD\",\"description\":\"Gyors \u00e9s k\u00e9sz megold\u00e1sokat ny\u00fajtunk id\u0151hi\u00e1nyban szenved\u0151 any\u00e1knak. Online programok, let\u00f6lthet\u0151 digit\u00e1lis anyagok, mes\u00e9k \u00e9s j\u00e1t\u00e9kok mindfulness szellemis\u00e9gben.\",\"potentialAction\":[{\"@type\":\"SearchAction\",\"target\":{\"@type\":\"EntryPoint\",\"urlTemplate\":\"https:\/\/abracadabraworld.com\/?s={search_term_string}\"},\"query-input\":{\"@type\":\"PropertyValueSpecification\",\"valueRequired\":true,\"valueName\":\"search_term_string\"}}],\"inLanguage\":\"en-US\"}]}<\/script>\n<!-- \/ Yoast SEO plugin. -->","yoast_head_json":{"title":"Flower of Hope Program - ABRACADABRAWORLD","robots":{"index":"index","follow":"follow","max-snippet":"max-snippet:-1","max-image-preview":"max-image-preview:large","max-video-preview":"max-video-preview:-1"},"canonical":"https:\/\/abracadabraworld.com\/en\/giving-back\/flower-of-hope-program\/","og_locale":"en_US","og_type":"article","og_title":"Flower of Hope Program - ABRACADABRAWORLD","og_description":"[vc_row css=&#8221;.vc_custom_1598355621825{margin-top: 80px !important;}&#8221;][vc_column width=&#8221;1\/3&#8243;][\/vc_column][vc_column width=&#8221;7\/12&#8243; offset=&#8221;vc_col-sm-offset-1&#8243;][vc_column_text css=&#8221;.vc_custom_1617745329386{margin-top: 30px !important;}&#8221;] What is the Flower of Hope Program? The project organised by the Napfogyatkoz\u00e1s Egyes\u00fclet (English: Eclipse Association) offers help and support for one of the most personal and most difficult problems: grieving children who have lost a close relative. Based on a Finnish method, we&hellip;","og_url":"https:\/\/abracadabraworld.com\/en\/giving-back\/flower-of-hope-program\/","og_site_name":"ABRACADABRAWORLD","article_publisher":"https:\/\/www.facebook.com\/abracadabraworld\/","article_modified_time":"2021-04-06T21:50:52+00:00","og_image":[{"width":2560,"height":1707,"url":"https:\/\/abracadabraworld.com\/wp-content\/uploads\/2020\/11\/pexels-josh-willink-701014-scaled.jpg","type":"image\/jpeg"}],"twitter_card":"summary_large_image","twitter_misc":{"Est. reading time":"4 minutes"},"schema":{"@context":"https:\/\/schema.org","@graph":[{"@type":"WebPage","@id":"https:\/\/abracadabraworld.com\/en\/giving-back\/flower-of-hope-program\/","url":"https:\/\/abracadabraworld.com\/en\/giving-back\/flower-of-hope-program\/","name":"Flower of Hope Program - ABRACADABRAWORLD","isPartOf":{"@id":"https:\/\/abracadabraworld.com\/#website"},"primaryImageOfPage":{"@id":"https:\/\/abracadabraworld.com\/en\/giving-back\/flower-of-hope-program\/#primaryimage"},"image":{"@id":"https:\/\/abracadabraworld.com\/en\/giving-back\/flower-of-hope-program\/#primaryimage"},"thumbnailUrl":"https:\/\/abracadabraworld.com\/wp-content\/uploads\/2020\/11\/pexels-josh-willink-701014-scaled.jpg","datePublished":"2020-11-05T08:35:09+00:00","dateModified":"2021-04-06T21:50:52+00:00","breadcrumb":{"@id":"https:\/\/abracadabraworld.com\/en\/giving-back\/flower-of-hope-program\/#breadcrumb"},"inLanguage":"en-US","potentialAction":[{"@type":"ReadAction","target":["https:\/\/abracadabraworld.com\/en\/giving-back\/flower-of-hope-program\/"]}]},{"@type":"ImageObject","inLanguage":"en-US","@id":"https:\/\/abracadabraworld.com\/en\/giving-back\/flower-of-hope-program\/#primaryimage","url":"https:\/\/abracadabraworld.com\/wp-content\/uploads\/2020\/11\/pexels-josh-willink-701014-scaled.jpg","contentUrl":"https:\/\/abracadabraworld.com\/wp-content\/uploads\/2020\/11\/pexels-josh-willink-701014-scaled.jpg","width":2560,"height":1707},{"@type":"BreadcrumbList","@id":"https:\/\/abracadabraworld.com\/en\/giving-back\/flower-of-hope-program\/#breadcrumb","itemListElement":[{"@type":"ListItem","position":1,"name":"Home","item":"https:\/\/abracadabraworld.com\/en\/"},{"@type":"ListItem","position":2,"name":"Giving back","item":"https:\/\/abracadabraworld.com\/en\/giving-back\/"},{"@type":"ListItem","position":3,"name":"Flower of Hope Program"}]},{"@type":"WebSite","@id":"https:\/\/abracadabraworld.com\/#website","url":"https:\/\/abracadabraworld.com\/","name":"ABRACADABRAWORLD","description":"Gyors \u00e9s k\u00e9sz megold\u00e1sokat ny\u00fajtunk id\u0151hi\u00e1nyban szenved\u0151 any\u00e1knak. Online programok, let\u00f6lthet\u0151 digit\u00e1lis anyagok, mes\u00e9k \u00e9s j\u00e1t\u00e9kok mindfulness szellemis\u00e9gben.","potentialAction":[{"@type":"SearchAction","target":{"@type":"EntryPoint","urlTemplate":"https:\/\/abracadabraworld.com\/?s={search_term_string}"},"query-input":{"@type":"PropertyValueSpecification","valueRequired":true,"valueName":"search_term_string"}}],"inLanguage":"en-US"}]}},"_links":{"self":[{"href":"https:\/\/abracadabraworld.com\/en\/wp-json\/wp\/v2\/pages\/5593","targetHints":{"allow":["GET"]}}],"collection":[{"href":"https:\/\/abracadabraworld.com\/en\/wp-json\/wp\/v2\/pages"}],"about":[{"href":"https:\/\/abracadabraworld.com\/en\/wp-json\/wp\/v2\/types\/page"}],"author":[{"embeddable":true,"href":"https:\/\/abracadabraworld.com\/en\/wp-json\/wp\/v2\/users\/3"}],"replies":[{"embeddable":true,"href":"https:\/\/abracadabraworld.com\/en\/wp-json\/wp\/v2\/comments?post=5593"}],"version-history":[{"count":0,"href":"https:\/\/abracadabraworld.com\/en\/wp-json\/wp\/v2\/pages\/5593\/revisions"}],"up":[{"embeddable":true,"href":"https:\/\/abracadabraworld.com\/en\/wp-json\/wp\/v2\/pages\/5070"}],"wp:featuredmedia":[{"embeddable":true,"href":"https:\/\/abracadabraworld.com\/en\/wp-json\/wp\/v2\/media\/2597"}],"wp:attachment":[{"href":"https:\/\/abracadabraworld.com\/en\/wp-json\/wp\/v2\/media?parent=5593"}],"curies":[{"name":"wp","href":"https:\/\/api.w.org\/{rel}","templated":true}]}}