{"id":1560,"date":"2020-11-05T19:00:46","date_gmt":"2020-05-18T22:08:46","guid":{"rendered":"https:\/\/abracadabraworld.com\/termek\/from-stress-to-smile\/"},"modified":"2021-05-07T12:40:38","modified_gmt":"2021-05-07T10:40:38","slug":"from-stress-to-smile","status":"publish","type":"product","link":"https:\/\/abracadabraworld.com\/en\/product\/from-stress-to-smile\/","title":{"rendered":"From Stress to Smile"},"content":{"rendered":"<p>How can you protect your child\u2019s spiritual health with games, mind meditations, encouraging tales, and dozens of other tips and tricks.<\/p>\n","protected":false},"excerpt":{"rendered":"<p>How can you protect your child\u2019s spiritual health in the middle of a pandemic? Games to ease anxiety, freeing your mind meditations, encouraging tales, quarantine kitchen and dozens of other tips and tricks all brought together in one place.<\/p>\n","protected":false},"featured_media":6073,"template":"","meta":[],"product_brand":[],"product_cat":[35],"product_tag":[],"class_list":{"0":"post-1560","1":"product","2":"type-product","3":"status-publish","4":"has-post-thumbnail","6":"product_cat-programmes","7":"description-off","9":"first","10":"instock","11":"sale","12":"downloadable","13":"virtual","14":"sold-individually","15":"taxable","16":"purchasable","17":"product-type-simple"},"yoast_head":"<!-- This site is optimized with the Yoast SEO plugin v26.8 - https:\/\/yoast.com\/product\/yoast-seo-wordpress\/ -->\n<title>From Stress to Smile - ABRACADABRAWORLD<\/title>\n<meta name=\"description\" content=\"How can you protect your child\u2019s spiritual health with games, mind meditations, encouraging tales, and dozens of other tips and tricks.\" \/>\n<meta name=\"robots\" content=\"index, follow, max-snippet:-1, max-image-preview:large, max-video-preview:-1\" \/>\n<link rel=\"canonical\" href=\"https:\/\/abracadabraworld.com\/en\/termek\/from-stress-to-smile\/\" \/>\n<meta property=\"og:locale\" content=\"en_US\" \/>\n<meta property=\"og:type\" content=\"article\" \/>\n<meta property=\"og:title\" content=\"From Stress to Smile - ABRACADABRAWORLD\" \/>\n<meta property=\"og:description\" content=\"How can you protect your child\u2019s spiritual health with games, mind meditations, encouraging tales, and dozens of other tips and tricks.\" \/>\n<meta property=\"og:url\" content=\"https:\/\/abracadabraworld.com\/en\/termek\/from-stress-to-smile\/\" \/>\n<meta property=\"og:site_name\" content=\"ABRACADABRAWORLD\" \/>\n<meta property=\"article:publisher\" content=\"https:\/\/www.facebook.com\/abracadabraworld\/\" \/>\n<meta property=\"article:modified_time\" content=\"2021-05-07T10:40:38+00:00\" \/>\n<meta property=\"og:image\" content=\"https:\/\/abracadabraworld.com\/wp-content\/uploads\/2020\/11\/4_3D_ebook_boritok_egyben_SZORONGA_angol.jpg\" \/>\n\t<meta property=\"og:image:width\" content=\"2362\" \/>\n\t<meta property=\"og:image:height\" content=\"2362\" \/>\n\t<meta property=\"og:image:type\" content=\"image\/jpeg\" \/>\n<meta name=\"twitter:card\" content=\"summary_large_image\" \/>\n<meta name=\"twitter:label1\" content=\"Est. reading time\" \/>\n\t<meta name=\"twitter:data1\" content=\"1 minute\" \/>\n<script type=\"application\/ld+json\" class=\"yoast-schema-graph\">{\"@context\":\"https:\/\/schema.org\",\"@graph\":[{\"@type\":\"WebPage\",\"@id\":\"https:\/\/abracadabraworld.com\/en\/termek\/from-stress-to-smile\/\",\"url\":\"https:\/\/abracadabraworld.com\/en\/termek\/from-stress-to-smile\/\",\"name\":\"From Stress to Smile - ABRACADABRAWORLD\",\"isPartOf\":{\"@id\":\"https:\/\/abracadabraworld.com\/#website\"},\"primaryImageOfPage\":{\"@id\":\"https:\/\/abracadabraworld.com\/en\/termek\/from-stress-to-smile\/#primaryimage\"},\"image\":{\"@id\":\"https:\/\/abracadabraworld.com\/en\/termek\/from-stress-to-smile\/#primaryimage\"},\"thumbnailUrl\":\"https:\/\/abracadabraworld.com\/wp-content\/uploads\/2020\/11\/4_3D_ebook_boritok_egyben_SZORONGA_angol.jpg\",\"datePublished\":\"2020-05-18T22:08:46+00:00\",\"dateModified\":\"2021-05-07T10:40:38+00:00\",\"description\":\"How can you protect your child\u2019s spiritual health with games, mind meditations, encouraging tales, and dozens of other tips and tricks.\",\"breadcrumb\":{\"@id\":\"https:\/\/abracadabraworld.com\/en\/termek\/from-stress-to-smile\/#breadcrumb\"},\"inLanguage\":\"en-US\",\"potentialAction\":[{\"@type\":\"ReadAction\",\"target\":[\"https:\/\/abracadabraworld.com\/en\/termek\/from-stress-to-smile\/\"]}]},{\"@type\":\"ImageObject\",\"inLanguage\":\"en-US\",\"@id\":\"https:\/\/abracadabraworld.com\/en\/termek\/from-stress-to-smile\/#primaryimage\",\"url\":\"https:\/\/abracadabraworld.com\/wp-content\/uploads\/2020\/11\/4_3D_ebook_boritok_egyben_SZORONGA_angol.jpg\",\"contentUrl\":\"https:\/\/abracadabraworld.com\/wp-content\/uploads\/2020\/11\/4_3D_ebook_boritok_egyben_SZORONGA_angol.jpg\",\"width\":2362,\"height\":2362},{\"@type\":\"BreadcrumbList\",\"@id\":\"https:\/\/abracadabraworld.com\/en\/termek\/from-stress-to-smile\/#breadcrumb\",\"itemListElement\":[{\"@type\":\"ListItem\",\"position\":1,\"name\":\"Home\",\"item\":\"https:\/\/abracadabraworld.com\/en\/\"},{\"@type\":\"ListItem\",\"position\":2,\"name\":\"Shop\",\"item\":\"https:\/\/abracadabraworld.com\/en\/shop\/\"},{\"@type\":\"ListItem\",\"position\":3,\"name\":\"From Stress to Smile\"}]},{\"@type\":\"WebSite\",\"@id\":\"https:\/\/abracadabraworld.com\/#website\",\"url\":\"https:\/\/abracadabraworld.com\/\",\"name\":\"ABRACADABRAWORLD\",\"description\":\"Gyors \u00e9s k\u00e9sz megold\u00e1sokat ny\u00fajtunk id\u0151hi\u00e1nyban szenved\u0151 any\u00e1knak. Online programok, let\u00f6lthet\u0151 digit\u00e1lis anyagok, mes\u00e9k \u00e9s j\u00e1t\u00e9kok mindfulness szellemis\u00e9gben.\",\"potentialAction\":[{\"@type\":\"SearchAction\",\"target\":{\"@type\":\"EntryPoint\",\"urlTemplate\":\"https:\/\/abracadabraworld.com\/?s={search_term_string}\"},\"query-input\":{\"@type\":\"PropertyValueSpecification\",\"valueRequired\":true,\"valueName\":\"search_term_string\"}}],\"inLanguage\":\"en-US\"}]}<\/script>\n<!-- \/ Yoast SEO plugin. -->","yoast_head_json":{"title":"From Stress to Smile - ABRACADABRAWORLD","description":"How can you protect your child\u2019s spiritual health with games, mind meditations, encouraging tales, and dozens of other tips and tricks.","robots":{"index":"index","follow":"follow","max-snippet":"max-snippet:-1","max-image-preview":"max-image-preview:large","max-video-preview":"max-video-preview:-1"},"canonical":"https:\/\/abracadabraworld.com\/en\/termek\/from-stress-to-smile\/","og_locale":"en_US","og_type":"article","og_title":"From Stress to Smile - ABRACADABRAWORLD","og_description":"How can you protect your child\u2019s spiritual health with games, mind meditations, encouraging tales, and dozens of other tips and tricks.","og_url":"https:\/\/abracadabraworld.com\/en\/termek\/from-stress-to-smile\/","og_site_name":"ABRACADABRAWORLD","article_publisher":"https:\/\/www.facebook.com\/abracadabraworld\/","article_modified_time":"2021-05-07T10:40:38+00:00","og_image":[{"width":2362,"height":2362,"url":"https:\/\/abracadabraworld.com\/wp-content\/uploads\/2020\/11\/4_3D_ebook_boritok_egyben_SZORONGA_angol.jpg","type":"image\/jpeg"}],"twitter_card":"summary_large_image","twitter_misc":{"Est. reading time":"1 minute"},"schema":{"@context":"https:\/\/schema.org","@graph":[{"@type":"WebPage","@id":"https:\/\/abracadabraworld.com\/en\/termek\/from-stress-to-smile\/","url":"https:\/\/abracadabraworld.com\/en\/termek\/from-stress-to-smile\/","name":"From Stress to Smile - ABRACADABRAWORLD","isPartOf":{"@id":"https:\/\/abracadabraworld.com\/#website"},"primaryImageOfPage":{"@id":"https:\/\/abracadabraworld.com\/en\/termek\/from-stress-to-smile\/#primaryimage"},"image":{"@id":"https:\/\/abracadabraworld.com\/en\/termek\/from-stress-to-smile\/#primaryimage"},"thumbnailUrl":"https:\/\/abracadabraworld.com\/wp-content\/uploads\/2020\/11\/4_3D_ebook_boritok_egyben_SZORONGA_angol.jpg","datePublished":"2020-05-18T22:08:46+00:00","dateModified":"2021-05-07T10:40:38+00:00","description":"How can you protect your child\u2019s spiritual health with games, mind meditations, encouraging tales, and dozens of other tips and tricks.","breadcrumb":{"@id":"https:\/\/abracadabraworld.com\/en\/termek\/from-stress-to-smile\/#breadcrumb"},"inLanguage":"en-US","potentialAction":[{"@type":"ReadAction","target":["https:\/\/abracadabraworld.com\/en\/termek\/from-stress-to-smile\/"]}]},{"@type":"ImageObject","inLanguage":"en-US","@id":"https:\/\/abracadabraworld.com\/en\/termek\/from-stress-to-smile\/#primaryimage","url":"https:\/\/abracadabraworld.com\/wp-content\/uploads\/2020\/11\/4_3D_ebook_boritok_egyben_SZORONGA_angol.jpg","contentUrl":"https:\/\/abracadabraworld.com\/wp-content\/uploads\/2020\/11\/4_3D_ebook_boritok_egyben_SZORONGA_angol.jpg","width":2362,"height":2362},{"@type":"BreadcrumbList","@id":"https:\/\/abracadabraworld.com\/en\/termek\/from-stress-to-smile\/#breadcrumb","itemListElement":[{"@type":"ListItem","position":1,"name":"Home","item":"https:\/\/abracadabraworld.com\/en\/"},{"@type":"ListItem","position":2,"name":"Shop","item":"https:\/\/abracadabraworld.com\/en\/shop\/"},{"@type":"ListItem","position":3,"name":"From Stress to Smile"}]},{"@type":"WebSite","@id":"https:\/\/abracadabraworld.com\/#website","url":"https:\/\/abracadabraworld.com\/","name":"ABRACADABRAWORLD","description":"Gyors \u00e9s k\u00e9sz megold\u00e1sokat ny\u00fajtunk id\u0151hi\u00e1nyban szenved\u0151 any\u00e1knak. Online programok, let\u00f6lthet\u0151 digit\u00e1lis anyagok, mes\u00e9k \u00e9s j\u00e1t\u00e9kok mindfulness szellemis\u00e9gben.","potentialAction":[{"@type":"SearchAction","target":{"@type":"EntryPoint","urlTemplate":"https:\/\/abracadabraworld.com\/?s={search_term_string}"},"query-input":{"@type":"PropertyValueSpecification","valueRequired":true,"valueName":"search_term_string"}}],"inLanguage":"en-US"}]}},"_links":{"self":[{"href":"https:\/\/abracadabraworld.com\/en\/wp-json\/wp\/v2\/product\/1560","targetHints":{"allow":["GET"]}}],"collection":[{"href":"https:\/\/abracadabraworld.com\/en\/wp-json\/wp\/v2\/product"}],"about":[{"href":"https:\/\/abracadabraworld.com\/en\/wp-json\/wp\/v2\/types\/product"}],"wp:featuredmedia":[{"embeddable":true,"href":"https:\/\/abracadabraworld.com\/en\/wp-json\/wp\/v2\/media\/6073"}],"wp:attachment":[{"href":"https:\/\/abracadabraworld.com\/en\/wp-json\/wp\/v2\/media?parent=1560"}],"wp:term":[{"taxonomy":"product_brand","embeddable":true,"href":"https:\/\/abracadabraworld.com\/en\/wp-json\/wp\/v2\/product_brand?post=1560"},{"taxonomy":"product_cat","embeddable":true,"href":"https:\/\/abracadabraworld.com\/en\/wp-json\/wp\/v2\/product_cat?post=1560"},{"taxonomy":"product_tag","embeddable":true,"href":"https:\/\/abracadabraworld.com\/en\/wp-json\/wp\/v2\/product_tag?post=1560"}],"curies":[{"name":"wp","href":"https:\/\/api.w.org\/{rel}","templated":true}]}}