{"id":1961,"date":"2020-11-05T17:00:14","date_gmt":"2020-05-18T22:02:14","guid":{"rendered":"https:\/\/abracadabraworld.com\/termek\/protect-mother-nature\/"},"modified":"2021-05-07T12:44:11","modified_gmt":"2021-05-07T10:44:11","slug":"protect-mother-nature-2","status":"publish","type":"product","link":"https:\/\/abracadabraworld.com\/en\/product\/protect-mother-nature-2\/","title":{"rendered":"Protect Mother Nature"},"content":{"rendered":"<p>4 week Programme &#8211; to protect our environment and our Planet.<\/p>\n","protected":false},"excerpt":{"rendered":"<p>A playful four-week programme for our environment and our planet. 28 playing exercises to encourage your child to protect the Earth.<\/p>\n","protected":false},"featured_media":6076,"template":"","meta":[],"product_brand":[],"product_cat":[35],"product_tag":[],"class_list":{"0":"post-1961","1":"product","2":"type-product","3":"status-publish","4":"has-post-thumbnail","6":"product_cat-programmes","7":"description-off","9":"first","10":"instock","11":"sale","12":"downloadable","13":"virtual","14":"sold-individually","15":"taxable","16":"purchasable","17":"product-type-simple"},"yoast_head":"<!-- This site is optimized with the Yoast SEO plugin v26.8 - https:\/\/yoast.com\/product\/yoast-seo-wordpress\/ -->\n<title>Protect Mother Nature - ABRACADABRAWORLD<\/title>\n<meta name=\"description\" content=\"4 week Programme - to protect our environment and our Planet.\" \/>\n<meta name=\"robots\" content=\"index, follow, max-snippet:-1, max-image-preview:large, max-video-preview:-1\" \/>\n<link rel=\"canonical\" href=\"https:\/\/abracadabraworld.com\/en\/termek\/protect-mother-nature-2\/\" \/>\n<meta property=\"og:locale\" content=\"en_US\" \/>\n<meta property=\"og:type\" content=\"article\" \/>\n<meta property=\"og:title\" content=\"Protect Mother Nature - ABRACADABRAWORLD\" \/>\n<meta property=\"og:description\" content=\"4 week Programme - to protect our environment and our Planet.\" \/>\n<meta property=\"og:url\" content=\"https:\/\/abracadabraworld.com\/en\/termek\/protect-mother-nature-2\/\" \/>\n<meta property=\"og:site_name\" content=\"ABRACADABRAWORLD\" \/>\n<meta property=\"article:publisher\" content=\"https:\/\/www.facebook.com\/abracadabraworld\/\" \/>\n<meta property=\"article:modified_time\" content=\"2021-05-07T10:44:11+00:00\" \/>\n<meta property=\"og:image\" content=\"https:\/\/abracadabraworld.com\/wp-content\/uploads\/2020\/05\/ovd-a-foldanyat-ebook-cover.png\" \/>\n<meta name=\"twitter:card\" content=\"summary_large_image\" \/>\n<script type=\"application\/ld+json\" class=\"yoast-schema-graph\">{\"@context\":\"https:\/\/schema.org\",\"@graph\":[{\"@type\":\"WebPage\",\"@id\":\"https:\/\/abracadabraworld.com\/en\/termek\/protect-mother-nature-2\/\",\"url\":\"https:\/\/abracadabraworld.com\/en\/termek\/protect-mother-nature-2\/\",\"name\":\"Protect Mother Nature - ABRACADABRAWORLD\",\"isPartOf\":{\"@id\":\"https:\/\/abracadabraworld.com\/#website\"},\"primaryImageOfPage\":{\"@id\":\"https:\/\/abracadabraworld.com\/en\/termek\/protect-mother-nature-2\/#primaryimage\"},\"image\":{\"@id\":\"https:\/\/abracadabraworld.com\/en\/termek\/protect-mother-nature-2\/#primaryimage\"},\"thumbnailUrl\":\"https:\/\/abracadabraworld.com\/wp-content\/uploads\/2020\/11\/9_3D_ebook_boritok_egyben_FOLDANYA_angol.jpg\",\"datePublished\":\"2020-05-18T22:02:14+00:00\",\"dateModified\":\"2021-05-07T10:44:11+00:00\",\"description\":\"4 week Programme - to protect our environment and our Planet.\",\"breadcrumb\":{\"@id\":\"https:\/\/abracadabraworld.com\/en\/termek\/protect-mother-nature-2\/#breadcrumb\"},\"inLanguage\":\"en-US\",\"potentialAction\":[{\"@type\":\"ReadAction\",\"target\":[\"https:\/\/abracadabraworld.com\/en\/termek\/protect-mother-nature-2\/\"]}]},{\"@type\":\"ImageObject\",\"inLanguage\":\"en-US\",\"@id\":\"https:\/\/abracadabraworld.com\/en\/termek\/protect-mother-nature-2\/#primaryimage\",\"url\":\"https:\/\/abracadabraworld.com\/wp-content\/uploads\/2020\/11\/9_3D_ebook_boritok_egyben_FOLDANYA_angol.jpg\",\"contentUrl\":\"https:\/\/abracadabraworld.com\/wp-content\/uploads\/2020\/11\/9_3D_ebook_boritok_egyben_FOLDANYA_angol.jpg\",\"width\":2362,\"height\":2362},{\"@type\":\"BreadcrumbList\",\"@id\":\"https:\/\/abracadabraworld.com\/en\/termek\/protect-mother-nature-2\/#breadcrumb\",\"itemListElement\":[{\"@type\":\"ListItem\",\"position\":1,\"name\":\"Home\",\"item\":\"https:\/\/abracadabraworld.com\/en\/\"},{\"@type\":\"ListItem\",\"position\":2,\"name\":\"Shop\",\"item\":\"https:\/\/abracadabraworld.com\/en\/shop\/\"},{\"@type\":\"ListItem\",\"position\":3,\"name\":\"Protect Mother Nature\"}]},{\"@type\":\"WebSite\",\"@id\":\"https:\/\/abracadabraworld.com\/#website\",\"url\":\"https:\/\/abracadabraworld.com\/\",\"name\":\"ABRACADABRAWORLD\",\"description\":\"Gyors \u00e9s k\u00e9sz megold\u00e1sokat ny\u00fajtunk id\u0151hi\u00e1nyban szenved\u0151 any\u00e1knak. Online programok, let\u00f6lthet\u0151 digit\u00e1lis anyagok, mes\u00e9k \u00e9s j\u00e1t\u00e9kok mindfulness szellemis\u00e9gben.\",\"potentialAction\":[{\"@type\":\"SearchAction\",\"target\":{\"@type\":\"EntryPoint\",\"urlTemplate\":\"https:\/\/abracadabraworld.com\/?s={search_term_string}\"},\"query-input\":{\"@type\":\"PropertyValueSpecification\",\"valueRequired\":true,\"valueName\":\"search_term_string\"}}],\"inLanguage\":\"en-US\"}]}<\/script>\n<!-- \/ Yoast SEO plugin. -->","yoast_head_json":{"title":"Protect Mother Nature - ABRACADABRAWORLD","description":"4 week Programme - to protect our environment and our Planet.","robots":{"index":"index","follow":"follow","max-snippet":"max-snippet:-1","max-image-preview":"max-image-preview:large","max-video-preview":"max-video-preview:-1"},"canonical":"https:\/\/abracadabraworld.com\/en\/termek\/protect-mother-nature-2\/","og_locale":"en_US","og_type":"article","og_title":"Protect Mother Nature - ABRACADABRAWORLD","og_description":"4 week Programme - to protect our environment and our Planet.","og_url":"https:\/\/abracadabraworld.com\/en\/termek\/protect-mother-nature-2\/","og_site_name":"ABRACADABRAWORLD","article_publisher":"https:\/\/www.facebook.com\/abracadabraworld\/","article_modified_time":"2021-05-07T10:44:11+00:00","og_image":[{"url":"https:\/\/abracadabraworld.com\/wp-content\/uploads\/2020\/05\/ovd-a-foldanyat-ebook-cover.png","type":"","width":"","height":""}],"twitter_card":"summary_large_image","schema":{"@context":"https:\/\/schema.org","@graph":[{"@type":"WebPage","@id":"https:\/\/abracadabraworld.com\/en\/termek\/protect-mother-nature-2\/","url":"https:\/\/abracadabraworld.com\/en\/termek\/protect-mother-nature-2\/","name":"Protect Mother Nature - ABRACADABRAWORLD","isPartOf":{"@id":"https:\/\/abracadabraworld.com\/#website"},"primaryImageOfPage":{"@id":"https:\/\/abracadabraworld.com\/en\/termek\/protect-mother-nature-2\/#primaryimage"},"image":{"@id":"https:\/\/abracadabraworld.com\/en\/termek\/protect-mother-nature-2\/#primaryimage"},"thumbnailUrl":"https:\/\/abracadabraworld.com\/wp-content\/uploads\/2020\/11\/9_3D_ebook_boritok_egyben_FOLDANYA_angol.jpg","datePublished":"2020-05-18T22:02:14+00:00","dateModified":"2021-05-07T10:44:11+00:00","description":"4 week Programme - to protect our environment and our Planet.","breadcrumb":{"@id":"https:\/\/abracadabraworld.com\/en\/termek\/protect-mother-nature-2\/#breadcrumb"},"inLanguage":"en-US","potentialAction":[{"@type":"ReadAction","target":["https:\/\/abracadabraworld.com\/en\/termek\/protect-mother-nature-2\/"]}]},{"@type":"ImageObject","inLanguage":"en-US","@id":"https:\/\/abracadabraworld.com\/en\/termek\/protect-mother-nature-2\/#primaryimage","url":"https:\/\/abracadabraworld.com\/wp-content\/uploads\/2020\/11\/9_3D_ebook_boritok_egyben_FOLDANYA_angol.jpg","contentUrl":"https:\/\/abracadabraworld.com\/wp-content\/uploads\/2020\/11\/9_3D_ebook_boritok_egyben_FOLDANYA_angol.jpg","width":2362,"height":2362},{"@type":"BreadcrumbList","@id":"https:\/\/abracadabraworld.com\/en\/termek\/protect-mother-nature-2\/#breadcrumb","itemListElement":[{"@type":"ListItem","position":1,"name":"Home","item":"https:\/\/abracadabraworld.com\/en\/"},{"@type":"ListItem","position":2,"name":"Shop","item":"https:\/\/abracadabraworld.com\/en\/shop\/"},{"@type":"ListItem","position":3,"name":"Protect Mother Nature"}]},{"@type":"WebSite","@id":"https:\/\/abracadabraworld.com\/#website","url":"https:\/\/abracadabraworld.com\/","name":"ABRACADABRAWORLD","description":"Gyors \u00e9s k\u00e9sz megold\u00e1sokat ny\u00fajtunk id\u0151hi\u00e1nyban szenved\u0151 any\u00e1knak. Online programok, let\u00f6lthet\u0151 digit\u00e1lis anyagok, mes\u00e9k \u00e9s j\u00e1t\u00e9kok mindfulness szellemis\u00e9gben.","potentialAction":[{"@type":"SearchAction","target":{"@type":"EntryPoint","urlTemplate":"https:\/\/abracadabraworld.com\/?s={search_term_string}"},"query-input":{"@type":"PropertyValueSpecification","valueRequired":true,"valueName":"search_term_string"}}],"inLanguage":"en-US"}]}},"_links":{"self":[{"href":"https:\/\/abracadabraworld.com\/en\/wp-json\/wp\/v2\/product\/1961","targetHints":{"allow":["GET"]}}],"collection":[{"href":"https:\/\/abracadabraworld.com\/en\/wp-json\/wp\/v2\/product"}],"about":[{"href":"https:\/\/abracadabraworld.com\/en\/wp-json\/wp\/v2\/types\/product"}],"wp:featuredmedia":[{"embeddable":true,"href":"https:\/\/abracadabraworld.com\/en\/wp-json\/wp\/v2\/media\/6076"}],"wp:attachment":[{"href":"https:\/\/abracadabraworld.com\/en\/wp-json\/wp\/v2\/media?parent=1961"}],"wp:term":[{"taxonomy":"product_brand","embeddable":true,"href":"https:\/\/abracadabraworld.com\/en\/wp-json\/wp\/v2\/product_brand?post=1961"},{"taxonomy":"product_cat","embeddable":true,"href":"https:\/\/abracadabraworld.com\/en\/wp-json\/wp\/v2\/product_cat?post=1961"},{"taxonomy":"product_tag","embeddable":true,"href":"https:\/\/abracadabraworld.com\/en\/wp-json\/wp\/v2\/product_tag?post=1961"}],"curies":[{"name":"wp","href":"https:\/\/api.w.org\/{rel}","templated":true}]}}