{"id":2481,"date":"2020-11-05T16:00:53","date_gmt":"2020-11-02T13:22:54","guid":{"rendered":"https:\/\/abracadabraworld.com\/?post_type=product&#038;p=2481"},"modified":"2021-05-07T12:46:20","modified_gmt":"2021-05-07T10:46:20","slug":"from-stress-to-smile-childrens-grief","status":"publish","type":"product","link":"https:\/\/abracadabraworld.com\/en\/product\/from-stress-to-smile-childrens-grief\/","title":{"rendered":"From stress to smile + Children&#8217;s grief"},"content":{"rendered":"<p>You can now also purchase two of our important books in a package to help your child process uncertainty and losses.<\/p>\n","protected":false},"excerpt":{"rendered":"<p>Buy it together! One handbook for alleviating child anxiety and another for working together on the loss. Lots of helpful practice, little theory. Abracadabra.<\/p>\n","protected":false},"featured_media":6216,"template":"","meta":[],"product_brand":[],"product_cat":[35],"product_tag":[],"class_list":{"0":"post-2481","1":"product","2":"type-product","3":"status-publish","4":"has-post-thumbnail","6":"product_cat-programmes","7":"description-off","9":"first","10":"instock","11":"sale","12":"downloadable","13":"virtual","14":"sold-individually","15":"taxable","16":"purchasable","17":"product-type-simple"},"yoast_head":"<!-- This site is optimized with the Yoast SEO plugin v26.8 - https:\/\/yoast.com\/product\/yoast-seo-wordpress\/ -->\n<title>From stress to smile + Children&#039;s grief - ABRACADABRAWORLD<\/title>\n<meta name=\"description\" content=\"One handbook for alleviating child anxiety and another for working together on the loss. Lots of helpful practice, little theory. Abracadabra.\" \/>\n<meta name=\"robots\" content=\"index, follow, max-snippet:-1, max-image-preview:large, max-video-preview:-1\" \/>\n<link rel=\"canonical\" href=\"https:\/\/abracadabraworld.com\/en\/termek\/from-stress-to-smile-childrens-grief\/\" \/>\n<meta property=\"og:locale\" content=\"en_US\" \/>\n<meta property=\"og:type\" content=\"article\" \/>\n<meta property=\"og:title\" content=\"From stress to smile + Children&#039;s grief - ABRACADABRAWORLD\" \/>\n<meta property=\"og:description\" content=\"One handbook for alleviating child anxiety and another for working together on the loss. Lots of helpful practice, little theory. Abracadabra.\" \/>\n<meta property=\"og:url\" content=\"https:\/\/abracadabraworld.com\/en\/termek\/from-stress-to-smile-childrens-grief\/\" \/>\n<meta property=\"og:site_name\" content=\"ABRACADABRAWORLD\" \/>\n<meta property=\"article:publisher\" content=\"https:\/\/www.facebook.com\/abracadabraworld\/\" \/>\n<meta property=\"article:modified_time\" content=\"2021-05-07T10:46:20+00:00\" \/>\n<meta property=\"og:image\" content=\"https:\/\/abracadabraworld.com\/wp-content\/uploads\/2021\/04\/childrens-grief-ebook-01.png\" \/>\n\t<meta property=\"og:image:width\" content=\"843\" \/>\n\t<meta property=\"og:image:height\" content=\"762\" \/>\n\t<meta property=\"og:image:type\" content=\"image\/png\" \/>\n<meta name=\"twitter:card\" content=\"summary_large_image\" \/>\n<script type=\"application\/ld+json\" class=\"yoast-schema-graph\">{\"@context\":\"https:\/\/schema.org\",\"@graph\":[{\"@type\":\"WebPage\",\"@id\":\"https:\/\/abracadabraworld.com\/en\/termek\/from-stress-to-smile-childrens-grief\/\",\"url\":\"https:\/\/abracadabraworld.com\/en\/termek\/from-stress-to-smile-childrens-grief\/\",\"name\":\"From stress to smile + Children's grief - ABRACADABRAWORLD\",\"isPartOf\":{\"@id\":\"https:\/\/abracadabraworld.com\/#website\"},\"primaryImageOfPage\":{\"@id\":\"https:\/\/abracadabraworld.com\/en\/termek\/from-stress-to-smile-childrens-grief\/#primaryimage\"},\"image\":{\"@id\":\"https:\/\/abracadabraworld.com\/en\/termek\/from-stress-to-smile-childrens-grief\/#primaryimage\"},\"thumbnailUrl\":\"https:\/\/abracadabraworld.com\/wp-content\/uploads\/2021\/04\/childrens-grief-ebook-01.png\",\"datePublished\":\"2020-11-02T13:22:54+00:00\",\"dateModified\":\"2021-05-07T10:46:20+00:00\",\"description\":\"One handbook for alleviating child anxiety and another for working together on the loss. Lots of helpful practice, little theory. Abracadabra.\",\"breadcrumb\":{\"@id\":\"https:\/\/abracadabraworld.com\/en\/termek\/from-stress-to-smile-childrens-grief\/#breadcrumb\"},\"inLanguage\":\"en-US\",\"potentialAction\":[{\"@type\":\"ReadAction\",\"target\":[\"https:\/\/abracadabraworld.com\/en\/termek\/from-stress-to-smile-childrens-grief\/\"]}]},{\"@type\":\"ImageObject\",\"inLanguage\":\"en-US\",\"@id\":\"https:\/\/abracadabraworld.com\/en\/termek\/from-stress-to-smile-childrens-grief\/#primaryimage\",\"url\":\"https:\/\/abracadabraworld.com\/wp-content\/uploads\/2021\/04\/childrens-grief-ebook-01.png\",\"contentUrl\":\"https:\/\/abracadabraworld.com\/wp-content\/uploads\/2021\/04\/childrens-grief-ebook-01.png\",\"width\":843,\"height\":762},{\"@type\":\"BreadcrumbList\",\"@id\":\"https:\/\/abracadabraworld.com\/en\/termek\/from-stress-to-smile-childrens-grief\/#breadcrumb\",\"itemListElement\":[{\"@type\":\"ListItem\",\"position\":1,\"name\":\"Home\",\"item\":\"https:\/\/abracadabraworld.com\/en\/\"},{\"@type\":\"ListItem\",\"position\":2,\"name\":\"Shop\",\"item\":\"https:\/\/abracadabraworld.com\/en\/shop\/\"},{\"@type\":\"ListItem\",\"position\":3,\"name\":\"From stress to smile + Children&#8217;s grief\"}]},{\"@type\":\"WebSite\",\"@id\":\"https:\/\/abracadabraworld.com\/#website\",\"url\":\"https:\/\/abracadabraworld.com\/\",\"name\":\"ABRACADABRAWORLD\",\"description\":\"Gyors \u00e9s k\u00e9sz megold\u00e1sokat ny\u00fajtunk id\u0151hi\u00e1nyban szenved\u0151 any\u00e1knak. Online programok, let\u00f6lthet\u0151 digit\u00e1lis anyagok, mes\u00e9k \u00e9s j\u00e1t\u00e9kok mindfulness szellemis\u00e9gben.\",\"potentialAction\":[{\"@type\":\"SearchAction\",\"target\":{\"@type\":\"EntryPoint\",\"urlTemplate\":\"https:\/\/abracadabraworld.com\/?s={search_term_string}\"},\"query-input\":{\"@type\":\"PropertyValueSpecification\",\"valueRequired\":true,\"valueName\":\"search_term_string\"}}],\"inLanguage\":\"en-US\"}]}<\/script>\n<!-- \/ Yoast SEO plugin. -->","yoast_head_json":{"title":"From stress to smile + Children's grief - ABRACADABRAWORLD","description":"One handbook for alleviating child anxiety and another for working together on the loss. Lots of helpful practice, little theory. Abracadabra.","robots":{"index":"index","follow":"follow","max-snippet":"max-snippet:-1","max-image-preview":"max-image-preview:large","max-video-preview":"max-video-preview:-1"},"canonical":"https:\/\/abracadabraworld.com\/en\/termek\/from-stress-to-smile-childrens-grief\/","og_locale":"en_US","og_type":"article","og_title":"From stress to smile + Children's grief - ABRACADABRAWORLD","og_description":"One handbook for alleviating child anxiety and another for working together on the loss. Lots of helpful practice, little theory. Abracadabra.","og_url":"https:\/\/abracadabraworld.com\/en\/termek\/from-stress-to-smile-childrens-grief\/","og_site_name":"ABRACADABRAWORLD","article_publisher":"https:\/\/www.facebook.com\/abracadabraworld\/","article_modified_time":"2021-05-07T10:46:20+00:00","og_image":[{"width":843,"height":762,"url":"https:\/\/abracadabraworld.com\/wp-content\/uploads\/2021\/04\/childrens-grief-ebook-01.png","type":"image\/png"}],"twitter_card":"summary_large_image","schema":{"@context":"https:\/\/schema.org","@graph":[{"@type":"WebPage","@id":"https:\/\/abracadabraworld.com\/en\/termek\/from-stress-to-smile-childrens-grief\/","url":"https:\/\/abracadabraworld.com\/en\/termek\/from-stress-to-smile-childrens-grief\/","name":"From stress to smile + Children's grief - ABRACADABRAWORLD","isPartOf":{"@id":"https:\/\/abracadabraworld.com\/#website"},"primaryImageOfPage":{"@id":"https:\/\/abracadabraworld.com\/en\/termek\/from-stress-to-smile-childrens-grief\/#primaryimage"},"image":{"@id":"https:\/\/abracadabraworld.com\/en\/termek\/from-stress-to-smile-childrens-grief\/#primaryimage"},"thumbnailUrl":"https:\/\/abracadabraworld.com\/wp-content\/uploads\/2021\/04\/childrens-grief-ebook-01.png","datePublished":"2020-11-02T13:22:54+00:00","dateModified":"2021-05-07T10:46:20+00:00","description":"One handbook for alleviating child anxiety and another for working together on the loss. Lots of helpful practice, little theory. Abracadabra.","breadcrumb":{"@id":"https:\/\/abracadabraworld.com\/en\/termek\/from-stress-to-smile-childrens-grief\/#breadcrumb"},"inLanguage":"en-US","potentialAction":[{"@type":"ReadAction","target":["https:\/\/abracadabraworld.com\/en\/termek\/from-stress-to-smile-childrens-grief\/"]}]},{"@type":"ImageObject","inLanguage":"en-US","@id":"https:\/\/abracadabraworld.com\/en\/termek\/from-stress-to-smile-childrens-grief\/#primaryimage","url":"https:\/\/abracadabraworld.com\/wp-content\/uploads\/2021\/04\/childrens-grief-ebook-01.png","contentUrl":"https:\/\/abracadabraworld.com\/wp-content\/uploads\/2021\/04\/childrens-grief-ebook-01.png","width":843,"height":762},{"@type":"BreadcrumbList","@id":"https:\/\/abracadabraworld.com\/en\/termek\/from-stress-to-smile-childrens-grief\/#breadcrumb","itemListElement":[{"@type":"ListItem","position":1,"name":"Home","item":"https:\/\/abracadabraworld.com\/en\/"},{"@type":"ListItem","position":2,"name":"Shop","item":"https:\/\/abracadabraworld.com\/en\/shop\/"},{"@type":"ListItem","position":3,"name":"From stress to smile + Children&#8217;s grief"}]},{"@type":"WebSite","@id":"https:\/\/abracadabraworld.com\/#website","url":"https:\/\/abracadabraworld.com\/","name":"ABRACADABRAWORLD","description":"Gyors \u00e9s k\u00e9sz megold\u00e1sokat ny\u00fajtunk id\u0151hi\u00e1nyban szenved\u0151 any\u00e1knak. Online programok, let\u00f6lthet\u0151 digit\u00e1lis anyagok, mes\u00e9k \u00e9s j\u00e1t\u00e9kok mindfulness szellemis\u00e9gben.","potentialAction":[{"@type":"SearchAction","target":{"@type":"EntryPoint","urlTemplate":"https:\/\/abracadabraworld.com\/?s={search_term_string}"},"query-input":{"@type":"PropertyValueSpecification","valueRequired":true,"valueName":"search_term_string"}}],"inLanguage":"en-US"}]}},"_links":{"self":[{"href":"https:\/\/abracadabraworld.com\/en\/wp-json\/wp\/v2\/product\/2481","targetHints":{"allow":["GET"]}}],"collection":[{"href":"https:\/\/abracadabraworld.com\/en\/wp-json\/wp\/v2\/product"}],"about":[{"href":"https:\/\/abracadabraworld.com\/en\/wp-json\/wp\/v2\/types\/product"}],"wp:featuredmedia":[{"embeddable":true,"href":"https:\/\/abracadabraworld.com\/en\/wp-json\/wp\/v2\/media\/6216"}],"wp:attachment":[{"href":"https:\/\/abracadabraworld.com\/en\/wp-json\/wp\/v2\/media?parent=2481"}],"wp:term":[{"taxonomy":"product_brand","embeddable":true,"href":"https:\/\/abracadabraworld.com\/en\/wp-json\/wp\/v2\/product_brand?post=2481"},{"taxonomy":"product_cat","embeddable":true,"href":"https:\/\/abracadabraworld.com\/en\/wp-json\/wp\/v2\/product_cat?post=2481"},{"taxonomy":"product_tag","embeddable":true,"href":"https:\/\/abracadabraworld.com\/en\/wp-json\/wp\/v2\/product_tag?post=2481"}],"curies":[{"name":"wp","href":"https:\/\/api.w.org\/{rel}","templated":true}]}}