{"id":6040,"date":"2020-11-05T18:00:29","date_gmt":"2020-11-05T17:00:29","guid":{"rendered":"https:\/\/abracadabraworld.com\/termek\/gyermekek-gyasza\/"},"modified":"2021-05-07T12:41:28","modified_gmt":"2021-05-07T10:41:28","slug":"childrens-grief","status":"publish","type":"product","link":"https:\/\/abracadabraworld.com\/en\/product\/childrens-grief\/","title":{"rendered":"Children&#8217;s grief"},"content":{"rendered":"<p>Questions and answers to help process our child\u2019s losses. Helping exercises, tales, games, rhymes. Abracadabra.<\/p>\n","protected":false},"excerpt":{"rendered":"<p>Did your child lose someone? How could you help? Stress-relieving exercises, uplifting nursery rhymes, soul-healing stories and recipes, and EQ-enhancing emotion cards for when there are no words left but pointing to a bunny as a way of recognising your feelings is just enough.<\/p>\n","protected":false},"featured_media":6342,"template":"","meta":[],"product_brand":[],"product_cat":[35],"product_tag":[],"class_list":{"0":"post-6040","1":"product","2":"type-product","3":"status-publish","4":"has-post-thumbnail","6":"product_cat-programmes","7":"description-off","9":"first","10":"instock","11":"sale","12":"downloadable","13":"virtual","14":"sold-individually","15":"taxable","16":"purchasable","17":"product-type-simple"},"yoast_head":"<!-- This site is optimized with the Yoast SEO plugin v26.8 - https:\/\/yoast.com\/product\/yoast-seo-wordpress\/ -->\n<title>Children&#039;s grief - ABRACADABRAWORLD<\/title>\n<meta name=\"description\" content=\"Questions and answers to help process our child\u2019s losses. Helping exercises, tales, games, rhymes. Abracadabra.\" \/>\n<meta name=\"robots\" content=\"index, follow, max-snippet:-1, max-image-preview:large, max-video-preview:-1\" \/>\n<link rel=\"canonical\" href=\"https:\/\/abracadabraworld.com\/en\/termek\/childrens-grief\/\" \/>\n<meta property=\"og:locale\" content=\"en_US\" \/>\n<meta property=\"og:type\" content=\"article\" \/>\n<meta property=\"og:title\" content=\"Szorong\u00e1sb\u00f3l mosolyg\u00e1s\" \/>\n<meta property=\"og:description\" content=\"Egy k\u00e9zik\u00f6nyv, sok gyakorlattal, mes\u00e9vel, j\u00f3g\u00e1val \u00e9s medit\u00e1ci\u00f3val, hogy a gyermeki szorong\u00e1sb\u00f3l miel\u0151bb mosolyg\u00e1s legyen.\" \/>\n<meta property=\"og:url\" content=\"https:\/\/abracadabraworld.com\/en\/termek\/childrens-grief\/\" \/>\n<meta property=\"og:site_name\" content=\"ABRACADABRAWORLD\" \/>\n<meta property=\"article:publisher\" content=\"https:\/\/www.facebook.com\/abracadabraworld\/\" \/>\n<meta property=\"article:modified_time\" content=\"2021-05-07T10:41:28+00:00\" \/>\n<meta property=\"og:image\" content=\"https:\/\/abracadabraworld.com\/wp-content\/uploads\/2020\/11\/gyasz_konyv_egyedul-en.jpg\" \/>\n\t<meta property=\"og:image:width\" content=\"300\" \/>\n\t<meta property=\"og:image:height\" content=\"300\" \/>\n\t<meta property=\"og:image:type\" content=\"image\/jpeg\" \/>\n<meta name=\"twitter:card\" content=\"summary_large_image\" \/>\n<script type=\"application\/ld+json\" class=\"yoast-schema-graph\">{\"@context\":\"https:\/\/schema.org\",\"@graph\":[{\"@type\":\"WebPage\",\"@id\":\"https:\/\/abracadabraworld.com\/en\/termek\/childrens-grief\/\",\"url\":\"https:\/\/abracadabraworld.com\/en\/termek\/childrens-grief\/\",\"name\":\"Children's grief - ABRACADABRAWORLD\",\"isPartOf\":{\"@id\":\"https:\/\/abracadabraworld.com\/#website\"},\"primaryImageOfPage\":{\"@id\":\"https:\/\/abracadabraworld.com\/en\/termek\/childrens-grief\/#primaryimage\"},\"image\":{\"@id\":\"https:\/\/abracadabraworld.com\/en\/termek\/childrens-grief\/#primaryimage\"},\"thumbnailUrl\":\"https:\/\/abracadabraworld.com\/wp-content\/uploads\/2020\/11\/gyasz_konyv_egyedul-en.jpg\",\"datePublished\":\"2020-11-05T17:00:29+00:00\",\"dateModified\":\"2021-05-07T10:41:28+00:00\",\"description\":\"Questions and answers to help process our child\u2019s losses. Helping exercises, tales, games, rhymes. Abracadabra.\",\"breadcrumb\":{\"@id\":\"https:\/\/abracadabraworld.com\/en\/termek\/childrens-grief\/#breadcrumb\"},\"inLanguage\":\"en-US\",\"potentialAction\":[{\"@type\":\"ReadAction\",\"target\":[\"https:\/\/abracadabraworld.com\/en\/termek\/childrens-grief\/\"]}]},{\"@type\":\"ImageObject\",\"inLanguage\":\"en-US\",\"@id\":\"https:\/\/abracadabraworld.com\/en\/termek\/childrens-grief\/#primaryimage\",\"url\":\"https:\/\/abracadabraworld.com\/wp-content\/uploads\/2020\/11\/gyasz_konyv_egyedul-en.jpg\",\"contentUrl\":\"https:\/\/abracadabraworld.com\/wp-content\/uploads\/2020\/11\/gyasz_konyv_egyedul-en.jpg\",\"width\":300,\"height\":300},{\"@type\":\"BreadcrumbList\",\"@id\":\"https:\/\/abracadabraworld.com\/en\/termek\/childrens-grief\/#breadcrumb\",\"itemListElement\":[{\"@type\":\"ListItem\",\"position\":1,\"name\":\"Home\",\"item\":\"https:\/\/abracadabraworld.com\/en\/\"},{\"@type\":\"ListItem\",\"position\":2,\"name\":\"Shop\",\"item\":\"https:\/\/abracadabraworld.com\/en\/shop\/\"},{\"@type\":\"ListItem\",\"position\":3,\"name\":\"Children&#8217;s grief\"}]},{\"@type\":\"WebSite\",\"@id\":\"https:\/\/abracadabraworld.com\/#website\",\"url\":\"https:\/\/abracadabraworld.com\/\",\"name\":\"ABRACADABRAWORLD\",\"description\":\"Gyors \u00e9s k\u00e9sz megold\u00e1sokat ny\u00fajtunk id\u0151hi\u00e1nyban szenved\u0151 any\u00e1knak. Online programok, let\u00f6lthet\u0151 digit\u00e1lis anyagok, mes\u00e9k \u00e9s j\u00e1t\u00e9kok mindfulness szellemis\u00e9gben.\",\"potentialAction\":[{\"@type\":\"SearchAction\",\"target\":{\"@type\":\"EntryPoint\",\"urlTemplate\":\"https:\/\/abracadabraworld.com\/?s={search_term_string}\"},\"query-input\":{\"@type\":\"PropertyValueSpecification\",\"valueRequired\":true,\"valueName\":\"search_term_string\"}}],\"inLanguage\":\"en-US\"}]}<\/script>\n<!-- \/ Yoast SEO plugin. -->","yoast_head_json":{"title":"Children's grief - ABRACADABRAWORLD","description":"Questions and answers to help process our child\u2019s losses. Helping exercises, tales, games, rhymes. Abracadabra.","robots":{"index":"index","follow":"follow","max-snippet":"max-snippet:-1","max-image-preview":"max-image-preview:large","max-video-preview":"max-video-preview:-1"},"canonical":"https:\/\/abracadabraworld.com\/en\/termek\/childrens-grief\/","og_locale":"en_US","og_type":"article","og_title":"Szorong\u00e1sb\u00f3l mosolyg\u00e1s","og_description":"Egy k\u00e9zik\u00f6nyv, sok gyakorlattal, mes\u00e9vel, j\u00f3g\u00e1val \u00e9s medit\u00e1ci\u00f3val, hogy a gyermeki szorong\u00e1sb\u00f3l miel\u0151bb mosolyg\u00e1s legyen.","og_url":"https:\/\/abracadabraworld.com\/en\/termek\/childrens-grief\/","og_site_name":"ABRACADABRAWORLD","article_publisher":"https:\/\/www.facebook.com\/abracadabraworld\/","article_modified_time":"2021-05-07T10:41:28+00:00","og_image":[{"width":300,"height":300,"url":"https:\/\/abracadabraworld.com\/wp-content\/uploads\/2020\/11\/gyasz_konyv_egyedul-en.jpg","type":"image\/jpeg"}],"twitter_card":"summary_large_image","schema":{"@context":"https:\/\/schema.org","@graph":[{"@type":"WebPage","@id":"https:\/\/abracadabraworld.com\/en\/termek\/childrens-grief\/","url":"https:\/\/abracadabraworld.com\/en\/termek\/childrens-grief\/","name":"Children's grief - ABRACADABRAWORLD","isPartOf":{"@id":"https:\/\/abracadabraworld.com\/#website"},"primaryImageOfPage":{"@id":"https:\/\/abracadabraworld.com\/en\/termek\/childrens-grief\/#primaryimage"},"image":{"@id":"https:\/\/abracadabraworld.com\/en\/termek\/childrens-grief\/#primaryimage"},"thumbnailUrl":"https:\/\/abracadabraworld.com\/wp-content\/uploads\/2020\/11\/gyasz_konyv_egyedul-en.jpg","datePublished":"2020-11-05T17:00:29+00:00","dateModified":"2021-05-07T10:41:28+00:00","description":"Questions and answers to help process our child\u2019s losses. Helping exercises, tales, games, rhymes. Abracadabra.","breadcrumb":{"@id":"https:\/\/abracadabraworld.com\/en\/termek\/childrens-grief\/#breadcrumb"},"inLanguage":"en-US","potentialAction":[{"@type":"ReadAction","target":["https:\/\/abracadabraworld.com\/en\/termek\/childrens-grief\/"]}]},{"@type":"ImageObject","inLanguage":"en-US","@id":"https:\/\/abracadabraworld.com\/en\/termek\/childrens-grief\/#primaryimage","url":"https:\/\/abracadabraworld.com\/wp-content\/uploads\/2020\/11\/gyasz_konyv_egyedul-en.jpg","contentUrl":"https:\/\/abracadabraworld.com\/wp-content\/uploads\/2020\/11\/gyasz_konyv_egyedul-en.jpg","width":300,"height":300},{"@type":"BreadcrumbList","@id":"https:\/\/abracadabraworld.com\/en\/termek\/childrens-grief\/#breadcrumb","itemListElement":[{"@type":"ListItem","position":1,"name":"Home","item":"https:\/\/abracadabraworld.com\/en\/"},{"@type":"ListItem","position":2,"name":"Shop","item":"https:\/\/abracadabraworld.com\/en\/shop\/"},{"@type":"ListItem","position":3,"name":"Children&#8217;s grief"}]},{"@type":"WebSite","@id":"https:\/\/abracadabraworld.com\/#website","url":"https:\/\/abracadabraworld.com\/","name":"ABRACADABRAWORLD","description":"Gyors \u00e9s k\u00e9sz megold\u00e1sokat ny\u00fajtunk id\u0151hi\u00e1nyban szenved\u0151 any\u00e1knak. Online programok, let\u00f6lthet\u0151 digit\u00e1lis anyagok, mes\u00e9k \u00e9s j\u00e1t\u00e9kok mindfulness szellemis\u00e9gben.","potentialAction":[{"@type":"SearchAction","target":{"@type":"EntryPoint","urlTemplate":"https:\/\/abracadabraworld.com\/?s={search_term_string}"},"query-input":{"@type":"PropertyValueSpecification","valueRequired":true,"valueName":"search_term_string"}}],"inLanguage":"en-US"}]}},"_links":{"self":[{"href":"https:\/\/abracadabraworld.com\/en\/wp-json\/wp\/v2\/product\/6040","targetHints":{"allow":["GET"]}}],"collection":[{"href":"https:\/\/abracadabraworld.com\/en\/wp-json\/wp\/v2\/product"}],"about":[{"href":"https:\/\/abracadabraworld.com\/en\/wp-json\/wp\/v2\/types\/product"}],"wp:featuredmedia":[{"embeddable":true,"href":"https:\/\/abracadabraworld.com\/en\/wp-json\/wp\/v2\/media\/6342"}],"wp:attachment":[{"href":"https:\/\/abracadabraworld.com\/en\/wp-json\/wp\/v2\/media?parent=6040"}],"wp:term":[{"taxonomy":"product_brand","embeddable":true,"href":"https:\/\/abracadabraworld.com\/en\/wp-json\/wp\/v2\/product_brand?post=6040"},{"taxonomy":"product_cat","embeddable":true,"href":"https:\/\/abracadabraworld.com\/en\/wp-json\/wp\/v2\/product_cat?post=6040"},{"taxonomy":"product_tag","embeddable":true,"href":"https:\/\/abracadabraworld.com\/en\/wp-json\/wp\/v2\/product_tag?post=6040"}],"curies":[{"name":"wp","href":"https:\/\/api.w.org\/{rel}","templated":true}]}}